{"id":767465,"date":"2025-08-28T12:48:14","date_gmt":"2025-08-28T09:48:14","guid":{"rendered":"https:\/\/roveyayinevi.com.tr\/index.php\/urun\/namaste\/"},"modified":"2026-04-13T03:29:30","modified_gmt":"2026-04-13T00:29:30","slug":"namaste","status":"publish","type":"product","link":"https:\/\/roveyayinevi.com.tr\/index.php\/urun\/namaste\/","title":{"rendered":"Namaste"},"content":{"rendered":"<p>Mutlulu\u011fa, Kendini Ger\u00e7ekle\u015ftirmeye ve Ba\u015far\u0131ya Giden Yol   Japonlar\u0131n uzun ve mutlu ya\u015fam s\u0131rlar\u0131 \u00fczerine yazd\u0131klar\u0131 uluslararas\u0131 \u00e7oksatan Ikigai\u2019nin ard\u0131ndan H\u00e9ctor Garc\u00eda ve Francesc Miralles bu sefer manevi geli\u015fim yolunda \u00f6nemli bir u\u011frak noktas\u0131 ve binlerce y\u0131ll\u0131k k\u00f6kl\u00fc k\u00fclt\u00fcr\u00fcyle Do\u011fu maneviyat\u0131n\u0131n be\u015fi\u011fi olan Hindistan\u2019a rotas\u0131n\u0131 \u00e7eviriyor. Yazarlar bu kapsaml\u0131 \u00e7al\u0131\u015fmalar\u0131nda nefes pratikleri, mantralar, meditasyonlar, Ayurveda, Tantra gibi bedensel, zihinsel ve ruhani geli\u015fim i\u00e7in paha bi\u00e7ilmez miras\u0131yla bu topraklarda ye\u015feren k\u00fclt\u00fcr\u00fcn d\u00fcnyaya arma\u011fan etti\u011fi \u00f6nemli bilgileri okurlar\u0131na aktar\u0131yor.    Sanskrit\u00e7ede bir selamlama kelimesi olan namaste, i\u00e7imizdeki kutsall\u0131\u011f\u0131 selamlamam\u0131z i\u00e7in bizleri Hindistan\u2019a g\u00f6t\u00fcr\u00fcyor. Stres, endi\u015fe ve korkuyu hafifletmeye yard\u0131mc\u0131 olan en iyi teknikleri ve tam yarat\u0131c\u0131 potansiyelimizi nas\u0131l harekete ge\u00e7irece\u011fimizi \u00f6\u011frenece\u011fimiz bu \u00e7al\u0131\u015fma, mutluluk ve kendini ger\u00e7ekle\u015ftirme yolunda e\u015fsiz bir rehber niteli\u011finde. <\/p>\n","protected":false},"excerpt":{"rendered":"<p>Mutlulu\u011fa, Kendini Ger\u00e7ekle\u015ftirmeye ve Ba\u015far\u0131ya Giden Yol Japonlar\u0131n uzun ve mutlu ya\u015fam s\u0131rlar\u0131 \u00fczerine yazd\u0131klar\u0131 uluslararas\u0131 \u00e7oksatan Ikigai\u2019nin ard\u0131ndan H\u00e9ctor Garc\u00eda ve Francesc Miralles bu sefer<span class=\"excerpt-hellip\"> [\u2026]<\/span><\/p>\n","protected":false},"featured_media":0,"template":"","meta":{"_monsterinsights_skip_tracking":false,"_monsterinsights_sitenote_active":false,"_monsterinsights_sitenote_note":"","_monsterinsights_sitenote_category":0},"product_brand":[],"product_cat":[12364,12376],"product_tag":[],"class_list":{"0":"post-767465","1":"product","2":"type-product","3":"status-publish","5":"product_cat-genel-konular","6":"product_cat-kisisel-gelisim","7":"pa_cilt-ciltsiz","8":"pa_tur-kitap","9":"pa_yayinevi-nepal-kitap","10":"pa_yazar-hector-garcia-francesc-miralles","12":"first","13":"instock","14":"sale","15":"shipping-taxable","16":"purchasable","17":"product-type-simple"},"_links":{"self":[{"href":"https:\/\/roveyayinevi.com.tr\/index.php\/wp-json\/wp\/v2\/product\/767465","targetHints":{"allow":["GET"]}}],"collection":[{"href":"https:\/\/roveyayinevi.com.tr\/index.php\/wp-json\/wp\/v2\/product"}],"about":[{"href":"https:\/\/roveyayinevi.com.tr\/index.php\/wp-json\/wp\/v2\/types\/product"}],"wp:attachment":[{"href":"https:\/\/roveyayinevi.com.tr\/index.php\/wp-json\/wp\/v2\/media?parent=767465"}],"wp:term":[{"taxonomy":"product_brand","embeddable":true,"href":"https:\/\/roveyayinevi.com.tr\/index.php\/wp-json\/wp\/v2\/product_brand?post=767465"},{"taxonomy":"product_cat","embeddable":true,"href":"https:\/\/roveyayinevi.com.tr\/index.php\/wp-json\/wp\/v2\/product_cat?post=767465"},{"taxonomy":"product_tag","embeddable":true,"href":"https:\/\/roveyayinevi.com.tr\/index.php\/wp-json\/wp\/v2\/product_tag?post=767465"}],"curies":[{"name":"wp","href":"https:\/\/api.w.org\/{rel}","templated":true}]}}