{"id":767464,"date":"2025-08-28T12:48:12","date_gmt":"2025-08-28T09:48:12","guid":{"rendered":"https:\/\/roveyayinevi.com.tr\/index.php\/urun\/elon-musk-2\/"},"modified":"2026-04-15T03:33:23","modified_gmt":"2026-04-15T00:33:23","slug":"elon-musk-2","status":"publish","type":"product","link":"https:\/\/roveyayinevi.com.tr\/index.php\/urun\/elon-musk-2\/","title":{"rendered":"Elon Musk"},"content":{"rendered":"<p>\u201cAmerika\u2019n\u0131n en \u00f6nemli biyografi yazarlar\u0131ndan biri, d\u00fcnyan\u0131n en zengin adam\u0131 hakk\u0131nda muazzam bir kitap kaleme ald\u0131. Y\u00fczden fazla r\u00f6portaja dayanan bu y\u00fcksek tempolu biyografi&#8230; h\u0131rslar\u0131 insan ya\u015fam\u0131n\u0131n gelece\u011fini etkin bir \u015fekilde bi\u00e7imlendiren kibirli, zeki, bazen de ac\u0131mas\u0131z bir fig\u00fcr hakk\u0131nda ba\u015f d\u00f6nd\u00fcr\u00fcc\u00fc bir hik\u00e2ye.\u201d  \u2014Ron Charles, CBS Sunday Morning   Steve Jobs\u2019\u0131n yazar\u0131ndan The New York Times\u2019\u0131n bir numaral\u0131 \u00e7oksatan\u0131: \u00e7a\u011f\u0131m\u0131z\u0131n en b\u00fcy\u00fcleyici ve tart\u0131\u015fmal\u0131 yenilik\u00e7isinin \u015fa\u015f\u0131rt\u0131c\u0131 derecede samimi hik\u00e2yesi. O; d\u00fcnyay\u0131 elektrikli ara\u00e7lar, \u00f6zel uzay ara\u015ft\u0131rmalar\u0131 ve yapay zek\u00e2 \u00e7a\u011f\u0131na ta\u015f\u0131maya yard\u0131mc\u0131 olan kural tan\u0131maz bir vizyoner.    Elon Musk, G\u00fcney Afrika\u2019 da \u00e7ocukken zorbalar taraf\u0131ndan s\u00fcrekli \u015fiddet g\u00f6rmekteydi. Bir g\u00fcn, bir grup onu beton basamaklardan a\u015fa\u011f\u0131 itti ve y\u00fcz\u00fcn\u00fc tan\u0131nmaz hale gelene kadar tekmeledi. Elon bir hafta hastanede kald\u0131. Ancak bu fiziksel yaralar m\u00fchendis, serseri ve karizmatik bir hayalperest olan babas\u0131n\u0131n a\u00e7t\u0131\u011f\u0131 duygusal yaralarla k\u0131yasland\u0131\u011f\u0131nda \u00f6nemsizdi.   Babas\u0131n\u0131n etkisi ruh d\u00fcnyas\u0131 \u00fczerinde uzun s\u00fcre devam edecekti. Ani Dr. Jekyll ve Bay Hyde tipi ruh hali de\u011fi\u015fimlerine yatk\u0131n; riske kar\u015f\u0131 a\u015f\u0131r\u0131 y\u00fcksek tolerans\u0131, dramatik durum arzusu, destans\u0131 bir g\u00f6rev anlay\u0131\u015f\u0131 ve duygusuz, zaman zaman y\u0131k\u0131c\u0131 olabilen \u00e7\u0131lg\u0131nca bir gerilime sahip, sert ama savunmas\u0131z bir erkek \u00e7ocu\u011fa d\u00f6n\u00fc\u015ft\u00fc.   2022\u2019nin ba\u015f\u0131nda \u2013SpaceX\u2019in ba\u015far\u0131yla otuz bir roket f\u0131rlatt\u0131\u011f\u0131, Tesla\u2019n\u0131n bir milyona yak\u0131n otomobil satt\u0131\u011f\u0131 ve kendisinin d\u00fcnyan\u0131n en zengin adam\u0131 oldu\u011fu bir y\u0131l\u0131n ard\u0131ndan\u2013 Musk dramatik durumlar\u0131 t\u0131rmand\u0131rma d\u00fcrt\u00fcs\u00fc hakk\u0131nda pi\u015fmanl\u0131k i\u00e7inde konu\u015ftu. \u201cRuhsal a\u00e7\u0131dan kriz durumundan \u00e7\u0131kmam gerekiyor,\u201d dedi. \u201cYakla\u015f\u0131k on d\u00f6rt y\u0131ld\u0131r, asl\u0131nda belki de hayat\u0131m\u0131n b\u00fcy\u00fck bir b\u00f6l\u00fcm\u00fcnde bu ruh halindeydim.\u201d   Bu bir yeni y\u0131l karar\u0131 de\u011fil, h\u00fcz\u00fcnl\u00fc bir yorumdu. Bu s\u00f6z\u00fc sarf ederken bile d\u00fcnyan\u0131n en b\u00fcy\u00fck oyun alan\u0131 olarak g\u00f6rd\u00fc\u011f\u00fc Twitter\u2019\u0131n (g\u00fcn\u00fcm\u00fczdeki ad\u0131yla X) hisselerini gizlice sat\u0131n al\u0131yordu. Y\u0131llar boyunca ne zaman zor bir durumda oldu\u011funu hissetse bu onu oyun alan\u0131nda zorbal\u0131\u011fa u\u011frad\u0131\u011f\u0131 g\u00fcnlere g\u00f6t\u00fcrm\u00fc\u015ft\u00fc. Art\u0131k o oyun alan\u0131na sahip olma \u015fans\u0131 vard\u0131.   Isaacson iki y\u0131l boyunca Musk\u2019\u0131 g\u00f6lge gibi takip etti; toplant\u0131lar\u0131na kat\u0131ld\u0131, fabrikalar\u0131nda onunla birlikte y\u00fcr\u00fcd\u00fc. Onunla, ailesiyle, arkada\u015flar\u0131yla, i\u015f arkada\u015flar\u0131yla ve rakipleriyle saatler s\u00fcren r\u00f6portajlar yapt\u0131. Sonu\u00e7, zaferlerin ve \u00e7alkant\u0131lar\u0131n \u015fa\u015f\u0131rt\u0131c\u0131 hik\u00e2yeleriyle dolu, \u015fu soruyu ele alan a\u00e7\u0131klay\u0131c\u0131 bir arka plan anlat\u0131s\u0131 oldu: Musk\u2019\u0131 harekete ge\u00e7iren \u015feytanlar ayn\u0131 zamanda inovasyonu ve ilerlemeyi de harekete ge\u00e7irmek i\u00e7in gerekenler midir?     \u201cBay Musk hakk\u0131nda ne d\u00fc\u015f\u00fcn\u00fcrseniz d\u00fc\u015f\u00fcn\u00fcn, o anlamaya de\u011fer bir adam; bu da bu kitab\u0131 okunmaya de\u011fer k\u0131l\u0131yor.\u201d  \u2014The Economist   \u201cWalter Isaacson, Elon Musk\u2019la hem kahraman\u0131n\u0131n bug\u00fcne kadarki tempolu ya\u015fam\u0131n\u0131n s\u00fcr\u00fckleyici bir tarih\u00e7esini hem de baz\u0131 ilgi \u00e7ekici yan\u0131tlar sunuyor&#8230;\u201d  \u2014Wall Street Journal   \u201cDeneyimli bir biyografi yazar\u0131n\u0131n kapsaml\u0131 \u00e7al\u0131\u015fmas\u0131.\u201d \u2014The Observer   \u201cWalter Isaacson\u2019\u0131n t\u00fcm detaylara yer verdi\u011fi biyografisi&#8230; Teknolojinin ba\u015f\u0131na buyruk adam\u0131n\u0131n portresi b\u00fcy\u00fcleyici.\u201d  \u2014The Telegraph <\/p>\n","protected":false},"excerpt":{"rendered":"<p>\u201cAmerika\u2019n\u0131n en \u00f6nemli biyografi yazarlar\u0131ndan biri, d\u00fcnyan\u0131n en zengin adam\u0131 hakk\u0131nda muazzam bir kitap kaleme ald\u0131. Y\u00fczden fazla r\u00f6portaja dayanan bu y\u00fcksek tempolu biyografi&#8230; h\u0131rslar\u0131 insan<span class=\"excerpt-hellip\"> [\u2026]<\/span><\/p>\n","protected":false},"featured_media":0,"template":"","meta":{"_monsterinsights_skip_tracking":false,"_monsterinsights_sitenote_active":false,"_monsterinsights_sitenote_note":"","_monsterinsights_sitenote_category":0},"product_brand":[],"product_cat":[14009,12291],"product_tag":[],"class_list":{"0":"post-767464","1":"product","2":"type-product","3":"status-publish","5":"product_cat-biyografi-otobiyografi-edebiyat","6":"product_cat-edebiyat","7":"pa_cilt-ciltsiz","8":"pa_tur-kitap","9":"pa_yayinevi-nepal-kitap","10":"pa_yazar-walter-isaacson","12":"first","13":"instock","14":"sale","15":"shipping-taxable","16":"purchasable","17":"product-type-simple"},"_links":{"self":[{"href":"https:\/\/roveyayinevi.com.tr\/index.php\/wp-json\/wp\/v2\/product\/767464","targetHints":{"allow":["GET"]}}],"collection":[{"href":"https:\/\/roveyayinevi.com.tr\/index.php\/wp-json\/wp\/v2\/product"}],"about":[{"href":"https:\/\/roveyayinevi.com.tr\/index.php\/wp-json\/wp\/v2\/types\/product"}],"wp:attachment":[{"href":"https:\/\/roveyayinevi.com.tr\/index.php\/wp-json\/wp\/v2\/media?parent=767464"}],"wp:term":[{"taxonomy":"product_brand","embeddable":true,"href":"https:\/\/roveyayinevi.com.tr\/index.php\/wp-json\/wp\/v2\/product_brand?post=767464"},{"taxonomy":"product_cat","embeddable":true,"href":"https:\/\/roveyayinevi.com.tr\/index.php\/wp-json\/wp\/v2\/product_cat?post=767464"},{"taxonomy":"product_tag","embeddable":true,"href":"https:\/\/roveyayinevi.com.tr\/index.php\/wp-json\/wp\/v2\/product_tag?post=767464"}],"curies":[{"name":"wp","href":"https:\/\/api.w.org\/{rel}","templated":true}]}}