{"id":767463,"date":"2025-08-28T12:48:11","date_gmt":"2025-08-28T09:48:11","guid":{"rendered":"https:\/\/roveyayinevi.com.tr\/index.php\/urun\/inek-ates-kahraman\/"},"modified":"2026-04-15T03:33:23","modified_gmt":"2026-04-15T00:33:23","slug":"inek-ates-kahraman","status":"publish","type":"product","link":"https:\/\/roveyayinevi.com.tr\/index.php\/urun\/inek-ates-kahraman\/","title":{"rendered":"\u0130nek, Ate\u015f, Kahraman"},"content":{"rendered":"<p>\u201cEy Ate\u015f, sen Ahura Mazda\u2019n\u0131n \u0131\u015f\u0131\u011f\u0131 ve t\u00fcm varl\u0131klar\u0131n birli\u011fisin. Sen, do\u011fal ve tinsel olan her \u015feyi bir araya getirirsin.\u201d   Kutsala dair alg\u0131m\u0131z daima belirli bir y\u00f6neli\u015fin alt\u0131nda \u015fekillenir. Hacimli Hint metinlerinin daha tek bir sayfas\u0131n\u0131 okumadan Hindular\u0131n ine\u011fe tapt\u0131\u011f\u0131na, M\u0131s\u0131r kutsal metinlerine dokunmadan Musa\u2019n\u0131n firavununa dair \u00f6nyarg\u0131lar\u0131m\u0131z bulunur.   Kadim \u0130ran\u2019\u0131n ate\u015fe veya Hintlilerin ine\u011fe tapt\u0131\u011f\u0131 d\u00fc\u015f\u00fcncesi bizim i\u00e7in bir haberdir. Ate\u015fe ve ine\u011fe y\u00fckledikleri i\u00e7erikten habersiz olarak bir foto\u011fraftan yola \u00e7\u0131karak yarg\u0131da bulunuruz. Oysa bu kabul M\u00fcsl\u00fcmanlar\u0131n K\u00e2be\u2019ye tapmas\u0131 veya H\u0131ristiyanlar\u0131n ah\u015fap kuklalara iman etmesi kadar tutars\u0131z ve yanl\u0131\u015f d\u00fc\u015f\u00fcncelerdir. M\u00fcsl\u00fcman, K\u00e2be\u2019yi tavaf ederken \u00f6rt\u00fcl\u00fc bir duvara de\u011fil, y\u00fcce olan Allah\u2019a tapar. \u0130sa\u2019n\u0131n ikonu, samimi bir H\u0131ristiyan i\u00e7in iyi bir insan\u0131n dostlar\u0131n\u0131 kendi can\u0131ndan ziyade sevebilece\u011finin, onlar\u0131n salah\u0131 u\u011fruna \u00f6mr\u00fcn\u00fc verebilece\u011finin temsilidir.   Yazar ve felsefeci \u0130zzet Er\u015f, h ermen\u00f6tik alan\u0131ndaki bu yeni \u00e7al\u0131\u015fmas\u0131nda \u00fc\u00e7 farkl\u0131 mitin merkezi sembolleri \u00fczerinden felsefi, teolojik, ezoterik ve tarihsel bir \u00e7\u00f6z\u00fcmleme yap\u0131yor. Da\u011f\u0131n eteklerinde halen yanmakta olan ate\u015fin etraf\u0131nda ba\u011fda\u015f kurup, gizil olan\u0131n pe\u00e7esini indirmeye davet ediyor. <\/p>\n","protected":false},"excerpt":{"rendered":"<p>\u201cEy Ate\u015f, sen Ahura Mazda\u2019n\u0131n \u0131\u015f\u0131\u011f\u0131 ve t\u00fcm varl\u0131klar\u0131n birli\u011fisin. Sen, do\u011fal ve tinsel olan her \u015feyi bir araya getirirsin.\u201d Kutsala dair alg\u0131m\u0131z daima belirli bir<span class=\"excerpt-hellip\"> [\u2026]<\/span><\/p>\n","protected":false},"featured_media":0,"template":"","meta":{"_monsterinsights_skip_tracking":false,"_monsterinsights_sitenote_active":false,"_monsterinsights_sitenote_note":"","_monsterinsights_sitenote_category":0},"product_brand":[],"product_cat":[12388],"product_tag":[],"class_list":{"0":"post-767463","1":"product","2":"type-product","3":"status-publish","5":"product_cat-felsefe","6":"pa_cilt-ciltsiz","7":"pa_tur-kitap","8":"pa_yayinevi-destek-yayinlari","9":"pa_yazar-izzet-ers","11":"first","12":"instock","13":"sale","14":"shipping-taxable","15":"purchasable","16":"product-type-simple"},"_links":{"self":[{"href":"https:\/\/roveyayinevi.com.tr\/index.php\/wp-json\/wp\/v2\/product\/767463","targetHints":{"allow":["GET"]}}],"collection":[{"href":"https:\/\/roveyayinevi.com.tr\/index.php\/wp-json\/wp\/v2\/product"}],"about":[{"href":"https:\/\/roveyayinevi.com.tr\/index.php\/wp-json\/wp\/v2\/types\/product"}],"wp:attachment":[{"href":"https:\/\/roveyayinevi.com.tr\/index.php\/wp-json\/wp\/v2\/media?parent=767463"}],"wp:term":[{"taxonomy":"product_brand","embeddable":true,"href":"https:\/\/roveyayinevi.com.tr\/index.php\/wp-json\/wp\/v2\/product_brand?post=767463"},{"taxonomy":"product_cat","embeddable":true,"href":"https:\/\/roveyayinevi.com.tr\/index.php\/wp-json\/wp\/v2\/product_cat?post=767463"},{"taxonomy":"product_tag","embeddable":true,"href":"https:\/\/roveyayinevi.com.tr\/index.php\/wp-json\/wp\/v2\/product_tag?post=767463"}],"curies":[{"name":"wp","href":"https:\/\/api.w.org\/{rel}","templated":true}]}}