{"id":767461,"date":"2025-08-28T12:48:06","date_gmt":"2025-08-28T09:48:06","guid":{"rendered":"https:\/\/roveyayinevi.com.tr\/index.php\/urun\/bem-3\/"},"modified":"2026-04-15T03:33:23","modified_gmt":"2026-04-15T00:33:23","slug":"bem-3","status":"publish","type":"product","link":"https:\/\/roveyayinevi.com.tr\/index.php\/urun\/bem-3\/","title":{"rendered":"Bem 3"},"content":{"rendered":"<p>BEM VE ARKADA\u015eLARI ZAMAN ZAMAN \u0130NSANLAR TAR AFINDAN K ANDIRILIP \u0130HANETE U\u011eRASALAR DA \u0130NSAN OL AB\u0130LME HAYAL\u0130YLE \u015eEHR\u0130 KURTARMA \u00c7ABASINDAN H\u0130\u00c7 VA ZGE\u00c7MEZLER.   FAKAT ONLARIN BU \u00c7ABASI, \u015eEHR\u0130 G\u00d6LGE LERE KAR\u015eI KONTROL EDEN B\u0130R \u00d6RG\u00dcT OLAN \u201cG\u00d6R\u00dcNMEZ KONSEY\u201d TARAFINDAN FARK ED\u0130L\u0130R. B\u00d6YLECE BEM VE ARKADA\u015eLARI, KONSEY\u0130N HEDEF\u0130 HAL\u0130NE GEL\u0130RLER&#8230; <\/p>\n","protected":false},"excerpt":{"rendered":"<p>BEM VE ARKADA\u015eLARI ZAMAN ZAMAN \u0130NSANLAR TAR AFINDAN K ANDIRILIP \u0130HANETE U\u011eRASALAR DA \u0130NSAN OL AB\u0130LME HAYAL\u0130YLE \u015eEHR\u0130 KURTARMA \u00c7ABASINDAN H\u0130\u00c7 VA ZGE\u00c7MEZLER. FAKAT ONLARIN BU<span class=\"excerpt-hellip\"> [\u2026]<\/span><\/p>\n","protected":false},"featured_media":0,"template":"","meta":{"_monsterinsights_skip_tracking":false,"_monsterinsights_sitenote_active":false,"_monsterinsights_sitenote_note":"","_monsterinsights_sitenote_category":0},"product_brand":[],"product_cat":[12416,12291],"product_tag":[],"class_list":{"0":"post-767461","1":"product","2":"type-product","3":"status-publish","5":"product_cat-cizgi-roman","6":"product_cat-edebiyat","7":"pa_cilt-ciltsiz","8":"pa_tur-kitap","9":"pa_yayinevi-athica-yayinlari","10":"pa_yazar-adk-emotions","12":"first","13":"instock","14":"sale","15":"shipping-taxable","16":"purchasable","17":"product-type-simple"},"_links":{"self":[{"href":"https:\/\/roveyayinevi.com.tr\/index.php\/wp-json\/wp\/v2\/product\/767461","targetHints":{"allow":["GET"]}}],"collection":[{"href":"https:\/\/roveyayinevi.com.tr\/index.php\/wp-json\/wp\/v2\/product"}],"about":[{"href":"https:\/\/roveyayinevi.com.tr\/index.php\/wp-json\/wp\/v2\/types\/product"}],"wp:attachment":[{"href":"https:\/\/roveyayinevi.com.tr\/index.php\/wp-json\/wp\/v2\/media?parent=767461"}],"wp:term":[{"taxonomy":"product_brand","embeddable":true,"href":"https:\/\/roveyayinevi.com.tr\/index.php\/wp-json\/wp\/v2\/product_brand?post=767461"},{"taxonomy":"product_cat","embeddable":true,"href":"https:\/\/roveyayinevi.com.tr\/index.php\/wp-json\/wp\/v2\/product_cat?post=767461"},{"taxonomy":"product_tag","embeddable":true,"href":"https:\/\/roveyayinevi.com.tr\/index.php\/wp-json\/wp\/v2\/product_tag?post=767461"}],"curies":[{"name":"wp","href":"https:\/\/api.w.org\/{rel}","templated":true}]}}