{"id":767459,"date":"2025-08-28T12:48:03","date_gmt":"2025-08-28T09:48:03","guid":{"rendered":"https:\/\/roveyayinevi.com.tr\/index.php\/urun\/suc-edebiyati-terimleri-sozlugu\/"},"modified":"2026-04-15T03:33:23","modified_gmt":"2026-04-15T00:33:23","slug":"suc-edebiyati-terimleri-sozlugu","status":"publish","type":"product","link":"https:\/\/roveyayinevi.com.tr\/index.php\/urun\/suc-edebiyati-terimleri-sozlugu\/","title":{"rendered":"Su\u00e7 Edebiyat\u0131 Terimleri S\u00f6zl\u00fc\u011f\u00fc"},"content":{"rendered":"<p>Scotland Yard\u2019\u0131n asl\u0131nda bir birimin de\u011fil; B\u00fcy\u00fck Londra\u2019daki b\u00fct\u00fcn polislik faaliyetlerinden sorumlu olan Metropolitan Police Service te\u015fkilat\u0131n\u0131n kararg\u00e2h\u0131n\u0131n ismi oldu\u011funu hi\u00e7 duymu\u015f muydunuz?   Pop\u00fcler kurgu eserlerinde kar\u015f\u0131la\u015ft\u0131\u011f\u0131m\u0131z\u0131n aksine, Interpol memurlar\u0131n\u0131n su\u00e7 soru\u015fturmalar\u0131nda aktif bir g\u00f6rev alamayaca\u011f\u0131n\u0131 biliyor muydunuz?   Peki hangi \u00fclkede bir savc\u0131n\u0131n \u00f6ld\u00fcr\u00fclmesinin ard\u0131ndan istihbarat birimi kapat\u0131lm\u0131\u015f ve yeni bir istihbarat birimi kurulmu\u015ftur?   Bu ve bunlara benzer pek \u00e7ok bilginin yan\u0131 s\u0131ra beyaz yaka su\u00e7lar\u0131, bili\u015fim su\u00e7lar\u0131, kilitli oda polisiyeleri ve mali su\u00e7lar gibi su\u00e7 edebiyat\u0131n\u0131n alt t\u00fcrlerine derinlemesine bir yolculu\u011fa haz\u0131r m\u0131s\u0131n\u0131z? Su\u00e7 Edebiyat\u0131 Terimleri S\u00f6zl\u00fc\u011f\u00fc; en \u00e7ok kullan\u0131lan zehir t\u00fcrlerinden 550\u2019yi a\u015fk\u0131n kitaptan olu\u015fan dev bir okuma listesine kadar hem yazarlara hem de merakl\u0131 okurlara rehberlik edecek. Bu s\u00f6zl\u00fck, su\u00e7 edebiyat\u0131n\u0131 yeniden ke\u015ffetmek isteyen herkesin ba\u015fucu kitab\u0131 olmaya aday! <\/p>\n","protected":false},"excerpt":{"rendered":"<p>Scotland Yard\u2019\u0131n asl\u0131nda bir birimin de\u011fil; B\u00fcy\u00fck Londra\u2019daki b\u00fct\u00fcn polislik faaliyetlerinden sorumlu olan Metropolitan Police Service te\u015fkilat\u0131n\u0131n kararg\u00e2h\u0131n\u0131n ismi oldu\u011funu hi\u00e7 duymu\u015f muydunuz? Pop\u00fcler kurgu eserlerinde<span class=\"excerpt-hellip\"> [\u2026]<\/span><\/p>\n","protected":false},"featured_media":0,"template":"","meta":{"_monsterinsights_skip_tracking":false,"_monsterinsights_sitenote_active":false,"_monsterinsights_sitenote_note":"","_monsterinsights_sitenote_category":0},"product_brand":[],"product_cat":[13072,12291],"product_tag":[],"class_list":{"0":"post-767459","1":"product","2":"type-product","3":"status-publish","5":"product_cat-arastirma-inceleme-referans","6":"product_cat-edebiyat","7":"pa_cilt-ciltsiz","8":"pa_tur-kitap","9":"pa_yayinevi-kara-karga-yayinlari","10":"pa_yazar-alper-kaya","12":"first","13":"instock","14":"sale","15":"shipping-taxable","16":"purchasable","17":"product-type-simple"},"_links":{"self":[{"href":"https:\/\/roveyayinevi.com.tr\/index.php\/wp-json\/wp\/v2\/product\/767459","targetHints":{"allow":["GET"]}}],"collection":[{"href":"https:\/\/roveyayinevi.com.tr\/index.php\/wp-json\/wp\/v2\/product"}],"about":[{"href":"https:\/\/roveyayinevi.com.tr\/index.php\/wp-json\/wp\/v2\/types\/product"}],"wp:attachment":[{"href":"https:\/\/roveyayinevi.com.tr\/index.php\/wp-json\/wp\/v2\/media?parent=767459"}],"wp:term":[{"taxonomy":"product_brand","embeddable":true,"href":"https:\/\/roveyayinevi.com.tr\/index.php\/wp-json\/wp\/v2\/product_brand?post=767459"},{"taxonomy":"product_cat","embeddable":true,"href":"https:\/\/roveyayinevi.com.tr\/index.php\/wp-json\/wp\/v2\/product_cat?post=767459"},{"taxonomy":"product_tag","embeddable":true,"href":"https:\/\/roveyayinevi.com.tr\/index.php\/wp-json\/wp\/v2\/product_tag?post=767459"}],"curies":[{"name":"wp","href":"https:\/\/api.w.org\/{rel}","templated":true}]}}