{"id":767457,"date":"2025-08-28T12:47:59","date_gmt":"2025-08-28T09:47:59","guid":{"rendered":"https:\/\/roveyayinevi.com.tr\/index.php\/urun\/dis-ticaret-tesviklerinin-tms-tfrs-cercevesinde-muhasebelestirilmesi-ve-vergisel-boyutta-bir-inceleme-2024-yili-verileriyle\/"},"modified":"2026-04-15T03:33:23","modified_gmt":"2026-04-15T00:33:23","slug":"dis-ticaret-tesviklerinin-tms-tfrs-cercevesinde-muhasebelestirilmesi-ve-vergisel-boyutta-bir-inceleme-2024-yili-verileriyle","status":"publish","type":"product","link":"https:\/\/roveyayinevi.com.tr\/index.php\/urun\/dis-ticaret-tesviklerinin-tms-tfrs-cercevesinde-muhasebelestirilmesi-ve-vergisel-boyutta-bir-inceleme-2024-yili-verileriyle\/","title":{"rendered":"D\u0131\u015f Ticaret Te\u015fviklerinin Tms\/Tfrs \u00c7er\u00e7evesinde Muhasebele\u015ftirilmesi ve Vergisel Boyutta Bir \u0130nceleme (2024 Y\u0131l\u0131 Verileriyle)"},"content":{"rendered":"<p>\u0130\u00e7indekiler :     B\u0130R\u0130NC\u0130 B\u00d6L\u00dcM DI\u015e T\u0130CARET \u0130\u015eLEMLER\u0130 \u0130LE \u0130LG\u0130L\u0130 KAVRAMSAL \u00c7ER\u00c7EVE   \u0130K\u0130NC\u0130 B\u00d6L\u00dcM DI\u015e T\u0130CARET \u0130\u015eLEMLER\u0130NDE TE\u015eV\u0130KLER VE MUHASEBE MEVZUAT S\u0130STEM\u0130NE G\u00d6RE G\u00dcNCELLENMES   \u00dc\u00c7\u00dcNC\u00dc B\u00d6L\u00dcM TFRS KAPSAMINDA \u0130HRACAT TE\u015eV\u0130K VE YARDIMLARIN MUHASEBELE\u015eT\u0130R\u0130LMES\u0130 UYGULAMALARI <\/p>\n","protected":false},"excerpt":{"rendered":"<p>\u0130\u00e7indekiler : B\u0130R\u0130NC\u0130 B\u00d6L\u00dcM DI\u015e T\u0130CARET \u0130\u015eLEMLER\u0130 \u0130LE \u0130LG\u0130L\u0130 KAVRAMSAL \u00c7ER\u00c7EVE \u0130K\u0130NC\u0130 B\u00d6L\u00dcM DI\u015e T\u0130CARET \u0130\u015eLEMLER\u0130NDE TE\u015eV\u0130KLER VE MUHASEBE MEVZUAT S\u0130STEM\u0130NE G\u00d6RE G\u00dcNCELLENMES \u00dc\u00c7\u00dcNC\u00dc B\u00d6L\u00dcM TFRS<span class=\"excerpt-hellip\"> [\u2026]<\/span><\/p>\n","protected":false},"featured_media":0,"template":"","meta":{"_monsterinsights_skip_tracking":false,"_monsterinsights_sitenote_active":false,"_monsterinsights_sitenote_note":"","_monsterinsights_sitenote_category":0},"product_brand":[],"product_cat":[13043],"product_tag":[],"class_list":{"0":"post-767457","1":"product","2":"type-product","3":"status-publish","5":"product_cat-ekonomi","6":"pa_cilt-ciltsiz","7":"pa_tur-kitap","8":"pa_yayinevi-gazi-kitabevi","9":"pa_yazar-mehmet-gol-sahin-dastan","11":"first","12":"instock","13":"sale","14":"shipping-taxable","15":"purchasable","16":"product-type-simple"},"_links":{"self":[{"href":"https:\/\/roveyayinevi.com.tr\/index.php\/wp-json\/wp\/v2\/product\/767457","targetHints":{"allow":["GET"]}}],"collection":[{"href":"https:\/\/roveyayinevi.com.tr\/index.php\/wp-json\/wp\/v2\/product"}],"about":[{"href":"https:\/\/roveyayinevi.com.tr\/index.php\/wp-json\/wp\/v2\/types\/product"}],"wp:attachment":[{"href":"https:\/\/roveyayinevi.com.tr\/index.php\/wp-json\/wp\/v2\/media?parent=767457"}],"wp:term":[{"taxonomy":"product_brand","embeddable":true,"href":"https:\/\/roveyayinevi.com.tr\/index.php\/wp-json\/wp\/v2\/product_brand?post=767457"},{"taxonomy":"product_cat","embeddable":true,"href":"https:\/\/roveyayinevi.com.tr\/index.php\/wp-json\/wp\/v2\/product_cat?post=767457"},{"taxonomy":"product_tag","embeddable":true,"href":"https:\/\/roveyayinevi.com.tr\/index.php\/wp-json\/wp\/v2\/product_tag?post=767457"}],"curies":[{"name":"wp","href":"https:\/\/api.w.org\/{rel}","templated":true}]}}