{"id":767456,"date":"2025-08-28T12:47:58","date_gmt":"2025-08-28T09:47:58","guid":{"rendered":"https:\/\/roveyayinevi.com.tr\/index.php\/urun\/kyorugi-taekwondoda-guc-ve-stratejinin-sanati\/"},"modified":"2026-04-15T03:33:23","modified_gmt":"2026-04-15T00:33:23","slug":"kyorugi-taekwondoda-guc-ve-stratejinin-sanati","status":"publish","type":"product","link":"https:\/\/roveyayinevi.com.tr\/index.php\/urun\/kyorugi-taekwondoda-guc-ve-stratejinin-sanati\/","title":{"rendered":"Kyorugi Taekwondo\u2019da G\u00fc\u00e7 ve Stratejinin Sanat\u0131"},"content":{"rendered":"<p>\u0130\u00e7indekiler :            1. B\u00f6l\u00fcm: Kyorugi Ve Biyomekanik Temelleri          2. B\u00f6l\u00fcm: Pliometrik Antrenmanlar          3. B\u00f6l\u00fcm: Kyorugi Dayan\u0131kl\u0131l\u0131k Geli\u015fimi          4. B\u00f6l\u00fcm: Kyorugi S\u00fcrat Ve \u00c7eviklik Geli\u015fim          5. B\u00f6l\u00fcm: Kyorugi Reaksiyon Geli\u015fimi          6. B\u00f6l\u00fcm: Taekwondo Ve Psikolojik Boyutu          7. B\u00f6l\u00fcm: Taekwondo Ve Beslenme          8. B\u00f6l\u00fcm: Kyorugi Ve Fiziksel Yaralanmalar          9. B\u00f6l\u00fcm: Kyorugi Yaralanmalar\u0131nda \u0130lk M\u00fcdahale          10. B\u00f6l\u00fcm: Sporda Yetenek Se\u00e7imi: Taekwondo Bran\u015f\u0131 \u00dczerine Bir \u0130nceleme          11. B\u00f6l\u00fcm: Rekreasyon Ve Taekwondo: Sa\u011fl\u0131k Ve Zindelik Rehberi <\/p>\n","protected":false},"excerpt":{"rendered":"<p>\u0130\u00e7indekiler : 1. B\u00f6l\u00fcm: Kyorugi Ve Biyomekanik Temelleri 2. B\u00f6l\u00fcm: Pliometrik Antrenmanlar 3. B\u00f6l\u00fcm: Kyorugi Dayan\u0131kl\u0131l\u0131k Geli\u015fimi 4. B\u00f6l\u00fcm: Kyorugi S\u00fcrat Ve \u00c7eviklik Geli\u015fim 5. B\u00f6l\u00fcm:<span class=\"excerpt-hellip\"> [\u2026]<\/span><\/p>\n","protected":false},"featured_media":0,"template":"","meta":{"_monsterinsights_skip_tracking":false,"_monsterinsights_sitenote_active":false,"_monsterinsights_sitenote_note":"","_monsterinsights_sitenote_category":0},"product_brand":[],"product_cat":[15563,15564],"product_tag":[],"class_list":{"0":"post-767456","1":"product","2":"type-product","3":"status-publish","5":"product_cat-hobi","6":"product_cat-spor","7":"pa_cilt-ciltsiz","8":"pa_tur-kitap","9":"pa_yayinevi-gazi-kitabevi","10":"pa_yazar-kolektif","12":"first","13":"instock","14":"sale","15":"shipping-taxable","16":"purchasable","17":"product-type-simple"},"_links":{"self":[{"href":"https:\/\/roveyayinevi.com.tr\/index.php\/wp-json\/wp\/v2\/product\/767456","targetHints":{"allow":["GET"]}}],"collection":[{"href":"https:\/\/roveyayinevi.com.tr\/index.php\/wp-json\/wp\/v2\/product"}],"about":[{"href":"https:\/\/roveyayinevi.com.tr\/index.php\/wp-json\/wp\/v2\/types\/product"}],"wp:attachment":[{"href":"https:\/\/roveyayinevi.com.tr\/index.php\/wp-json\/wp\/v2\/media?parent=767456"}],"wp:term":[{"taxonomy":"product_brand","embeddable":true,"href":"https:\/\/roveyayinevi.com.tr\/index.php\/wp-json\/wp\/v2\/product_brand?post=767456"},{"taxonomy":"product_cat","embeddable":true,"href":"https:\/\/roveyayinevi.com.tr\/index.php\/wp-json\/wp\/v2\/product_cat?post=767456"},{"taxonomy":"product_tag","embeddable":true,"href":"https:\/\/roveyayinevi.com.tr\/index.php\/wp-json\/wp\/v2\/product_tag?post=767456"}],"curies":[{"name":"wp","href":"https:\/\/api.w.org\/{rel}","templated":true}]}}