{"id":767453,"date":"2025-08-28T12:47:54","date_gmt":"2025-08-28T09:47:54","guid":{"rendered":"https:\/\/roveyayinevi.com.tr\/index.php\/urun\/isletme-perspektifinden-norobilim-kavramlar-teknikler-ve-uygulamalar\/"},"modified":"2026-04-15T03:33:23","modified_gmt":"2026-04-15T00:33:23","slug":"isletme-perspektifinden-norobilim-kavramlar-teknikler-ve-uygulamalar","status":"publish","type":"product","link":"https:\/\/roveyayinevi.com.tr\/index.php\/urun\/isletme-perspektifinden-norobilim-kavramlar-teknikler-ve-uygulamalar\/","title":{"rendered":"\u0130\u015fletme Perspektifinden N\u00f6robilim Kavramlar, Teknikler ve Uygulamalar"},"content":{"rendered":"<p>\u0130\u00e7indekiler :           1. B\u00d6L\u00dcM: TAR\u0130HSEL S\u00dcRE\u00c7TE Z\u0130H\u0130N VE DAVRANI\u015e         2. B\u00d6L\u00dcM: SOSYAL B\u0130L\u0130MLERDE N\u00d6ROB\u0130L\u0130MSEL \u00d6L\u00c7\u00dcM TEKN\u0130KLER\u0130         3. B\u00d6L\u00dcM: N\u00d6ROY\u00d6NET\u0130M         4. B\u00d6L\u00dcM: N\u00d6ROPAZARLAMA         5. B\u00d6L\u00dcM: N\u00d6ROF\u0130NANS         6. B\u00d6L\u00dcM: N\u00d6ROMUHASEBE         7. B\u00d6L\u00dcM: N\u00d6RO\u0130KT\u0130SAT VE \u0130\u015e G\u00dcC\u00dc P\u0130YASALARI         8. B\u00d6L\u00dcM: N\u00d6ROB\u0130L\u0130M VE KARAR S\u00dcRE\u00c7LER\u0130       9. B\u00d6L\u00dcM: N\u00d6ROB\u0130L\u0130M VE \u0130\u015e SA\u011eLI\u011eI G\u00dcVENL\u0130\u011e\u0130         10. B\u00d6L\u00dcM: N\u00d6ROB\u0130L\u0130M ALANINDA ET\u0130K SORUNLAR VE ELE\u015eT\u0130REL YAKLA\u015eIM <\/p>\n","protected":false},"excerpt":{"rendered":"<p>\u0130\u00e7indekiler : 1. B\u00d6L\u00dcM: TAR\u0130HSEL S\u00dcRE\u00c7TE Z\u0130H\u0130N VE DAVRANI\u015e 2. B\u00d6L\u00dcM: SOSYAL B\u0130L\u0130MLERDE N\u00d6ROB\u0130L\u0130MSEL \u00d6L\u00c7\u00dcM TEKN\u0130KLER\u0130 3. B\u00d6L\u00dcM: N\u00d6ROY\u00d6NET\u0130M 4. B\u00d6L\u00dcM: N\u00d6ROPAZARLAMA 5. B\u00d6L\u00dcM: N\u00d6ROF\u0130NANS 6.<span class=\"excerpt-hellip\"> [\u2026]<\/span><\/p>\n","protected":false},"featured_media":0,"template":"","meta":{"_monsterinsights_skip_tracking":false,"_monsterinsights_sitenote_active":false,"_monsterinsights_sitenote_note":"","_monsterinsights_sitenote_category":0},"product_brand":[],"product_cat":[13043],"product_tag":[],"class_list":{"0":"post-767453","1":"product","2":"type-product","3":"status-publish","5":"product_cat-ekonomi","6":"pa_cilt-ciltsiz","7":"pa_tur-kitap","8":"pa_yayinevi-gazi-kitabevi","9":"pa_yazar-kolektif","11":"first","12":"instock","13":"sale","14":"shipping-taxable","15":"purchasable","16":"product-type-simple"},"_links":{"self":[{"href":"https:\/\/roveyayinevi.com.tr\/index.php\/wp-json\/wp\/v2\/product\/767453","targetHints":{"allow":["GET"]}}],"collection":[{"href":"https:\/\/roveyayinevi.com.tr\/index.php\/wp-json\/wp\/v2\/product"}],"about":[{"href":"https:\/\/roveyayinevi.com.tr\/index.php\/wp-json\/wp\/v2\/types\/product"}],"wp:attachment":[{"href":"https:\/\/roveyayinevi.com.tr\/index.php\/wp-json\/wp\/v2\/media?parent=767453"}],"wp:term":[{"taxonomy":"product_brand","embeddable":true,"href":"https:\/\/roveyayinevi.com.tr\/index.php\/wp-json\/wp\/v2\/product_brand?post=767453"},{"taxonomy":"product_cat","embeddable":true,"href":"https:\/\/roveyayinevi.com.tr\/index.php\/wp-json\/wp\/v2\/product_cat?post=767453"},{"taxonomy":"product_tag","embeddable":true,"href":"https:\/\/roveyayinevi.com.tr\/index.php\/wp-json\/wp\/v2\/product_tag?post=767453"}],"curies":[{"name":"wp","href":"https:\/\/api.w.org\/{rel}","templated":true}]}}