{"id":767452,"date":"2025-08-28T12:47:53","date_gmt":"2025-08-28T09:47:53","guid":{"rendered":"https:\/\/roveyayinevi.com.tr\/index.php\/urun\/isletmecilik-ve-muhasebe-egitiminde-isletme-ziyaretleri-ve-vaka-etudleri-2023-2024\/"},"modified":"2026-04-15T03:33:23","modified_gmt":"2026-04-15T00:33:23","slug":"isletmecilik-ve-muhasebe-egitiminde-isletme-ziyaretleri-ve-vaka-etudleri-2023-2024","status":"publish","type":"product","link":"https:\/\/roveyayinevi.com.tr\/index.php\/urun\/isletmecilik-ve-muhasebe-egitiminde-isletme-ziyaretleri-ve-vaka-etudleri-2023-2024\/","title":{"rendered":"\u0130\u015fletmecilik ve Muhasebe E\u011fitiminde \u0130\u015fletme Ziyaretleri ve Vak\u2019a Et\u00fcdleri 2023-2024"},"content":{"rendered":"<p>\u0130\u00e7indekiler :     1. B\u00d6L\u00dcM ATAT\u00dcRK\u2019\u00dcN EKONOM\u0130 POL\u0130T\u0130KASI VE T\u00dcRK\u0130YE \u0130\u015e BANKASI \u00d6RNE\u011e\u0130   2. B\u00d6L\u00dcM KAYSER\u0130 \u0130\u015eLETME Z\u0130YARETLER\u0130 VE VAK\u2019ALARI   3. B\u00d6L\u00dcM GAZ\u0130ANTEP \u0130\u015eLETME Z\u0130YARETLER\u0130 VE VAK\u2019ALARI   4. B\u00d6L\u00dcM MUDEP VAK\u2019A PLATFORMU \u0130\u00c7\u0130N HAZIRLANAN VAK\u2019ALAR <\/p>\n","protected":false},"excerpt":{"rendered":"<p>\u0130\u00e7indekiler : 1. B\u00d6L\u00dcM ATAT\u00dcRK\u2019\u00dcN EKONOM\u0130 POL\u0130T\u0130KASI VE T\u00dcRK\u0130YE \u0130\u015e BANKASI \u00d6RNE\u011e\u0130 2. B\u00d6L\u00dcM KAYSER\u0130 \u0130\u015eLETME Z\u0130YARETLER\u0130 VE VAK\u2019ALARI 3. B\u00d6L\u00dcM GAZ\u0130ANTEP \u0130\u015eLETME Z\u0130YARETLER\u0130 VE VAK\u2019ALARI<span class=\"excerpt-hellip\"> [\u2026]<\/span><\/p>\n","protected":false},"featured_media":0,"template":"","meta":{"_monsterinsights_skip_tracking":false,"_monsterinsights_sitenote_active":false,"_monsterinsights_sitenote_note":"","_monsterinsights_sitenote_category":0},"product_brand":[],"product_cat":[13043],"product_tag":[],"class_list":{"0":"post-767452","1":"product","2":"type-product","3":"status-publish","5":"product_cat-ekonomi","6":"pa_cilt-ciltsiz","7":"pa_tur-kitap","8":"pa_yayinevi-gazi-kitabevi","9":"pa_yazar-kolektif","11":"first","12":"instock","13":"sale","14":"shipping-taxable","15":"purchasable","16":"product-type-simple"},"_links":{"self":[{"href":"https:\/\/roveyayinevi.com.tr\/index.php\/wp-json\/wp\/v2\/product\/767452","targetHints":{"allow":["GET"]}}],"collection":[{"href":"https:\/\/roveyayinevi.com.tr\/index.php\/wp-json\/wp\/v2\/product"}],"about":[{"href":"https:\/\/roveyayinevi.com.tr\/index.php\/wp-json\/wp\/v2\/types\/product"}],"wp:attachment":[{"href":"https:\/\/roveyayinevi.com.tr\/index.php\/wp-json\/wp\/v2\/media?parent=767452"}],"wp:term":[{"taxonomy":"product_brand","embeddable":true,"href":"https:\/\/roveyayinevi.com.tr\/index.php\/wp-json\/wp\/v2\/product_brand?post=767452"},{"taxonomy":"product_cat","embeddable":true,"href":"https:\/\/roveyayinevi.com.tr\/index.php\/wp-json\/wp\/v2\/product_cat?post=767452"},{"taxonomy":"product_tag","embeddable":true,"href":"https:\/\/roveyayinevi.com.tr\/index.php\/wp-json\/wp\/v2\/product_tag?post=767452"}],"curies":[{"name":"wp","href":"https:\/\/api.w.org\/{rel}","templated":true}]}}