{"id":767450,"date":"2025-08-28T12:47:50","date_gmt":"2025-08-28T09:47:50","guid":{"rendered":"https:\/\/roveyayinevi.com.tr\/index.php\/urun\/true-obedience-and-submission-to-god\/"},"modified":"2026-03-12T03:30:39","modified_gmt":"2026-03-12T00:30:39","slug":"true-obedience-and-submission-to-god","status":"publish","type":"product","link":"https:\/\/roveyayinevi.com.tr\/index.php\/urun\/true-obedience-and-submission-to-god\/","title":{"rendered":"True Obedience And Submission To God"},"content":{"rendered":"<p>The guide to humanity&#8217;s true connection with the one Almighty God (Allah) throughout history since Adam. Devote yourself to God (the Almighty), and let this book guide you. Read \u201cTrue Obedience\u201d \u201cDevelop a true connection with God because He is closer to you than you are to yourself.\u201d  &#8220;This book is a guide to your true connection to God (Allah Almighty). Reach God (the Almighty) by placing your faith on the true path: Have you not looked at this book? Start your journey to heaven now! Read the book and apply it! How do I pray? Get this \u201cTrue Obedience\u201d book now. Pray while looking! What are you waiting for?   Adem\u2019den beri insanl\u0131\u011f\u0131n tek Tanr\u0131\u2019ya (Allah\u2019a) ger\u00e7ek ba\u011flan\u0131\u015f rehberi. Tanr\u0131\u2019ya (y\u00fcce Allah\u2019a) kendini adayarak ba\u011flan! Bu kitap yol g\u00f6stersin. \u201cTrue Obedience\u201d\u2019i okuyun \u201cTanr\u0131 (y\u00fcce Allah) ile ger\u00e7ek bir ba\u011f kurun \u00e7\u00fcnk\u00fc O size sizden daha yak\u0131n.\u201d Bu kitap, sizi Tanr\u0131\u2019ya (y\u00fcce Allah\u2019a) ger\u00e7ek ba\u011flant\u0131 kurman\u0131z\u0131n k\u0131lavuzudur. \u0130nanc\u0131n\u0131z\u0131 ger\u00e7ek yola koyarak Tanr\u0131\u2019ya (y\u00fcce Allah\u2019a) ula\u015f\u0131n\u0131z: Bu kitaba bakmad\u0131n\u0131z m\u0131? Cennet yolculu\u011funa hemen ba\u015flay\u0131n! Kitab\u0131 okuyup uygulay\u0131n! Namaz\u0131 nas\u0131l k\u0131lar\u0131m? Hemen bu \u201cTrue Obedience\u201d kitab\u0131n\u0131 al. Bakarak k\u0131l! Daha ne duruyorsun! <\/p>\n","protected":false},"excerpt":{"rendered":"<p>The guide to humanity&#8217;s true connection with the one Almighty God (Allah) throughout history since Adam. Devote yourself to God (the Almighty), and let this book<span class=\"excerpt-hellip\"> [\u2026]<\/span><\/p>\n","protected":false},"featured_media":0,"template":"","meta":{"_monsterinsights_skip_tracking":false,"_monsterinsights_sitenote_active":false,"_monsterinsights_sitenote_note":"","_monsterinsights_sitenote_category":0},"product_brand":[],"product_cat":[13036,12718,12719],"product_tag":[],"class_list":{"0":"post-767450","1":"product","2":"type-product","3":"status-publish","5":"product_cat-arastirma-inceleme-islam","6":"product_cat-din","7":"product_cat-islam","8":"pa_cilt-ciltsiz","9":"pa_tur-kitap","10":"pa_yayinevi-kirmizi-cati-yayinlari","11":"pa_yazar-osman-zumrut","13":"first","14":"instock","15":"sale","16":"shipping-taxable","17":"purchasable","18":"product-type-simple"},"_links":{"self":[{"href":"https:\/\/roveyayinevi.com.tr\/index.php\/wp-json\/wp\/v2\/product\/767450","targetHints":{"allow":["GET"]}}],"collection":[{"href":"https:\/\/roveyayinevi.com.tr\/index.php\/wp-json\/wp\/v2\/product"}],"about":[{"href":"https:\/\/roveyayinevi.com.tr\/index.php\/wp-json\/wp\/v2\/types\/product"}],"wp:attachment":[{"href":"https:\/\/roveyayinevi.com.tr\/index.php\/wp-json\/wp\/v2\/media?parent=767450"}],"wp:term":[{"taxonomy":"product_brand","embeddable":true,"href":"https:\/\/roveyayinevi.com.tr\/index.php\/wp-json\/wp\/v2\/product_brand?post=767450"},{"taxonomy":"product_cat","embeddable":true,"href":"https:\/\/roveyayinevi.com.tr\/index.php\/wp-json\/wp\/v2\/product_cat?post=767450"},{"taxonomy":"product_tag","embeddable":true,"href":"https:\/\/roveyayinevi.com.tr\/index.php\/wp-json\/wp\/v2\/product_tag?post=767450"}],"curies":[{"name":"wp","href":"https:\/\/api.w.org\/{rel}","templated":true}]}}