{"id":767447,"date":"2025-08-28T12:47:45","date_gmt":"2025-08-28T09:47:45","guid":{"rendered":"https:\/\/roveyayinevi.com.tr\/index.php\/urun\/bo-lecureuil\/"},"modified":"2026-04-03T03:24:24","modified_gmt":"2026-04-03T00:24:24","slug":"bo-lecureuil","status":"publish","type":"product","link":"https:\/\/roveyayinevi.com.tr\/index.php\/urun\/bo-lecureuil\/","title":{"rendered":"Bo L\u2019ecureuil"},"content":{"rendered":"<p>Sincap Bo\u2019nun s\u0131cac\u0131k \u00f6yk\u00fcs\u00fc T\u00fcrk\u00e7e, \u0130ngilizce, Frans\u0131zca ve \u0130talyanca bask\u0131lar\u0131yla d\u00f6rt dilde \u00e7ocuklarla bulu\u015fuyor\u2026 \u00c7ocuklar\u0131n ortak dili sevgidir! Bir g\u00fcn ormanda kar\u015f\u0131s\u0131na \u00e7\u0131kan kocaman bir y\u0131lan, Bo&#8217;ya \u00f6nemli bir ders verdi. Bo, arkada\u015fl\u0131\u011f\u0131n ve sevginin ger\u00e7ek anlam\u0131n\u0131 ke\u015ffederken, yaln\u0131zca kendini de\u011fil, \u00e7evresindekileri de ne kadar de\u011fi\u015ftirebilece\u011fini \u00f6\u011frendi. \u201cSincap Bo\u201d, \u00e7ocuklara payla\u015fman\u0131n, dayan\u0131\u015fman\u0131n ve arkada\u015fl\u0131\u011f\u0131n ne kadar de\u011ferli oldu\u011funu anlat\u0131yor.<\/p>\n","protected":false},"excerpt":{"rendered":"<p>Sincap Bo\u2019nun s\u0131cac\u0131k \u00f6yk\u00fcs\u00fc T\u00fcrk\u00e7e, \u0130ngilizce, Frans\u0131zca ve \u0130talyanca bask\u0131lar\u0131yla d\u00f6rt dilde \u00e7ocuklarla bulu\u015fuyor\u2026 \u00c7ocuklar\u0131n ortak dili sevgidir! Bir g\u00fcn ormanda kar\u015f\u0131s\u0131na \u00e7\u0131kan kocaman bir y\u0131lan,<span class=\"excerpt-hellip\"> [\u2026]<\/span><\/p>\n","protected":false},"featured_media":0,"template":"","meta":{"_monsterinsights_skip_tracking":false,"_monsterinsights_sitenote_active":false,"_monsterinsights_sitenote_note":"","_monsterinsights_sitenote_category":0},"product_brand":[],"product_cat":[12274,12284],"product_tag":[],"class_list":{"0":"post-767447","1":"product","2":"type-product","3":"status-publish","5":"product_cat-cocuk-ve-genclik-kitaplari","6":"product_cat-hikayeler","7":"pa_cilt-ciltsiz","8":"pa_tur-kitap","9":"pa_yayinevi-eriken-yayinlari","10":"pa_yazar-yasemin-calikir","12":"first","13":"instock","14":"sale","15":"shipping-taxable","16":"purchasable","17":"product-type-simple"},"_links":{"self":[{"href":"https:\/\/roveyayinevi.com.tr\/index.php\/wp-json\/wp\/v2\/product\/767447","targetHints":{"allow":["GET"]}}],"collection":[{"href":"https:\/\/roveyayinevi.com.tr\/index.php\/wp-json\/wp\/v2\/product"}],"about":[{"href":"https:\/\/roveyayinevi.com.tr\/index.php\/wp-json\/wp\/v2\/types\/product"}],"wp:attachment":[{"href":"https:\/\/roveyayinevi.com.tr\/index.php\/wp-json\/wp\/v2\/media?parent=767447"}],"wp:term":[{"taxonomy":"product_brand","embeddable":true,"href":"https:\/\/roveyayinevi.com.tr\/index.php\/wp-json\/wp\/v2\/product_brand?post=767447"},{"taxonomy":"product_cat","embeddable":true,"href":"https:\/\/roveyayinevi.com.tr\/index.php\/wp-json\/wp\/v2\/product_cat?post=767447"},{"taxonomy":"product_tag","embeddable":true,"href":"https:\/\/roveyayinevi.com.tr\/index.php\/wp-json\/wp\/v2\/product_tag?post=767447"}],"curies":[{"name":"wp","href":"https:\/\/api.w.org\/{rel}","templated":true}]}}