{"id":767444,"date":"2025-08-28T12:47:39","date_gmt":"2025-08-28T09:47:39","guid":{"rendered":"https:\/\/roveyayinevi.com.tr\/index.php\/urun\/ankarali-mecnun\/"},"modified":"2026-04-15T03:33:23","modified_gmt":"2026-04-15T00:33:23","slug":"ankarali-mecnun","status":"publish","type":"product","link":"https:\/\/roveyayinevi.com.tr\/index.php\/urun\/ankarali-mecnun\/","title":{"rendered":"Ankaral\u0131 Mecnun"},"content":{"rendered":"<p>\u201cRivayete g\u00f6re o g\u00fcn bug\u00fcnd\u00fcr Kar\u015f\u0131yaka Mezarl\u0131\u011f\u0131\u2019nda, \u00f6zelikle karl\u0131 k\u0131\u015f gecelerinde Ankaral\u0131 Mecnun ile Leyla\u2019n\u0131n mezarlar\u0131ndan iki \u0131\u015f\u0131k huzmesi \u00e7\u0131k\u0131p g\u00f6ky\u00fcz\u00fcnde birbirlerine sar\u0131l\u0131rlar ve ku\u015flar\u0131n \u015fark\u0131lar\u0131 e\u015fli\u011finde dans ederler.\u201d   G\u00f6relim bakal\u0131m Beni Amir kabilesine mensup Mecnun\u2019un Leyla\u2019ya olan a\u015fk\u0131 m\u0131 b\u00fcy\u00fck yoksa Ankaral\u0131 Mecnun\u2019un mu? <\/p>\n","protected":false},"excerpt":{"rendered":"<p>\u201cRivayete g\u00f6re o g\u00fcn bug\u00fcnd\u00fcr Kar\u015f\u0131yaka Mezarl\u0131\u011f\u0131\u2019nda, \u00f6zelikle karl\u0131 k\u0131\u015f gecelerinde Ankaral\u0131 Mecnun ile Leyla\u2019n\u0131n mezarlar\u0131ndan iki \u0131\u015f\u0131k huzmesi \u00e7\u0131k\u0131p g\u00f6ky\u00fcz\u00fcnde birbirlerine sar\u0131l\u0131rlar ve ku\u015flar\u0131n \u015fark\u0131lar\u0131<span class=\"excerpt-hellip\"> [\u2026]<\/span><\/p>\n","protected":false},"featured_media":0,"template":"","meta":{"_monsterinsights_skip_tracking":false,"_monsterinsights_sitenote_active":false,"_monsterinsights_sitenote_note":"","_monsterinsights_sitenote_category":0},"product_brand":[],"product_cat":[18545,12291],"product_tag":[],"class_list":{"0":"post-767444","1":"product","2":"type-product","3":"status-publish","5":"product_cat-anlati","6":"product_cat-edebiyat","7":"pa_cilt-ciltsiz","8":"pa_tur-kitap","9":"pa_yayinevi-somut-yayinlari","10":"pa_yazar-yunus-emre-albayrak","12":"first","13":"instock","14":"sale","15":"shipping-taxable","16":"purchasable","17":"product-type-simple"},"_links":{"self":[{"href":"https:\/\/roveyayinevi.com.tr\/index.php\/wp-json\/wp\/v2\/product\/767444","targetHints":{"allow":["GET"]}}],"collection":[{"href":"https:\/\/roveyayinevi.com.tr\/index.php\/wp-json\/wp\/v2\/product"}],"about":[{"href":"https:\/\/roveyayinevi.com.tr\/index.php\/wp-json\/wp\/v2\/types\/product"}],"wp:attachment":[{"href":"https:\/\/roveyayinevi.com.tr\/index.php\/wp-json\/wp\/v2\/media?parent=767444"}],"wp:term":[{"taxonomy":"product_brand","embeddable":true,"href":"https:\/\/roveyayinevi.com.tr\/index.php\/wp-json\/wp\/v2\/product_brand?post=767444"},{"taxonomy":"product_cat","embeddable":true,"href":"https:\/\/roveyayinevi.com.tr\/index.php\/wp-json\/wp\/v2\/product_cat?post=767444"},{"taxonomy":"product_tag","embeddable":true,"href":"https:\/\/roveyayinevi.com.tr\/index.php\/wp-json\/wp\/v2\/product_tag?post=767444"}],"curies":[{"name":"wp","href":"https:\/\/api.w.org\/{rel}","templated":true}]}}