{"id":767443,"date":"2025-08-28T12:47:38","date_gmt":"2025-08-28T09:47:38","guid":{"rendered":"https:\/\/roveyayinevi.com.tr\/index.php\/urun\/avrupada-yukselen-sag-populizmin-politik-ekonomisi\/"},"modified":"2026-04-15T03:33:23","modified_gmt":"2026-04-15T00:33:23","slug":"avrupada-yukselen-sag-populizmin-politik-ekonomisi","status":"publish","type":"product","link":"https:\/\/roveyayinevi.com.tr\/index.php\/urun\/avrupada-yukselen-sag-populizmin-politik-ekonomisi\/","title":{"rendered":"Avrupa\u2019da Y\u00fckselen Sa\u011f Pop\u00fclizmin Politik Ekonomisi"},"content":{"rendered":"<p>\u0130\u00e7indekiler :     1. B\u00d6L\u00dcM :  S\u0130YASAL KUTUPLA\u015eMA VE A\u015eIRI SA\u011e: AVRUPA&#8217;DA POL\u0130T\u0130K D\u00d6N\u00dc\u015e\u00dcM   2. B\u00d6L\u00dcM : ALMANYA&#8217;DA A\u015eIRI SA\u011eIN Y\u00dcKSEL\u0130\u015e\u0130: GE\u00c7M\u0130\u015eE D\u00d6N\u00dc\u015e?   3. B\u00d6L\u00dcM : B\u0130RLE\u015e\u0130K KRALLIK\u2019TA A\u015eIRI SA\u011e: AVRUPA B\u0130RL\u0130\u011e\u0130\u2019NDE A\u015eIRI SA\u011e \u0130LE B\u0130R MUKAYESE   4. B\u00d6L\u00dcM : FRANSIZ A\u015eIRI SA\u011eI\u2019NIN Y\u00dcKSEL\u0130\u015e\u0130NDE EKONOM\u0130K FAKT\u00d6RLER\u0130N ETK\u0130S\u0130   5. B\u00d6L\u00dcM : \u0130TALYA&#8217;DA SA\u011e POP\u00dcL\u0130ST HAREKETLER\u0130N Y\u00dcKSEL\u0130\u015e\u0130: TAR\u0130HSEL VE K\u00dcLT\u00dcREL B\u0130R ANAL\u0130Z       6. B\u00d6L\u00dcM : AVUSTURYA\u2019DA A\u015eIRI SA\u011eIN Y\u00dcKSEL\u0130\u015e\u0130 VE REFAH \u015eOVEN\u0130ZM   7. B\u00d6L\u00dcM :  MACAR\u0130STAN\u2019DA A\u015eIRI SA\u011eIN Y\u00dcKSEL\u0130\u015e\u0130   8. B\u00d6L\u00dcM : POLONYA&#8217;DA SA\u011e POP\u00dcL\u0130ZM\u0130N Y\u00dcKSEL\u0130\u015e\u0130N\u0130N ARKA PLANI VE POL\u0130T\u0130K EKONOM\u0130YE OLAN ETK\u0130S\u0130   9. B\u00d6L\u00dcM : BEL\u00c7\u0130KA\u2019DA A\u015eIRI SA\u011eIN Y\u00dcKSEL\u0130\u015e\u0130   10. B\u00d6L\u00dcM : HOLLANDA\u2019DA A\u015eIRI SA\u011eIN Y\u00dcKSEL\u0130\u015e\u0130 VE POP\u00dcL\u0130ZM FAKT\u00d6R\u00dc   11. B\u00d6L\u00dcM : A\u015eIRI SA\u011e PART\u0130LER\u0130N Y\u00dcKSEL\u0130\u015e\u0130: \u0130SPANYA, PORTEK\u0130Z VE YUNAN\u0130STAN   12. B\u00d6L\u00dcM : \u0130SKAND\u0130NAV \u00dcLKELER\u0130NDE IRK\u00c7I POP\u00dcL\u0130ST PART\u0130LER\u0130N Y\u00dcKSEL\u0130\u015e\u0130   13. B\u00d6L\u00dcM : AVRUPA\u2019DA POP\u00dcL\u0130ST RAD\u0130KAL SA\u011eIN SINIRLI DESTEK BULDU\u011eU \u00dcLKELER: L\u00dcKSEMBURG, \u0130ZLANDA VE MALTA   14. B\u00d6L\u00dcM : AVRUPA&#8217;DAK\u0130 A\u015eIRI SA\u011eCI L\u0130DERLER\u0130N T\u00dcRK\u0130YE KAR\u015eITLI\u011eI <\/p>\n","protected":false},"excerpt":{"rendered":"<p>\u0130\u00e7indekiler : 1. B\u00d6L\u00dcM : S\u0130YASAL KUTUPLA\u015eMA VE A\u015eIRI SA\u011e: AVRUPA&#8217;DA POL\u0130T\u0130K D\u00d6N\u00dc\u015e\u00dcM 2. B\u00d6L\u00dcM : ALMANYA&#8217;DA A\u015eIRI SA\u011eIN Y\u00dcKSEL\u0130\u015e\u0130: GE\u00c7M\u0130\u015eE D\u00d6N\u00dc\u015e? 3. B\u00d6L\u00dcM : B\u0130RLE\u015e\u0130K<span class=\"excerpt-hellip\"> [\u2026]<\/span><\/p>\n","protected":false},"featured_media":0,"template":"","meta":{"_monsterinsights_skip_tracking":false,"_monsterinsights_sitenote_active":false,"_monsterinsights_sitenote_note":"","_monsterinsights_sitenote_category":0},"product_brand":[],"product_cat":[13590,12337],"product_tag":[],"class_list":{"0":"post-767443","1":"product","2":"type-product","3":"status-publish","5":"product_cat-arastirma-inceleme-politika-siyaset","6":"product_cat-politika-siyaset","7":"pa_cilt-ciltsiz","8":"pa_tur-kitap","9":"pa_yayinevi-gazi-kitabevi","10":"pa_yazar-kolektif","12":"first","13":"instock","14":"sale","15":"shipping-taxable","16":"purchasable","17":"product-type-simple"},"_links":{"self":[{"href":"https:\/\/roveyayinevi.com.tr\/index.php\/wp-json\/wp\/v2\/product\/767443","targetHints":{"allow":["GET"]}}],"collection":[{"href":"https:\/\/roveyayinevi.com.tr\/index.php\/wp-json\/wp\/v2\/product"}],"about":[{"href":"https:\/\/roveyayinevi.com.tr\/index.php\/wp-json\/wp\/v2\/types\/product"}],"wp:attachment":[{"href":"https:\/\/roveyayinevi.com.tr\/index.php\/wp-json\/wp\/v2\/media?parent=767443"}],"wp:term":[{"taxonomy":"product_brand","embeddable":true,"href":"https:\/\/roveyayinevi.com.tr\/index.php\/wp-json\/wp\/v2\/product_brand?post=767443"},{"taxonomy":"product_cat","embeddable":true,"href":"https:\/\/roveyayinevi.com.tr\/index.php\/wp-json\/wp\/v2\/product_cat?post=767443"},{"taxonomy":"product_tag","embeddable":true,"href":"https:\/\/roveyayinevi.com.tr\/index.php\/wp-json\/wp\/v2\/product_tag?post=767443"}],"curies":[{"name":"wp","href":"https:\/\/api.w.org\/{rel}","templated":true}]}}