{"id":767439,"date":"2025-08-28T12:47:29","date_gmt":"2025-08-28T09:47:29","guid":{"rendered":"https:\/\/roveyayinevi.com.tr\/index.php\/urun\/fistan\/"},"modified":"2026-04-15T03:33:23","modified_gmt":"2026-04-15T00:33:23","slug":"fistan","status":"publish","type":"product","link":"https:\/\/roveyayinevi.com.tr\/index.php\/urun\/fistan\/","title":{"rendered":"Fistan"},"content":{"rendered":"<p>Tu\u0308rkan iki halas\u0131, babaannesi ve bu\u0308yu\u0308k bu\u0308yu\u0308kannesi ile ayn\u0131 evde ya\u015fard\u0131. Renkli perdeleri, renkli kilimleri, renkli a\u011fa\u00e7lar\u0131, renkli \u00e7i\u00e7ekleri olan, reng\u00e2renk bir evdi onlar\u0131nki. Bunca renk aras\u0131nda en zor olan, galiba kendi rengini bulmakt\u0131. Evdeki herkesin kendine has, kendi renginde, t\u0131pk\u0131 kendisi gibi bir fistan\u0131 vard\u0131.   Peki ya T\u00fcrkan? O kendi fistan\u0131n\u0131 bulabilecek miydi?<\/p>\n","protected":false},"excerpt":{"rendered":"<p>Tu\u0308rkan iki halas\u0131, babaannesi ve bu\u0308yu\u0308k bu\u0308yu\u0308kannesi ile ayn\u0131 evde ya\u015fard\u0131. Renkli perdeleri, renkli kilimleri, renkli a\u011fa\u00e7lar\u0131, renkli \u00e7i\u00e7ekleri olan, reng\u00e2renk bir evdi onlar\u0131nki. Bunca renk<span class=\"excerpt-hellip\"> [\u2026]<\/span><\/p>\n","protected":false},"featured_media":0,"template":"","meta":{"_monsterinsights_skip_tracking":false,"_monsterinsights_sitenote_active":false,"_monsterinsights_sitenote_note":"","_monsterinsights_sitenote_category":0},"product_brand":[],"product_cat":[12274,12284],"product_tag":[],"class_list":{"0":"post-767439","1":"product","2":"type-product","3":"status-publish","5":"product_cat-cocuk-ve-genclik-kitaplari","6":"product_cat-hikayeler","7":"pa_cilt-ciltsiz","8":"pa_tur-kitap","9":"pa_yayinevi-eksik-parca-yayinlari","10":"pa_yazar-elif-ayla-emel-ozgozen","12":"first","13":"instock","14":"sale","15":"shipping-taxable","16":"purchasable","17":"product-type-simple"},"_links":{"self":[{"href":"https:\/\/roveyayinevi.com.tr\/index.php\/wp-json\/wp\/v2\/product\/767439","targetHints":{"allow":["GET"]}}],"collection":[{"href":"https:\/\/roveyayinevi.com.tr\/index.php\/wp-json\/wp\/v2\/product"}],"about":[{"href":"https:\/\/roveyayinevi.com.tr\/index.php\/wp-json\/wp\/v2\/types\/product"}],"wp:attachment":[{"href":"https:\/\/roveyayinevi.com.tr\/index.php\/wp-json\/wp\/v2\/media?parent=767439"}],"wp:term":[{"taxonomy":"product_brand","embeddable":true,"href":"https:\/\/roveyayinevi.com.tr\/index.php\/wp-json\/wp\/v2\/product_brand?post=767439"},{"taxonomy":"product_cat","embeddable":true,"href":"https:\/\/roveyayinevi.com.tr\/index.php\/wp-json\/wp\/v2\/product_cat?post=767439"},{"taxonomy":"product_tag","embeddable":true,"href":"https:\/\/roveyayinevi.com.tr\/index.php\/wp-json\/wp\/v2\/product_tag?post=767439"}],"curies":[{"name":"wp","href":"https:\/\/api.w.org\/{rel}","templated":true}]}}