{"id":767438,"date":"2025-08-28T12:47:28","date_gmt":"2025-08-28T09:47:28","guid":{"rendered":"https:\/\/roveyayinevi.com.tr\/index.php\/urun\/mucize-hayat\/"},"modified":"2026-04-15T03:33:23","modified_gmt":"2026-04-15T00:33:23","slug":"mucize-hayat","status":"publish","type":"product","link":"https:\/\/roveyayinevi.com.tr\/index.php\/urun\/mucize-hayat\/","title":{"rendered":"Mucize Hayat"},"content":{"rendered":"<p>Kalp ya\u015fam\u0131n kayna\u011f\u0131d\u0131r; organlar\u0131n\u0131z\u0131 \u00e7al\u0131\u015f\u0131r durumda tutmak i\u00e7in g\u00fcn\u00fcn her saatinde kan pompalar. Dayan\u0131kl\u0131 bir organ olmas\u0131 ile beraber makul ko\u015fullar alt\u0131nda m\u00fckemmel \u00e7al\u0131\u015f\u0131r. Y\u00fcksek tansiyon, y\u00fcksek kolesterol, sigara, alkol, diyabet, hareketsiz ya\u015fam, stres, a\u015f\u0131r\u0131 kilo, psikolojik sorunlar, beslenme bozuklu\u011fu, uyku problemleri gibi bir\u00e7ok fakt\u00f6r bu m\u00fckemmeliyeti bozarak, kalp damar hastal\u0131\u011f\u0131 ve kalp krizinin olu\u015fumuna neden olabilir. Olu\u015fan bu zararl\u0131 fakt\u00f6rlerden biri di\u011ferinin de geli\u015fimine katk\u0131da bulunmaktad\u0131r. Bu fakt\u00f6rlerin ortak \u00f6zellikleri ise bir\u00e7o\u011funun \u00f6nlenebilir olmalar\u0131d\u0131r.   Kalp sa\u011fl\u0131\u011f\u0131n\u0131n \u00e7ok basit al\u0131\u015fkanl\u0131klarla korunabilece\u011fini g\u00f6steren Mucize Ya\u015fam, geleneksel ila\u00e7lar\u0131n yan etkileri olmadan kan bas\u0131nc\u0131n\u0131z\u0131 d\u00fc\u015f\u00fcrmenin bilimsel olarak kan\u0131tlanm\u0131\u015f pratik bir ya\u015fam tarz\u0131n\u0131 sunuyor. Kalbinizi ve kalp damarlar\u0131n\u0131z\u0131 nas\u0131l koruyaca\u011f\u0131n\u0131z\u0131, hipertansiyon, diyabet ve kolesterol gibi risk fakt\u00f6rlerinizi kolayl\u0131kla y\u00f6netebilece\u011finizi \u00f6\u011frenerek daha g\u00fc\u00e7l\u00fc bir kalp ile birlikte daha iyi ya\u015fam kalitesine sahip olman\u0131n yolunda okuyucuya rehberlik ediyor. <\/p>\n","protected":false},"excerpt":{"rendered":"<p>Kalp ya\u015fam\u0131n kayna\u011f\u0131d\u0131r; organlar\u0131n\u0131z\u0131 \u00e7al\u0131\u015f\u0131r durumda tutmak i\u00e7in g\u00fcn\u00fcn her saatinde kan pompalar. Dayan\u0131kl\u0131 bir organ olmas\u0131 ile beraber makul ko\u015fullar alt\u0131nda m\u00fckemmel \u00e7al\u0131\u015f\u0131r. Y\u00fcksek tansiyon,<span class=\"excerpt-hellip\"> [\u2026]<\/span><\/p>\n","protected":false},"featured_media":0,"template":"","meta":{"_monsterinsights_skip_tracking":false,"_monsterinsights_sitenote_active":false,"_monsterinsights_sitenote_note":"","_monsterinsights_sitenote_category":0},"product_brand":[],"product_cat":[13365],"product_tag":[],"class_list":{"0":"post-767438","1":"product","2":"type-product","3":"status-publish","5":"product_cat-saglik","6":"pa_cilt-ciltsiz","7":"pa_tur-kitap","8":"pa_yayinevi-aktif-yayinevi","9":"pa_yazar-ramazan-kargin","11":"first","12":"instock","13":"sale","14":"shipping-taxable","15":"purchasable","16":"product-type-simple"},"_links":{"self":[{"href":"https:\/\/roveyayinevi.com.tr\/index.php\/wp-json\/wp\/v2\/product\/767438","targetHints":{"allow":["GET"]}}],"collection":[{"href":"https:\/\/roveyayinevi.com.tr\/index.php\/wp-json\/wp\/v2\/product"}],"about":[{"href":"https:\/\/roveyayinevi.com.tr\/index.php\/wp-json\/wp\/v2\/types\/product"}],"wp:attachment":[{"href":"https:\/\/roveyayinevi.com.tr\/index.php\/wp-json\/wp\/v2\/media?parent=767438"}],"wp:term":[{"taxonomy":"product_brand","embeddable":true,"href":"https:\/\/roveyayinevi.com.tr\/index.php\/wp-json\/wp\/v2\/product_brand?post=767438"},{"taxonomy":"product_cat","embeddable":true,"href":"https:\/\/roveyayinevi.com.tr\/index.php\/wp-json\/wp\/v2\/product_cat?post=767438"},{"taxonomy":"product_tag","embeddable":true,"href":"https:\/\/roveyayinevi.com.tr\/index.php\/wp-json\/wp\/v2\/product_tag?post=767438"}],"curies":[{"name":"wp","href":"https:\/\/api.w.org\/{rel}","templated":true}]}}