{"id":767437,"date":"2025-08-28T12:47:26","date_gmt":"2025-08-28T09:47:26","guid":{"rendered":"https:\/\/roveyayinevi.com.tr\/index.php\/urun\/portreler-kitabi\/"},"modified":"2026-04-15T03:33:23","modified_gmt":"2026-04-15T00:33:23","slug":"portreler-kitabi","status":"publish","type":"product","link":"https:\/\/roveyayinevi.com.tr\/index.php\/urun\/portreler-kitabi\/","title":{"rendered":"Portreler Kitab\u0131"},"content":{"rendered":"<p>Genellikle insan ili\u015fkileri konusunda sevdiklerimize sevgimizi s\u00f6yleme konusunda cimri davran\u0131r\u0131z. Bunun sebebi nedir bilemem, fakat bu konuda az s\u00f6yleriz ama \u00f6z s\u00f6yleriz. Kim bilir belki de sevginin\/a\u015fk\u0131n kutsal bir s\u0131r olmas\u0131 sebebiyle, sevme duygusunu israf etmek istemedi\u011fimiz i\u00e7in, \u201cKim ne kadar sevilmeye lay\u0131ksa onu o kadar sevmeliyiz\u201d duygusunun \u015fuur alt\u0131nda yer etmi\u015f bir yans\u0131mas\u0131ndan kaynaklan\u0131yor da olabilir.   Yunus Emre \u201cSevdi\u011fime sevgimi s\u00f6ylemezsem sevmek derdi beni bo\u011far\u201d diyor ya, ben de \u201cbo\u011fulmamak\u201d i\u00e7in yazd\u0131m. Y\u00fcz\u00fcne s\u00f6ylemeye cesaret\/f\u0131rsat\/ortam\/bahane bulamad\u0131\u011f\u0131m insanlara sevgimi yazarak izhar etmek istedim. Hani i\u00e7imiz i\u00e7imize s\u0131\u011fmaz da sevgimizi avaz\u0131m\u0131z\u0131n \u00e7\u0131kt\u0131\u011f\u0131 kadar ba\u011f\u0131rarak ilan etmek isteriz ya, i\u015fte bu \u00f6yle bir \u015fey! \u201cBen onu \u00e7ok seviyordum\u201d demek yerine, \u201cBen seni seviyorum\u201d demenin kitab\u0131d\u0131r bu. Her birimizin hayat\u0131nda b\u00f6yle g\u00fczel insanlar mutlaka vard\u0131r. Bu anlamda bir \u00f6rneklik sergilemek istedim; sevdiklerime sevgimi ve sayg\u0131m\u0131 ifade etmek suretiyle\u2026 \u0130ki kutuplu bir d\u00fcnyada ya\u015fad\u0131\u011f\u0131m\u0131z i\u00e7in baz\u0131 ki\u015filerin de yanl\u0131\u015flar\u0131n\u0131, haks\u0131zl\u0131klar\u0131n\u0131 ibret olsun diye kayda ge\u00e7irdim. Bu kitab\u0131n muhtevas\u0131nda yer alan ki\u015filer tamamen zaman i\u00e7erisinde kendili\u011finden olu\u015fmu\u015ftur. <\/p>\n","protected":false},"excerpt":{"rendered":"<p>Genellikle insan ili\u015fkileri konusunda sevdiklerimize sevgimizi s\u00f6yleme konusunda cimri davran\u0131r\u0131z. Bunun sebebi nedir bilemem, fakat bu konuda az s\u00f6yleriz ama \u00f6z s\u00f6yleriz. Kim bilir belki de<span class=\"excerpt-hellip\"> [\u2026]<\/span><\/p>\n","protected":false},"featured_media":0,"template":"","meta":{"_monsterinsights_skip_tracking":false,"_monsterinsights_sitenote_active":false,"_monsterinsights_sitenote_note":"","_monsterinsights_sitenote_category":0},"product_brand":[],"product_cat":[12777,12291],"product_tag":[],"class_list":{"0":"post-767437","1":"product","2":"type-product","3":"status-publish","5":"product_cat-deneme","6":"product_cat-edebiyat","7":"pa_cilt-ciltsiz","8":"pa_tur-kitap","9":"pa_yayinevi-aktif-yayinevi","10":"pa_yazar-isa-kayaalp","12":"first","13":"instock","14":"sale","15":"shipping-taxable","16":"purchasable","17":"product-type-simple"},"_links":{"self":[{"href":"https:\/\/roveyayinevi.com.tr\/index.php\/wp-json\/wp\/v2\/product\/767437","targetHints":{"allow":["GET"]}}],"collection":[{"href":"https:\/\/roveyayinevi.com.tr\/index.php\/wp-json\/wp\/v2\/product"}],"about":[{"href":"https:\/\/roveyayinevi.com.tr\/index.php\/wp-json\/wp\/v2\/types\/product"}],"wp:attachment":[{"href":"https:\/\/roveyayinevi.com.tr\/index.php\/wp-json\/wp\/v2\/media?parent=767437"}],"wp:term":[{"taxonomy":"product_brand","embeddable":true,"href":"https:\/\/roveyayinevi.com.tr\/index.php\/wp-json\/wp\/v2\/product_brand?post=767437"},{"taxonomy":"product_cat","embeddable":true,"href":"https:\/\/roveyayinevi.com.tr\/index.php\/wp-json\/wp\/v2\/product_cat?post=767437"},{"taxonomy":"product_tag","embeddable":true,"href":"https:\/\/roveyayinevi.com.tr\/index.php\/wp-json\/wp\/v2\/product_tag?post=767437"}],"curies":[{"name":"wp","href":"https:\/\/api.w.org\/{rel}","templated":true}]}}