{"id":767435,"date":"2025-08-28T12:47:21","date_gmt":"2025-08-28T09:47:21","guid":{"rendered":"https:\/\/roveyayinevi.com.tr\/index.php\/urun\/basma-balosu\/"},"modified":"2026-04-15T03:33:23","modified_gmt":"2026-04-15T00:33:23","slug":"basma-balosu","status":"publish","type":"product","link":"https:\/\/roveyayinevi.com.tr\/index.php\/urun\/basma-balosu\/","title":{"rendered":"Basma Balosu"},"content":{"rendered":"<p>G\u00fcldem \u015eahan, Basma Balosu adl\u0131 yeni \u00f6yk\u00fc kitab\u0131nda, insan ruhunun derinliklerine iniyor ve hayat\u0131n kaybolan, terkedilen anlar\u0131n\u0131 ke\u015ffe \u00e7\u0131k\u0131yor. \u201cSilva\u201ddan \u201cBat\u0131k Kentin \u00c7\u0131kmaz\u0131\u201dna, \u201c\u00c7\u0131r\u00e7\u0131r Mahallesi\u201dnden \u201cKelebe\u011fin \u00d6l\u00fcm\u00fc\u201dne kadar her \u00f6yk\u00fc, farkl\u0131 d\u00fcnyalar\u0131n ve ya\u015famlar\u0131n izlerini ta\u015f\u0131yor. Kitap, yaln\u0131zl\u0131k, ke\u015fif ve insan\u0131n i\u00e7sel yolculu\u011funun izlerini s\u00fcrerken, her bir \u00f6yk\u00fcde farkl\u0131 bir duygu ve evrensel bir bak\u0131\u015f a\u00e7\u0131s\u0131 sunuyor. G\u00fcldem \u015eahan\u2019\u0131n zarif dili, okuyucuyu derin bir deneyime davet ediyor. Basma Balosu, her sayfas\u0131nda yeni bir ke\u015fif vaat ediyor. <\/p>\n","protected":false},"excerpt":{"rendered":"<p>G\u00fcldem \u015eahan, Basma Balosu adl\u0131 yeni \u00f6yk\u00fc kitab\u0131nda, insan ruhunun derinliklerine iniyor ve hayat\u0131n kaybolan, terkedilen anlar\u0131n\u0131 ke\u015ffe \u00e7\u0131k\u0131yor. \u201cSilva\u201ddan \u201cBat\u0131k Kentin \u00c7\u0131kmaz\u0131\u201dna, \u201c\u00c7\u0131r\u00e7\u0131r Mahallesi\u201dnden \u201cKelebe\u011fin<span class=\"excerpt-hellip\"> [\u2026]<\/span><\/p>\n","protected":false},"featured_media":0,"template":"","meta":{"_monsterinsights_skip_tracking":false,"_monsterinsights_sitenote_active":false,"_monsterinsights_sitenote_note":"","_monsterinsights_sitenote_category":0},"product_brand":[],"product_cat":[12291,18202],"product_tag":[],"class_list":{"0":"post-767435","1":"product","2":"type-product","3":"status-publish","5":"product_cat-edebiyat","6":"product_cat-hikaye","7":"pa_cilt-ciltsiz","8":"pa_tur-kitap","9":"pa_yayinevi-eksik-parca-yayinlari","10":"pa_yazar-guldem-sahan","12":"first","13":"instock","14":"sale","15":"shipping-taxable","16":"purchasable","17":"product-type-simple"},"_links":{"self":[{"href":"https:\/\/roveyayinevi.com.tr\/index.php\/wp-json\/wp\/v2\/product\/767435","targetHints":{"allow":["GET"]}}],"collection":[{"href":"https:\/\/roveyayinevi.com.tr\/index.php\/wp-json\/wp\/v2\/product"}],"about":[{"href":"https:\/\/roveyayinevi.com.tr\/index.php\/wp-json\/wp\/v2\/types\/product"}],"wp:attachment":[{"href":"https:\/\/roveyayinevi.com.tr\/index.php\/wp-json\/wp\/v2\/media?parent=767435"}],"wp:term":[{"taxonomy":"product_brand","embeddable":true,"href":"https:\/\/roveyayinevi.com.tr\/index.php\/wp-json\/wp\/v2\/product_brand?post=767435"},{"taxonomy":"product_cat","embeddable":true,"href":"https:\/\/roveyayinevi.com.tr\/index.php\/wp-json\/wp\/v2\/product_cat?post=767435"},{"taxonomy":"product_tag","embeddable":true,"href":"https:\/\/roveyayinevi.com.tr\/index.php\/wp-json\/wp\/v2\/product_tag?post=767435"}],"curies":[{"name":"wp","href":"https:\/\/api.w.org\/{rel}","templated":true}]}}