{"id":767431,"date":"2025-08-28T12:47:13","date_gmt":"2025-08-28T09:47:13","guid":{"rendered":"https:\/\/roveyayinevi.com.tr\/index.php\/urun\/olive-oil-and-wine-production-in-aegean-and-mediterranean-in-antiquity\/"},"modified":"2026-04-15T03:33:22","modified_gmt":"2026-04-15T00:33:22","slug":"olive-oil-and-wine-production-in-aegean-and-mediterranean-in-antiquity","status":"publish","type":"product","link":"https:\/\/roveyayinevi.com.tr\/index.php\/urun\/olive-oil-and-wine-production-in-aegean-and-mediterranean-in-antiquity\/","title":{"rendered":"Olive Oil and Wine Production in Aegean and Mediterranean in Antiquity"},"content":{"rendered":"<p>2022 y\u0131l\u0131nda Bodrum\u2019da d\u00fczenlenen Ege ve Akdeniz\u2019de Antik \u00c7a\u011fda Zeytinya\u011f\u0131 ve \u015earap \u00dcretimi ba\u015fl\u0131kl\u0131 sempozyum, daha \u00f6nce Mersin ve Urla\u2019da d\u00fczenlenen toplant\u0131lar\u0131n \u00fc\u00e7\u00fcnc\u00fcs\u00fcd\u00fcr.   Bodrum\u2019daki sempozyum, Antik \u00c7a\u011f\u2019da Ege ve Akdeniz\u2019de zeytinya\u011f\u0131, \u015farap \u00fcretimi, k\u0131rsal yerle\u015fimler, kent merkezleri ve ticaret alt ba\u015fl\u0131\u011f\u0131n\u0131 ta\u015f\u0131makta olup, \u00fcretimin her alan\u0131n\u0131 kapsayan bir i\u00e7eri\u011fe sahiptir. Bodrum\u2019da d\u00fczenlenen uluslararas\u0131 sempozyumda, alanlar\u0131nda yetkin bilim insanlar\u0131n\u0131n sundu\u011fu bildiriler sayesinde ele al\u0131nmas\u0131 gereken konular, yeni bulgular ve tart\u0131\u015fmalar ortaya \u00e7\u0131km\u0131\u015ft\u0131r. Sempozyum, bunlar\u0131 de\u011ferlendirmeyi, Antik \u00c7a\u011f boyunca Ege ve Do\u011fu Akdeniz\u2019deki yerle\u015fimlerde zeytinya\u011f\u0131 ve \u015farap \u00fcretiminin evriminin boyutlar\u0131n\u0131 ve ticaret \u00fczerindeki etkisini incelemeyi ve yeni elde edilen arkeolojik verileri ele almay\u0131 ama\u00e7lamaktad\u0131r.   Sempozyumda ele al\u0131nan konulardan baz\u0131lar\u0131 \u015funlard\u0131r: Antik zeytinya\u011f\u0131 ve \u015farap \u00fcretiminde ambalajlama, ta\u015f\u0131ma ve g\u00fczergahlar; \u00fcretim kapasitesi, \u00fcretici-t\u00fcketici ili\u015fkileri, arazi kullan\u0131mlar\u0131 ve kiralama s\u00f6zle\u015fmeleri, zeytin ve ba\u011f tar\u0131m\u0131nda antik peyzaj ve arazi kullan\u0131m\u0131, antik zeytinya\u011f\u0131 ve \u015farap \u00fcretiminde k\u0131rsal ve kentsel ili\u015fkiler; antik zeytinya\u011f\u0131 ve \u015farap \u00fcretiminde arkeometrik \u00e7al\u0131\u015fmalar; zeytin ve asma \u00fcretiminde paleo-etnobotanik etnoarkeolojik \u00e7al\u0131\u015fmalar; epigrafik tarihi belgeler \u0131\u015f\u0131\u011f\u0131nda zeytinya\u011f\u0131 ve \u015farap.<\/p>\n","protected":false},"excerpt":{"rendered":"<p>2022 y\u0131l\u0131nda Bodrum\u2019da d\u00fczenlenen Ege ve Akdeniz\u2019de Antik \u00c7a\u011fda Zeytinya\u011f\u0131 ve \u015earap \u00dcretimi ba\u015fl\u0131kl\u0131 sempozyum, daha \u00f6nce Mersin ve Urla\u2019da d\u00fczenlenen toplant\u0131lar\u0131n \u00fc\u00e7\u00fcnc\u00fcs\u00fcd\u00fcr. Bodrum\u2019daki sempozyum, Antik<span class=\"excerpt-hellip\"> [\u2026]<\/span><\/p>\n","protected":false},"featured_media":0,"template":"","meta":{"_monsterinsights_skip_tracking":false,"_monsterinsights_sitenote_active":false,"_monsterinsights_sitenote_note":"","_monsterinsights_sitenote_category":0},"product_brand":[],"product_cat":[52477,52478],"product_tag":[],"class_list":{"0":"post-767431","1":"product","2":"type-product","3":"status-publish","5":"product_cat-arastirma","6":"product_cat-arkeoloji","7":"pa_cilt-ciltsiz","8":"pa_tur-kitap","9":"pa_yayinevi-bilgin-kultur-sanat","10":"pa_yazar-umit-aydinoglu-a-kaan-senol","12":"first","13":"instock","14":"sale","15":"shipping-taxable","16":"purchasable","17":"product-type-simple"},"_links":{"self":[{"href":"https:\/\/roveyayinevi.com.tr\/index.php\/wp-json\/wp\/v2\/product\/767431","targetHints":{"allow":["GET"]}}],"collection":[{"href":"https:\/\/roveyayinevi.com.tr\/index.php\/wp-json\/wp\/v2\/product"}],"about":[{"href":"https:\/\/roveyayinevi.com.tr\/index.php\/wp-json\/wp\/v2\/types\/product"}],"wp:attachment":[{"href":"https:\/\/roveyayinevi.com.tr\/index.php\/wp-json\/wp\/v2\/media?parent=767431"}],"wp:term":[{"taxonomy":"product_brand","embeddable":true,"href":"https:\/\/roveyayinevi.com.tr\/index.php\/wp-json\/wp\/v2\/product_brand?post=767431"},{"taxonomy":"product_cat","embeddable":true,"href":"https:\/\/roveyayinevi.com.tr\/index.php\/wp-json\/wp\/v2\/product_cat?post=767431"},{"taxonomy":"product_tag","embeddable":true,"href":"https:\/\/roveyayinevi.com.tr\/index.php\/wp-json\/wp\/v2\/product_tag?post=767431"}],"curies":[{"name":"wp","href":"https:\/\/api.w.org\/{rel}","templated":true}]}}