{"id":767429,"date":"2025-08-28T12:47:03","date_gmt":"2025-08-28T09:47:03","guid":{"rendered":"https:\/\/roveyayinevi.com.tr\/index.php\/urun\/sonsuzlugun-melodisi-3\/"},"modified":"2025-09-21T20:02:15","modified_gmt":"2025-09-21T17:02:15","slug":"sonsuzlugun-melodisi-3","status":"publish","type":"product","link":"https:\/\/roveyayinevi.com.tr\/index.php\/urun\/sonsuzlugun-melodisi-3\/","title":{"rendered":"Sonsuzlu\u011fun Melodisi 3"},"content":{"rendered":"<p>Ba\u015fkent Yggdrasil\u2019in kontrol\u00fcn\u00fc ele ge\u00e7irip Tanr\u0131 \u00d6ld\u00fcren olarak yeniden do\u011fan G\u00f6lge, g\u00f6zlerini tanr\u0131lar\u0131n diyar\u0131 Asgard\u2019a diker. Fakat Asgard\u2019\u0131 ele ge\u00e7irmeden \u00f6nce Valhalla\u2019ya d\u00fczen getirip g\u00fc\u00e7 toplamas\u0131 gerekir. \u0130nsanlar \u00f6zg\u00fcrl\u00fck i\u00e7in harekete ge\u00e7ti\u011finde tanr\u0131lar\u0131n alacakaranl\u0131\u011f\u0131 gelecek, b\u00fct\u00fcn d\u00fcnyan\u0131n gidi\u015fat\u0131 de\u011fi\u015fecektir.   Sonsuzlu\u011fun Melodisi serisinin son kitab\u0131nda ba\u015flang\u0131\u00e7lar sonlanacak, sonlar ise tekrar ba\u015flayacak.   \u201cA\u011fa\u00e7tan \u015fehre do\u011fru bakt\u0131\u011f\u0131nda fakir ve zengin kesim aras\u0131ndaki fark\u0131 \u00e7ok daha net bir \u015fekilde g\u00f6rebiliyordu. Do\u011fdu\u011fundan beri \u00e7ok ac\u0131 \u00e7ekmi\u015fti ama \u00e7evresinde ondan da fazla ac\u0131 \u00e7ekenlerin oldu\u011funu biliyordu. Her g\u00fcn \u00f6l\u00fcm haberleri al\u0131yordu. Yine de umutluydu. G\u00fczel g\u00fcnler elbet tekrar gelecekti \u00e7\u00fcnk\u00fc tarih her zaman tekerr\u00fcr ediyordu&#8230; Ve \u00e7ocuk umutluydu. Sava\u015fmas\u0131 gerekiyordu. Sava\u015fmay\u0131 b\u0131rakt\u0131\u011f\u0131 an b\u00fct\u00fcn umut yok olurdu. Her \u015feye ra\u011fmen sava\u015f\u0131p adaletin kahraman\u0131 olmal\u0131yd\u0131. \u0130\u015fte bundan b\u00fct\u00fcn benli\u011fiyle \u00e7ok emindi.\u201d<\/p>\n","protected":false},"excerpt":{"rendered":"<p>Ba\u015fkent Yggdrasil\u2019in kontrol\u00fcn\u00fc ele ge\u00e7irip Tanr\u0131 \u00d6ld\u00fcren olarak yeniden do\u011fan G\u00f6lge, g\u00f6zlerini tanr\u0131lar\u0131n diyar\u0131 Asgard\u2019a diker. Fakat Asgard\u2019\u0131 ele ge\u00e7irmeden \u00f6nce Valhalla\u2019ya d\u00fczen getirip g\u00fc\u00e7 toplamas\u0131<span class=\"excerpt-hellip\"> [\u2026]<\/span><\/p>\n","protected":false},"featured_media":0,"template":"","meta":{"_monsterinsights_skip_tracking":false,"_monsterinsights_sitenote_active":false,"_monsterinsights_sitenote_note":"","_monsterinsights_sitenote_category":0},"product_brand":[],"product_cat":[12291,12509],"product_tag":[],"class_list":{"0":"post-767429","1":"product","2":"type-product","3":"status-publish","5":"product_cat-edebiyat","6":"product_cat-siir","7":"pa_cilt-ciltsiz","8":"pa_tur-kitap","9":"pa_yayinevi-luna-yayinlari","10":"pa_yazar-mert-oncel","12":"first","13":"instock","14":"sale","15":"shipping-taxable","16":"purchasable","17":"product-type-simple"},"_links":{"self":[{"href":"https:\/\/roveyayinevi.com.tr\/index.php\/wp-json\/wp\/v2\/product\/767429","targetHints":{"allow":["GET"]}}],"collection":[{"href":"https:\/\/roveyayinevi.com.tr\/index.php\/wp-json\/wp\/v2\/product"}],"about":[{"href":"https:\/\/roveyayinevi.com.tr\/index.php\/wp-json\/wp\/v2\/types\/product"}],"wp:attachment":[{"href":"https:\/\/roveyayinevi.com.tr\/index.php\/wp-json\/wp\/v2\/media?parent=767429"}],"wp:term":[{"taxonomy":"product_brand","embeddable":true,"href":"https:\/\/roveyayinevi.com.tr\/index.php\/wp-json\/wp\/v2\/product_brand?post=767429"},{"taxonomy":"product_cat","embeddable":true,"href":"https:\/\/roveyayinevi.com.tr\/index.php\/wp-json\/wp\/v2\/product_cat?post=767429"},{"taxonomy":"product_tag","embeddable":true,"href":"https:\/\/roveyayinevi.com.tr\/index.php\/wp-json\/wp\/v2\/product_tag?post=767429"}],"curies":[{"name":"wp","href":"https:\/\/api.w.org\/{rel}","templated":true}]}}