{"id":767427,"date":"2025-08-28T12:47:00","date_gmt":"2025-08-28T09:47:00","guid":{"rendered":"https:\/\/roveyayinevi.com.tr\/index.php\/urun\/gulumse-dostum-cekiyorum\/"},"modified":"2026-04-15T03:33:22","modified_gmt":"2026-04-15T00:33:22","slug":"gulumse-dostum-cekiyorum","status":"publish","type":"product","link":"https:\/\/roveyayinevi.com.tr\/index.php\/urun\/gulumse-dostum-cekiyorum\/","title":{"rendered":"G\u00fcl\u00fcmse Dostum \u00c7ekiyorum"},"content":{"rendered":"<p>Umut, sokaklarda ya\u015fayan hi\u00e7bir canl\u0131n\u0131n a\u00e7 kalmas\u0131n\u0131 istemiyordu. Her g\u00fcn okula giderken onlar i\u00e7in yemek g\u00f6t\u00fcr\u00fcyordu. Peki Umut\u2019un t\u00fcm sokak hayvanlar\u0131n\u0131 besleyebilmesi m\u00fcmk\u00fcn m\u00fcyd\u00fc? Ya okul bah\u00e7esinde k\u00f6pe\u011fe ba\u011f\u0131ran o \u00e7ocu\u011fa ne demeliydi? Ad\u0131 R\u00fczg\u00e2r m\u0131yd\u0131? R\u00fczg\u00e2r, hayvanlar\u0131 sevmiyor muydu? \u00dcstelik hi\u00e7 g\u00fclm\u00fcyordu. \u0130\u00e7indeki sevgi ve merhameti ortaya \u00e7\u0131karman\u0131n bir yolu var m\u0131yd\u0131? Mutlaka olmal\u0131yd\u0131. \u00c7\u00fcnk\u00fc \u201csevgi\u201d hepimizin i\u00e7inde vard\u0131.   Psikolog Ceren Karata\u015f\u2019\u0131n kaleminden sevgi, merhamet ve dostluk \u00fczerine g\u00fcl\u00fcmseten bir hik\u00e2ye. \u00dcstelik bu kitapta tek g\u00fcl\u00fcmseyen \u00e7ocuklar de\u011fil, can dostlar\u0131m\u0131z sokak hayvanlar\u0131 da hik\u00e2yenin en \u00f6zel yerinde sizlerle\u2026<\/p>\n","protected":false},"excerpt":{"rendered":"<p>Umut, sokaklarda ya\u015fayan hi\u00e7bir canl\u0131n\u0131n a\u00e7 kalmas\u0131n\u0131 istemiyordu. Her g\u00fcn okula giderken onlar i\u00e7in yemek g\u00f6t\u00fcr\u00fcyordu. Peki Umut\u2019un t\u00fcm sokak hayvanlar\u0131n\u0131 besleyebilmesi m\u00fcmk\u00fcn m\u00fcyd\u00fc? Ya okul<span class=\"excerpt-hellip\"> [\u2026]<\/span><\/p>\n","protected":false},"featured_media":0,"template":"","meta":{"_monsterinsights_skip_tracking":false,"_monsterinsights_sitenote_active":false,"_monsterinsights_sitenote_note":"","_monsterinsights_sitenote_category":0},"product_brand":[],"product_cat":[12274,12284],"product_tag":[],"class_list":{"0":"post-767427","1":"product","2":"type-product","3":"status-publish","5":"product_cat-cocuk-ve-genclik-kitaplari","6":"product_cat-hikayeler","7":"pa_cilt-ciltsiz","8":"pa_tur-kitap","9":"pa_yayinevi-luna-cocuk-yayinlari","10":"pa_yazar-ceren-karatas","12":"first","13":"instock","14":"sale","15":"shipping-taxable","16":"purchasable","17":"product-type-simple"},"_links":{"self":[{"href":"https:\/\/roveyayinevi.com.tr\/index.php\/wp-json\/wp\/v2\/product\/767427","targetHints":{"allow":["GET"]}}],"collection":[{"href":"https:\/\/roveyayinevi.com.tr\/index.php\/wp-json\/wp\/v2\/product"}],"about":[{"href":"https:\/\/roveyayinevi.com.tr\/index.php\/wp-json\/wp\/v2\/types\/product"}],"wp:attachment":[{"href":"https:\/\/roveyayinevi.com.tr\/index.php\/wp-json\/wp\/v2\/media?parent=767427"}],"wp:term":[{"taxonomy":"product_brand","embeddable":true,"href":"https:\/\/roveyayinevi.com.tr\/index.php\/wp-json\/wp\/v2\/product_brand?post=767427"},{"taxonomy":"product_cat","embeddable":true,"href":"https:\/\/roveyayinevi.com.tr\/index.php\/wp-json\/wp\/v2\/product_cat?post=767427"},{"taxonomy":"product_tag","embeddable":true,"href":"https:\/\/roveyayinevi.com.tr\/index.php\/wp-json\/wp\/v2\/product_tag?post=767427"}],"curies":[{"name":"wp","href":"https:\/\/api.w.org\/{rel}","templated":true}]}}