{"id":767425,"date":"2025-08-28T12:46:56","date_gmt":"2025-08-28T09:46:56","guid":{"rendered":"https:\/\/roveyayinevi.com.tr\/index.php\/urun\/turkiyede-gocmen-girisimci-kadin-istanbul-ornegi\/"},"modified":"2026-04-15T03:33:22","modified_gmt":"2026-04-15T00:33:22","slug":"turkiyede-gocmen-girisimci-kadin-istanbul-ornegi","status":"publish","type":"product","link":"https:\/\/roveyayinevi.com.tr\/index.php\/urun\/turkiyede-gocmen-girisimci-kadin-istanbul-ornegi\/","title":{"rendered":"T\u00fcrkiye\u2019de G\u00f6\u00e7men Giri\u015fimci Kad\u0131n \u0130stanbul \u00d6rne\u011fi"},"content":{"rendered":"<p>\u201cKad\u0131nlar, zorluklar\u0131 a\u015farak yaln\u0131zca kendi hayatlar\u0131n\u0131 de\u011fil, toplumlar\u0131n gelece\u011fini de yeniden in\u015fa eder.\u201d Bu eser, \u0130stanbul\u2019un kozmopolit yap\u0131s\u0131nda yasayan g\u00f6\u00e7men giri\u015fimci kad\u0131nlar\u0131n sosyoekonomik yasama olan katk\u0131lar\u0131n\u0131 ve kar\u015f\u0131la\u015ft\u0131klar\u0131 engelleri titizlikle ele al\u0131yor. G\u00f6\u00e7 ve giri\u015fimcilik kavramlar\u0131n\u0131 merkezine alan bu \u00e7al\u0131\u015fma, yaln\u0131zca verilerin so\u011fuk ger\u00e7ekli\u011finde durmuyor; her istatisti\u011fin ard\u0131nda bir hayat, bir m\u00fccadele ve bir ba\u015far\u0131 \u00f6yk\u00fcs\u00fc oldu\u011funu y\u00fcrekten hissettiriyor. Dil bariyerlerinden k\u00fclt\u00fcrel uyum sorunlar\u0131na, finansal engellerden b\u00fcrokratik zorluklara kadar geni\u015f bir yelpazede zorluklar\u0131 asan bu kad\u0131nlar\u0131n hik\u00e2yeleri, toplumsal entegrasyonun ve ekonomik kalk\u0131nman\u0131n gizli kahramanlar\u0131n\u0131 g\u00fcn y\u00fcz\u00fcne \u00e7\u0131kar\u0131yor. Akademik bir hassasiyet ve insani bir duyarl\u0131l\u0131kla kaleme al\u0131nan bu \u00e7al\u0131\u015fma, g\u00f6\u00e7men giri\u015fimcili\u011fin ekonomik etkilerinin yan\u0131 s\u0131ra sosyal ve k\u00fclt\u00fcrel yans\u0131malar\u0131n\u0131 da g\u00f6zler \u00f6n\u00fcne seriyor. \u201cG\u00f6\u00e7, yaln\u0131zca fiziksel bir yer de\u011fi\u015ftirme de\u011fil; yeni bir hayata, yeni bir kimli\u011fe ve \u00e7o\u011fu zaman yeni bir umuda yap\u0131lan bir yolculuktur.\u201d Bu kitap, g\u00f6\u00e7men kad\u0131nlar\u0131n d\u00fcnyas\u0131n\u0131 anlamak isteyenler i\u00e7in g\u00fc\u00e7l\u00fc bir rehber olmas\u0131n\u0131n yan\u0131 s\u0131ra, politika yap\u0131c\u0131lara, akademisyenlere ve sivil toplum kurulu\u015flar\u0131na da de\u011ferli bir kaynak sunuyor. \u0130stanbul\u2019un sokaklar\u0131nda hayat bulan bu hik\u00e2yeler, yaln\u0131zca \u015fehirlerin de\u011fil, insanl\u0131\u011f\u0131n ortak gelece\u011fi ad\u0131na ilham veriyor. <\/p>\n","protected":false},"excerpt":{"rendered":"<p>\u201cKad\u0131nlar, zorluklar\u0131 a\u015farak yaln\u0131zca kendi hayatlar\u0131n\u0131 de\u011fil, toplumlar\u0131n gelece\u011fini de yeniden in\u015fa eder.\u201d Bu eser, \u0130stanbul\u2019un kozmopolit yap\u0131s\u0131nda yasayan g\u00f6\u00e7men giri\u015fimci kad\u0131nlar\u0131n sosyoekonomik yasama olan katk\u0131lar\u0131n\u0131<span class=\"excerpt-hellip\"> [\u2026]<\/span><\/p>\n","protected":false},"featured_media":0,"template":"","meta":{"_monsterinsights_skip_tracking":false,"_monsterinsights_sitenote_active":false,"_monsterinsights_sitenote_note":"","_monsterinsights_sitenote_category":0},"product_brand":[],"product_cat":[13043],"product_tag":[],"class_list":{"0":"post-767425","1":"product","2":"type-product","3":"status-publish","5":"product_cat-ekonomi","6":"pa_cilt-ciltsiz","7":"pa_tur-kitap","8":"pa_yayinevi-astana-yayinlari","9":"pa_yazar-gursel-isik","11":"first","12":"instock","13":"sale","14":"shipping-taxable","15":"purchasable","16":"product-type-simple"},"_links":{"self":[{"href":"https:\/\/roveyayinevi.com.tr\/index.php\/wp-json\/wp\/v2\/product\/767425","targetHints":{"allow":["GET"]}}],"collection":[{"href":"https:\/\/roveyayinevi.com.tr\/index.php\/wp-json\/wp\/v2\/product"}],"about":[{"href":"https:\/\/roveyayinevi.com.tr\/index.php\/wp-json\/wp\/v2\/types\/product"}],"wp:attachment":[{"href":"https:\/\/roveyayinevi.com.tr\/index.php\/wp-json\/wp\/v2\/media?parent=767425"}],"wp:term":[{"taxonomy":"product_brand","embeddable":true,"href":"https:\/\/roveyayinevi.com.tr\/index.php\/wp-json\/wp\/v2\/product_brand?post=767425"},{"taxonomy":"product_cat","embeddable":true,"href":"https:\/\/roveyayinevi.com.tr\/index.php\/wp-json\/wp\/v2\/product_cat?post=767425"},{"taxonomy":"product_tag","embeddable":true,"href":"https:\/\/roveyayinevi.com.tr\/index.php\/wp-json\/wp\/v2\/product_tag?post=767425"}],"curies":[{"name":"wp","href":"https:\/\/api.w.org\/{rel}","templated":true}]}}