{"id":767424,"date":"2025-08-28T12:46:55","date_gmt":"2025-08-28T09:46:55","guid":{"rendered":"https:\/\/roveyayinevi.com.tr\/index.php\/urun\/gurbet-pour-bagage\/"},"modified":"2026-04-15T03:33:22","modified_gmt":"2026-04-15T00:33:22","slug":"gurbet-pour-bagage","status":"publish","type":"product","link":"https:\/\/roveyayinevi.com.tr\/index.php\/urun\/gurbet-pour-bagage\/","title":{"rendered":"Gurbet &#8211; Pour Bagage"},"content":{"rendered":"<p>Elinizde \u201cGurbet Pour Bagaj\u201d isimli eserde okuyabilece\u011finiz bir \u00e7ok \u015fiirler aras\u0131nda \u201c\u00c7ift Dilli\u201d \u015fiiri \u00e7ok dikkatimi \u00e7ekti. \u015eair han\u0131m bu \u015fiirinde \u00e7ift dilli olmay\u0131 evlad\u0131na benzeterek yazm\u0131\u015f. Di\u011fer \u201c\u00c7ocuk Boyunda\u201d \u015fiiri ise \u00e7ocuklu bir annenin elinde s\u00fcrekli telefon veya bilgisayar ba\u015f\u0131nda olma durumunu \u015fiirinde oldu\u011fu gibi yans\u0131tm\u0131\u015f. \u015eiirde bir annenin iki g\u00f6z\u00fc s\u00fcrekli telefon ekran\u0131nda birileriyle mesajla\u015fmas\u0131 yan\u0131ndaki \u00e7ocu\u011funun olup olmad\u0131\u011f\u0131n\u0131 fark etmemesi ve onun \u00e7a\u011f\u0131r\u0131s\u0131na tepki vermemesi sonucunda \u00e7ocu\u011fun kendisini yaln\u0131z hissetmesini, \u00fcz\u00fcnt\u00fclerini yans\u0131tm\u0131\u015f. Maalesef bu durum \u00fclkesinden, \u0131rk\u0131ndan as\u0131l\u0131 olmayarak hem global sorun hem de ac\u0131nacak durumlardan biridir. Veya di\u011fer \u201cKader\u201d isimli \u015fiirindeyse 3462 km uzakl\u0131kta T\u00fcrkiye ile Fransa aras\u0131ndaki ya\u015fad\u0131klar\u0131n\u0131 \u015fiir arac\u0131l\u0131\u011f\u0131yla kaleme alm\u0131\u015f. \u015eair han\u0131m\u0131n eserinde daha farkl\u0131 ve hayatla ba\u011fl\u0131 \u00e7ok \u00f6nemli \u015fiirlerini de okuyabileceksiniz. \u00d6rne\u011fin \u201cBir ad\u0131m&#8230;\u201d \u015fiirinde bir kad\u0131n\u0131n hayattaki m\u00fccadelesini ya\u015fad\u0131klar\u0131yla isimlendirmesi \u00e7ok duygusal ve i\u00e7 ac\u0131tacak durumdur. \u00d6ns\u00f6z yazmak i\u00e7in \u015fiirleri okudu\u011fumda eskiden Sovyetler Birli\u011fi d\u00f6neminde \u00fcnl\u00fc \u015fair han\u0131mlar\u0131n \u015fiirlerini \u00e7ok severek okuyordum. Ancak y\u0131llar sonra T\u00fcrk \u015fair han\u0131m\u0131n \u015fiirini okuyup ona \u00f6ns\u00f6z yazma f\u0131rsat\u0131m oldu. Ve Keziban han\u0131m\u0131n \u015fiirleri Sovyetler Birli\u011fi d\u00f6neminde okudu\u011fum \u015fiirlerle k\u0131yaslanamayacak derecede y\u00fcksek seviyede anlaml\u0131 ve ger\u00e7ekleri yans\u0131tarak kaleme al\u0131nd\u0131\u011f\u0131n\u0131 fark ettim. Genellikle Keziban han\u0131m\u0131n bu eserinde a\u011f\u0131rl\u0131kl\u0131 olarak gurbeti, \u00f6zlemi ya\u015fayan bir insan\u0131n ac\u0131lar\u0131n\u0131 yans\u0131tan ger\u00e7ek bir \u015fiirler okuyacaks\u0131n\u0131z. Dr. Sevil P\u0130R\u0130YEVA KARAMAN <\/p>\n","protected":false},"excerpt":{"rendered":"<p>Elinizde \u201cGurbet Pour Bagaj\u201d isimli eserde okuyabilece\u011finiz bir \u00e7ok \u015fiirler aras\u0131nda \u201c\u00c7ift Dilli\u201d \u015fiiri \u00e7ok dikkatimi \u00e7ekti. \u015eair han\u0131m bu \u015fiirinde \u00e7ift dilli olmay\u0131 evlad\u0131na benzeterek<span class=\"excerpt-hellip\"> [\u2026]<\/span><\/p>\n","protected":false},"featured_media":0,"template":"","meta":{"_monsterinsights_skip_tracking":false,"_monsterinsights_sitenote_active":false,"_monsterinsights_sitenote_note":"","_monsterinsights_sitenote_category":0},"product_brand":[],"product_cat":[12291,12509],"product_tag":[],"class_list":{"0":"post-767424","1":"product","2":"type-product","3":"status-publish","5":"product_cat-edebiyat","6":"product_cat-siir","7":"pa_cilt-ciltsiz","8":"pa_tur-kitap","9":"pa_yayinevi-omca-yayinlari","10":"pa_yazar-keziban-yildiz","12":"first","13":"instock","14":"sale","15":"shipping-taxable","16":"purchasable","17":"product-type-simple"},"_links":{"self":[{"href":"https:\/\/roveyayinevi.com.tr\/index.php\/wp-json\/wp\/v2\/product\/767424","targetHints":{"allow":["GET"]}}],"collection":[{"href":"https:\/\/roveyayinevi.com.tr\/index.php\/wp-json\/wp\/v2\/product"}],"about":[{"href":"https:\/\/roveyayinevi.com.tr\/index.php\/wp-json\/wp\/v2\/types\/product"}],"wp:attachment":[{"href":"https:\/\/roveyayinevi.com.tr\/index.php\/wp-json\/wp\/v2\/media?parent=767424"}],"wp:term":[{"taxonomy":"product_brand","embeddable":true,"href":"https:\/\/roveyayinevi.com.tr\/index.php\/wp-json\/wp\/v2\/product_brand?post=767424"},{"taxonomy":"product_cat","embeddable":true,"href":"https:\/\/roveyayinevi.com.tr\/index.php\/wp-json\/wp\/v2\/product_cat?post=767424"},{"taxonomy":"product_tag","embeddable":true,"href":"https:\/\/roveyayinevi.com.tr\/index.php\/wp-json\/wp\/v2\/product_tag?post=767424"}],"curies":[{"name":"wp","href":"https:\/\/api.w.org\/{rel}","templated":true}]}}