{"id":767422,"date":"2025-08-28T12:46:50","date_gmt":"2025-08-28T09:46:50","guid":{"rendered":"https:\/\/roveyayinevi.com.tr\/index.php\/urun\/askin-cagrisi\/"},"modified":"2025-11-21T11:13:48","modified_gmt":"2025-11-21T08:13:48","slug":"askin-cagrisi","status":"publish","type":"product","link":"https:\/\/roveyayinevi.com.tr\/index.php\/urun\/askin-cagrisi\/","title":{"rendered":"A\u015fk\u0131n \u00c7a\u011fr\u0131s\u0131"},"content":{"rendered":"<p>A\u015fk\u0131n \u00c7a\u011fr\u0131s\u0131, a\u015fk\u0131n, spirit\u00fcel bir uyan\u0131\u015f\u0131n ve psikolojik y\u00fczle\u015fmelerin kesi\u015fti\u011fi, kolay okunan ayn\u0131 zamanda bir o kadar da derin bir hik\u00e2ye kitab\u0131. Okur her bir hik\u00e2yede, insan olman\u0131n farkl\u0131 y\u00fczlerini ke\u015ffederken kendiyle y\u00fczle\u015fmeye y\u00f6nleniyor. Sevginin d\u00f6n\u00fc\u015ft\u00fcr\u00fcc\u00fc g\u00fcc\u00fcnden ge\u00e7mi\u015fin ilham veren miras\u0131na, Hindistan\u2019\u0131n b\u00fcy\u00fcl\u00fc atmosferinden bir ar\u0131nma dans\u0131na kadar uzanan bu yolculukta, hayat\u0131n karma\u015f\u0131k ama bir o kadar g\u00fczel y\u00fcz\u00fcne tan\u0131kl\u0131k edeceksiniz. Her hik\u00e2ye, farkl\u0131 bir pencere a\u00e7\u0131yor; bazen bir r\u00fcyan\u0131n i\u00e7inde kaybolup sevginin g\u00fcc\u00fcne s\u0131\u011f\u0131n\u0131yor, bazen uzak diyarlarda arad\u0131\u011f\u0131m\u0131z huzuru en yak\u0131n an\u0131lar\u0131m\u0131zda buluyoruz. A\u015fk, yaln\u0131zca bir duygu de\u011fil; bizi kendimizle ve evrenle ba\u011flayan bir yolculuktur. Bu kitap, o yolculu\u011fun k\u0131vr\u0131ml\u0131 patikalar\u0131nda size e\u015flik edecek. Ruhunuzu dinlemek, korkular\u0131n\u0131zla y\u00fczle\u015fmek ve kendinizi yeniden sevmek i\u00e7in bir davet olan A\u015fk\u0131n \u00c7a\u011fr\u0131s\u0131, okuyucular\u0131n\u0131 hem kalbinin hem ruhunun derinliklerine \u00e7ekiyor. Bu hik\u00e2yeler, yaln\u0131zca birer kurgu de\u011fil; her sat\u0131r\u0131nda sizinle yank\u0131lanmay\u0131 bekleyen bir \u00e7a\u011fr\u0131. <\/p>\n","protected":false},"excerpt":{"rendered":"<p>A\u015fk\u0131n \u00c7a\u011fr\u0131s\u0131, a\u015fk\u0131n, spirit\u00fcel bir uyan\u0131\u015f\u0131n ve psikolojik y\u00fczle\u015fmelerin kesi\u015fti\u011fi, kolay okunan ayn\u0131 zamanda bir o kadar da derin bir hik\u00e2ye kitab\u0131. Okur her bir hik\u00e2yede,<span class=\"excerpt-hellip\"> [\u2026]<\/span><\/p>\n","protected":false},"featured_media":0,"template":"","meta":{"_monsterinsights_skip_tracking":false,"_monsterinsights_sitenote_active":false,"_monsterinsights_sitenote_note":"","_monsterinsights_sitenote_category":0},"product_brand":[],"product_cat":[12291,18202],"product_tag":[],"class_list":{"0":"post-767422","1":"product","2":"type-product","3":"status-publish","5":"product_cat-edebiyat","6":"product_cat-hikaye","7":"pa_cilt-ciltsiz","8":"pa_tur-kitap","9":"pa_yayinevi-servet-yayinevi","10":"pa_yazar-izzet-karaagacli","12":"first","13":"instock","14":"sale","15":"shipping-taxable","16":"purchasable","17":"product-type-simple"},"_links":{"self":[{"href":"https:\/\/roveyayinevi.com.tr\/index.php\/wp-json\/wp\/v2\/product\/767422","targetHints":{"allow":["GET"]}}],"collection":[{"href":"https:\/\/roveyayinevi.com.tr\/index.php\/wp-json\/wp\/v2\/product"}],"about":[{"href":"https:\/\/roveyayinevi.com.tr\/index.php\/wp-json\/wp\/v2\/types\/product"}],"wp:attachment":[{"href":"https:\/\/roveyayinevi.com.tr\/index.php\/wp-json\/wp\/v2\/media?parent=767422"}],"wp:term":[{"taxonomy":"product_brand","embeddable":true,"href":"https:\/\/roveyayinevi.com.tr\/index.php\/wp-json\/wp\/v2\/product_brand?post=767422"},{"taxonomy":"product_cat","embeddable":true,"href":"https:\/\/roveyayinevi.com.tr\/index.php\/wp-json\/wp\/v2\/product_cat?post=767422"},{"taxonomy":"product_tag","embeddable":true,"href":"https:\/\/roveyayinevi.com.tr\/index.php\/wp-json\/wp\/v2\/product_tag?post=767422"}],"curies":[{"name":"wp","href":"https:\/\/api.w.org\/{rel}","templated":true}]}}