{"id":767421,"date":"2025-08-28T12:46:48","date_gmt":"2025-08-28T09:46:48","guid":{"rendered":"https:\/\/roveyayinevi.com.tr\/index.php\/urun\/urbe\/"},"modified":"2026-04-15T03:33:22","modified_gmt":"2026-04-15T00:33:22","slug":"urbe","status":"publish","type":"product","link":"https:\/\/roveyayinevi.com.tr\/index.php\/urun\/urbe\/","title":{"rendered":"Urbe"},"content":{"rendered":"<p>A\u015fk hi\u00e7bir engel tan\u0131maz bahanelere aldanmay\u0131n baz\u0131 masallar\u0131n karakterlerinden \u00f6rnek verece\u011fim.  Neden g\u00fczel Bella, \u00e7irkin Canavar\u2019a bu kadar \u00e2\u015f\u0131k oldu? Bize sevginin d\u0131\u015f g\u00f6r\u00fcn\u00fc\u015f\u00fcn \u00f6tesinde oldu\u011funu hat\u0131rlatmak i\u00e7in. Neden Sindirella, saat 12:00\u2019ye geldi\u011finde kaleden ka\u00e7t\u0131? Bize her \u015feyin hatta hayallerimizin bile s\u0131n\u0131rlar\u0131 oldu\u011funu hat\u0131rlatmak i\u00e7in. Neden Uyuyan g\u00fczel, tek \u00f6p\u00fcc\u00fc\u011f\u00fc almak i\u00e7in bin y\u0131l bekledi? Ger\u00e7ek sevginin bekleyebilece\u011fini kan\u0131tlamak i\u00e7in. Neden prenses Yasemin, bir fakire \u00e2\u015f\u0131k oldu? Kim olursan ol, sevginin bir yolunu bulaca\u011f\u0131n\u0131 kan\u0131tlamak i\u00e7in. Neden Ariel, denizk\u0131z\u0131 olmaktan vazge\u00e7ti? Bize sevginin fedak\u00e2rl\u0131klar gerektirdi\u011fini anlatmak i\u00e7in.  Mazeret hi\u00e7bir \u015feyi g\u00f6stermez sak\u0131n bunu unutmay\u0131n\u2026 <\/p>\n","protected":false},"excerpt":{"rendered":"<p>A\u015fk hi\u00e7bir engel tan\u0131maz bahanelere aldanmay\u0131n baz\u0131 masallar\u0131n karakterlerinden \u00f6rnek verece\u011fim. Neden g\u00fczel Bella, \u00e7irkin Canavar\u2019a bu kadar \u00e2\u015f\u0131k oldu? Bize sevginin d\u0131\u015f g\u00f6r\u00fcn\u00fc\u015f\u00fcn \u00f6tesinde oldu\u011funu<span class=\"excerpt-hellip\"> [\u2026]<\/span><\/p>\n","protected":false},"featured_media":0,"template":"","meta":{"_monsterinsights_skip_tracking":false,"_monsterinsights_sitenote_active":false,"_monsterinsights_sitenote_note":"","_monsterinsights_sitenote_category":0},"product_brand":[],"product_cat":[12291,12509],"product_tag":[],"class_list":{"0":"post-767421","1":"product","2":"type-product","3":"status-publish","5":"product_cat-edebiyat","6":"product_cat-siir","7":"pa_cilt-ciltsiz","8":"pa_tur-kitap","9":"pa_yayinevi-servet-yayinevi","10":"pa_yazar-sait-gultekin","12":"first","13":"instock","14":"sale","15":"shipping-taxable","16":"purchasable","17":"product-type-simple"},"_links":{"self":[{"href":"https:\/\/roveyayinevi.com.tr\/index.php\/wp-json\/wp\/v2\/product\/767421","targetHints":{"allow":["GET"]}}],"collection":[{"href":"https:\/\/roveyayinevi.com.tr\/index.php\/wp-json\/wp\/v2\/product"}],"about":[{"href":"https:\/\/roveyayinevi.com.tr\/index.php\/wp-json\/wp\/v2\/types\/product"}],"wp:attachment":[{"href":"https:\/\/roveyayinevi.com.tr\/index.php\/wp-json\/wp\/v2\/media?parent=767421"}],"wp:term":[{"taxonomy":"product_brand","embeddable":true,"href":"https:\/\/roveyayinevi.com.tr\/index.php\/wp-json\/wp\/v2\/product_brand?post=767421"},{"taxonomy":"product_cat","embeddable":true,"href":"https:\/\/roveyayinevi.com.tr\/index.php\/wp-json\/wp\/v2\/product_cat?post=767421"},{"taxonomy":"product_tag","embeddable":true,"href":"https:\/\/roveyayinevi.com.tr\/index.php\/wp-json\/wp\/v2\/product_tag?post=767421"}],"curies":[{"name":"wp","href":"https:\/\/api.w.org\/{rel}","templated":true}]}}