{"id":767418,"date":"2025-08-28T12:46:43","date_gmt":"2025-08-28T09:46:43","guid":{"rendered":"https:\/\/roveyayinevi.com.tr\/index.php\/urun\/sari-gelin-ve-asiklardan-derlenen-halk-hikayeleri\/"},"modified":"2026-02-03T03:34:09","modified_gmt":"2026-02-03T00:34:09","slug":"sari-gelin-ve-asiklardan-derlenen-halk-hikayeleri","status":"publish","type":"product","link":"https:\/\/roveyayinevi.com.tr\/index.php\/urun\/sari-gelin-ve-asiklardan-derlenen-halk-hikayeleri\/","title":{"rendered":"Sar\u0131 Gelin ve A\u015f\u0131klardan Derlenen Halk Hikayeleri"},"content":{"rendered":"<p>Bu kitab\u0131m\u0131zda; ya\u015fayan de\u011ferli \u00fc\u00e7 \u00e2\u015f\u0131\u011f\u0131m\u0131zdan derledi\u011fimiz \u00fc\u00e7 halk hik\u00e2yesi yer al\u0131yor. Bu hik\u00e2yelerin \u00fc\u00e7\u00fc de \u00e2\u015f\u0131k tarz\u0131 hik\u00e2yelerdir. Bu hik\u00e2yelerden \u201cSar\u0131 Gelin Hik\u00e2yesi\u201d Ermenilerin de hem konusuna hem de t\u00fcrk\u00fclerine sahip \u00e7\u0131kt\u0131klar\u0131 Erzurum y\u00f6resine ait bir T\u00fcrk halk hik\u00e2yesidir. \u0130kinci hik\u00e2yemiz \u00c2\u015f\u0131k Selahattin D\u00fcndar\u2019\u0131n tasnif etti\u011fi \u201c\u00c7\u00f6l Hasan ile G\u00fcl Safya Hik\u00e2yesi\u201d \u00fclkemizin do\u011fu \u00e2\u015f\u0131klar\u0131n\u0131n d\u00fczenledikleri halk hik\u00e2yeleri gelene\u011fine birebir uygundur. Vartolu \u00c2\u015f\u0131k Ali Temuro\u011flu\u2019dan derledi\u011fimiz \u00fc\u00e7\u00fcnc\u00fc hik\u00e2ye \u201cVermeyince Mabut N\u2019eylesin Mahmut\u201d ad\u0131ndad\u0131r.   <\/p>\n","protected":false},"excerpt":{"rendered":"<p>Bu kitab\u0131m\u0131zda; ya\u015fayan de\u011ferli \u00fc\u00e7 \u00e2\u015f\u0131\u011f\u0131m\u0131zdan derledi\u011fimiz \u00fc\u00e7 halk hik\u00e2yesi yer al\u0131yor. Bu hik\u00e2yelerin \u00fc\u00e7\u00fc de \u00e2\u015f\u0131k tarz\u0131 hik\u00e2yelerdir. Bu hik\u00e2yelerden \u201cSar\u0131 Gelin Hik\u00e2yesi\u201d Ermenilerin de<span class=\"excerpt-hellip\"> [\u2026]<\/span><\/p>\n","protected":false},"featured_media":0,"template":"","meta":{"_monsterinsights_skip_tracking":false,"_monsterinsights_sitenote_active":false,"_monsterinsights_sitenote_note":"","_monsterinsights_sitenote_category":0},"product_brand":[],"product_cat":[20234,12291],"product_tag":[],"class_list":{"0":"post-767418","1":"product","2":"type-product","3":"status-publish","5":"product_cat-divan-edebiyati-halk-edebiyati","6":"product_cat-edebiyat","7":"pa_cilt-ciltsiz","8":"pa_tur-kitap","9":"pa_yayinevi-kultur-ajans-yayinlari","10":"pa_yazar-hayrettin-ivgin","12":"first","13":"instock","14":"sale","15":"shipping-taxable","16":"purchasable","17":"product-type-simple"},"_links":{"self":[{"href":"https:\/\/roveyayinevi.com.tr\/index.php\/wp-json\/wp\/v2\/product\/767418","targetHints":{"allow":["GET"]}}],"collection":[{"href":"https:\/\/roveyayinevi.com.tr\/index.php\/wp-json\/wp\/v2\/product"}],"about":[{"href":"https:\/\/roveyayinevi.com.tr\/index.php\/wp-json\/wp\/v2\/types\/product"}],"wp:attachment":[{"href":"https:\/\/roveyayinevi.com.tr\/index.php\/wp-json\/wp\/v2\/media?parent=767418"}],"wp:term":[{"taxonomy":"product_brand","embeddable":true,"href":"https:\/\/roveyayinevi.com.tr\/index.php\/wp-json\/wp\/v2\/product_brand?post=767418"},{"taxonomy":"product_cat","embeddable":true,"href":"https:\/\/roveyayinevi.com.tr\/index.php\/wp-json\/wp\/v2\/product_cat?post=767418"},{"taxonomy":"product_tag","embeddable":true,"href":"https:\/\/roveyayinevi.com.tr\/index.php\/wp-json\/wp\/v2\/product_tag?post=767418"}],"curies":[{"name":"wp","href":"https:\/\/api.w.org\/{rel}","templated":true}]}}