{"id":767415,"date":"2025-08-28T12:46:37","date_gmt":"2025-08-28T09:46:37","guid":{"rendered":"https:\/\/roveyayinevi.com.tr\/index.php\/urun\/dante-muammasi\/"},"modified":"2026-04-15T03:33:22","modified_gmt":"2026-04-15T00:33:22","slug":"dante-muammasi","status":"publish","type":"product","link":"https:\/\/roveyayinevi.com.tr\/index.php\/urun\/dante-muammasi\/","title":{"rendered":"Dante Muammas\u0131"},"content":{"rendered":"<p>\u201cBilakis, kurtulu\u015fun ancak a\u015fkta oldu\u011funa her zamankinden daha \u00e7ok inan\u0131yordu fakat o zamana kadar bu d\u00fc\u015f\u00fcncesi basit bir fikir, okumalardan beslenen bir \u00f6zlemdi onun i\u00e7in, \u015fimdiyse k\u00f6y\u00fcn havas\u0131n\u0131 dolduran \u00f6l\u00fcm\u00fcn kokusu, melek y\u00fczl\u00fc bir kad\u0131na duyulan a\u015fktan olu\u015fan iyili\u011fe ve g\u00fczelli\u011fe daha da fazla tutunmaya zorluyordu onu. Bu y\u00fczden, diye d\u00fc\u015f\u00fcnd\u00fc, k\u0131l\u0131c\u0131n keskin taraf\u0131 ve \u015fiirin m\u00fcrekkebiyle sava\u015fmaya de\u011fer.\u201d1288 y\u0131l\u0131, Floransa. Ghibellinlerin kan\u0131na susam\u0131\u015f Guelflerin lideri Corso Donati\u2019nin ellerinde kasvetli bir \u015fehir\u2026 Ku\u015fatma alt\u0131ndaki Floransa\u2019n\u0131n ortas\u0131nda cesur, sanata tutkuyla ba\u011fl\u0131 Dante Alighieri, kendini Beatrice\u2019ye adam\u0131\u015fken e\u015fi Gemma Donati\u2019yle ya\u015famak zorunda kalan bir gen\u00e7tir. Peki ama Dante bu k\u0131yamet tiyatrosunun d\u0131\u015f\u0131nda kalabilecek miydi?\u015eehir son kez b\u00fcy\u00fck bir sava\u015f haz\u0131rl\u0131\u011f\u0131ndayken Dante sava\u015fa \u00e7a\u011fr\u0131l\u0131r, art\u0131k silahlanmal\u0131 ve ne kadar cesur oldu\u011funu Campaldino\u2019da kan\u0131tlamal\u0131d\u0131r. \u0130talyan tarihinin ak\u0131\u015f\u0131n\u0131 belirleyen b\u00f6yle kanl\u0131 bir g\u00fcnde kendi kaderiyle y\u00fczle\u015fecek ve bu, hayat\u0131n\u0131n d\u00f6n\u00fcm noktas\u0131 olacakt\u0131r. \u0130ki taraf\u0131n da kendisinden pek \u00e7ok \u015fey kaybetti\u011fi bu sava\u015f, hem bir insan hem de bir \u015fair olarak Dante\u2019nin hayat\u0131n\u0131 derinden etkileyecektir.<\/p>\n","protected":false},"excerpt":{"rendered":"<p>\u201cBilakis, kurtulu\u015fun ancak a\u015fkta oldu\u011funa her zamankinden daha \u00e7ok inan\u0131yordu fakat o zamana kadar bu d\u00fc\u015f\u00fcncesi basit bir fikir, okumalardan beslenen bir \u00f6zlemdi onun i\u00e7in, \u015fimdiyse<span class=\"excerpt-hellip\"> [\u2026]<\/span><\/p>\n","protected":false},"featured_media":0,"template":"","meta":{"_monsterinsights_skip_tracking":false,"_monsterinsights_sitenote_active":false,"_monsterinsights_sitenote_note":"","_monsterinsights_sitenote_category":0},"product_brand":[],"product_cat":[12291,50487],"product_tag":[],"class_list":{"0":"post-767415","1":"product","2":"type-product","3":"status-publish","5":"product_cat-edebiyat","6":"product_cat-kurgu","7":"pa_cilt-ciltsiz","8":"pa_tur-kitap","9":"pa_yayinevi-epsilon-yayinlari","10":"pa_yazar-matteo-strukul","12":"first","13":"instock","14":"sale","15":"shipping-taxable","16":"purchasable","17":"product-type-simple"},"_links":{"self":[{"href":"https:\/\/roveyayinevi.com.tr\/index.php\/wp-json\/wp\/v2\/product\/767415","targetHints":{"allow":["GET"]}}],"collection":[{"href":"https:\/\/roveyayinevi.com.tr\/index.php\/wp-json\/wp\/v2\/product"}],"about":[{"href":"https:\/\/roveyayinevi.com.tr\/index.php\/wp-json\/wp\/v2\/types\/product"}],"wp:attachment":[{"href":"https:\/\/roveyayinevi.com.tr\/index.php\/wp-json\/wp\/v2\/media?parent=767415"}],"wp:term":[{"taxonomy":"product_brand","embeddable":true,"href":"https:\/\/roveyayinevi.com.tr\/index.php\/wp-json\/wp\/v2\/product_brand?post=767415"},{"taxonomy":"product_cat","embeddable":true,"href":"https:\/\/roveyayinevi.com.tr\/index.php\/wp-json\/wp\/v2\/product_cat?post=767415"},{"taxonomy":"product_tag","embeddable":true,"href":"https:\/\/roveyayinevi.com.tr\/index.php\/wp-json\/wp\/v2\/product_tag?post=767415"}],"curies":[{"name":"wp","href":"https:\/\/api.w.org\/{rel}","templated":true}]}}