{"id":767410,"date":"2025-08-28T12:46:27","date_gmt":"2025-08-28T09:46:27","guid":{"rendered":"https:\/\/roveyayinevi.com.tr\/index.php\/urun\/ziya-gokalp\/"},"modified":"2026-04-15T03:33:22","modified_gmt":"2026-04-15T00:33:22","slug":"ziya-gokalp","status":"publish","type":"product","link":"https:\/\/roveyayinevi.com.tr\/index.php\/urun\/ziya-gokalp\/","title":{"rendered":"Ziya G\u00f6kalp"},"content":{"rendered":"<p>Dr. Arslan Tekin, Ziya G\u00f6kalp &#8211; Bilinmeyen Yaz\u0131lar\u0131, Hakk\u0131nda Yaz\u0131lanlar, Tart\u0131\u015fmalar, Malta G\u00fcnleri\u2019nde T\u00fcrkiye Cumhuriyeti\u2019nin fikr\u00ee temelini atan Ziya G\u00f6kalp\u2019\u0131n farkl\u0131 y\u00f6nlerini, g\u00f6lgede kalan fikirlerini ele al\u0131yor. Ziya G\u00f6kalp\u2019\u0131n iki y\u0131l esir tutuldu\u011fu Malta adas\u0131 hat\u0131ralar\u0131 etrafl\u0131 bir \u015fekilde ortaya konuyor. G\u00f6kalp\u2019\u0131n \u201cT\u00fcrk\u00e7\u00fcl\u00fc\u011f\u00fc\u201d kadar \u201c\u0130sl\u00e2mc\u0131l\u0131\u011f\u0131\u201dn\u0131 da \u00f6ne \u00e7\u0131karan makaleleri, zaman\u0131m\u0131za \u0131\u015f\u0131k tutacak niteliktedir; ancak, \u201cT\u00fcrk\u00e7\u00fc\u201d makaleleri kadar \u00fczerinde durulmam\u0131\u015ft\u0131r. Hatta bir makalesi hi\u00e7 yay\u0131mlanmam\u0131\u015ft\u0131r. Bu kitapta \u00f6zellikle G\u00f6kalp\u2019\u0131n \u201c\u0130sl\u00e2mc\u0131l\u0131\u011f\u0131\u201dna dikkat \u00e7ekiliyor, onun T\u00fcrkl\u00fck hassasiyeti yan\u0131nda \u0130sl\u00e2m\u00ee hassasiyeti \u00f6ne \u00e7\u0131kar\u0131l\u0131yor, imzas\u0131 g\u00f6r\u00fclmeyen, onun oldu\u011fu bilinmeyen yaz\u0131lar\u0131 ortaya konuyor, din\u00ee g\u00f6r\u00fc\u015fleri ve de\u011ferlendirmeleri ayr\u0131nt\u0131l\u0131 ele al\u0131n\u0131yor. Dr. Arslan Tekin\u2019in, Ziya G\u00f6kalp &#8211; Bilinmeyen Yaz\u0131lar\u0131, Hakk\u0131nda Yaz\u0131lanlar, Tart\u0131\u015fmalar, Malta G\u00fcnleri\u2019nde farkl\u0131 G\u00f6kalp okuyacaks\u0131n\u0131z. <\/p>\n","protected":false},"excerpt":{"rendered":"<p>Dr. Arslan Tekin, Ziya G\u00f6kalp &#8211; Bilinmeyen Yaz\u0131lar\u0131, Hakk\u0131nda Yaz\u0131lanlar, Tart\u0131\u015fmalar, Malta G\u00fcnleri\u2019nde T\u00fcrkiye Cumhuriyeti\u2019nin fikr\u00ee temelini atan Ziya G\u00f6kalp\u2019\u0131n farkl\u0131 y\u00f6nlerini, g\u00f6lgede kalan fikirlerini ele<span class=\"excerpt-hellip\"> [\u2026]<\/span><\/p>\n","protected":false},"featured_media":0,"template":"","meta":{"_monsterinsights_skip_tracking":false,"_monsterinsights_sitenote_active":false,"_monsterinsights_sitenote_note":"","_monsterinsights_sitenote_category":0},"product_brand":[],"product_cat":[14009,12291],"product_tag":[],"class_list":{"0":"post-767410","1":"product","2":"type-product","3":"status-publish","5":"product_cat-biyografi-otobiyografi-edebiyat","6":"product_cat-edebiyat","7":"pa_cilt-ciltsiz","8":"pa_tur-kitap","9":"pa_yayinevi-bilge-kultur-sanat","10":"pa_yazar-arslan-tekin","12":"first","13":"instock","14":"sale","15":"shipping-taxable","16":"purchasable","17":"product-type-simple"},"_links":{"self":[{"href":"https:\/\/roveyayinevi.com.tr\/index.php\/wp-json\/wp\/v2\/product\/767410","targetHints":{"allow":["GET"]}}],"collection":[{"href":"https:\/\/roveyayinevi.com.tr\/index.php\/wp-json\/wp\/v2\/product"}],"about":[{"href":"https:\/\/roveyayinevi.com.tr\/index.php\/wp-json\/wp\/v2\/types\/product"}],"wp:attachment":[{"href":"https:\/\/roveyayinevi.com.tr\/index.php\/wp-json\/wp\/v2\/media?parent=767410"}],"wp:term":[{"taxonomy":"product_brand","embeddable":true,"href":"https:\/\/roveyayinevi.com.tr\/index.php\/wp-json\/wp\/v2\/product_brand?post=767410"},{"taxonomy":"product_cat","embeddable":true,"href":"https:\/\/roveyayinevi.com.tr\/index.php\/wp-json\/wp\/v2\/product_cat?post=767410"},{"taxonomy":"product_tag","embeddable":true,"href":"https:\/\/roveyayinevi.com.tr\/index.php\/wp-json\/wp\/v2\/product_tag?post=767410"}],"curies":[{"name":"wp","href":"https:\/\/api.w.org\/{rel}","templated":true}]}}