{"id":767407,"date":"2025-08-28T12:46:23","date_gmt":"2025-08-28T09:46:23","guid":{"rendered":"https:\/\/roveyayinevi.com.tr\/index.php\/urun\/cocuklar-icin-felsefe-tavsan-can-dusunceleriyle-barisiyor\/"},"modified":"2026-04-15T03:33:22","modified_gmt":"2026-04-15T00:33:22","slug":"cocuklar-icin-felsefe-tavsan-can-dusunceleriyle-barisiyor","status":"publish","type":"product","link":"https:\/\/roveyayinevi.com.tr\/index.php\/urun\/cocuklar-icin-felsefe-tavsan-can-dusunceleriyle-barisiyor\/","title":{"rendered":"\u00c7ocuklar \u0130\u00e7in Felsefe &#8211; Tav\u015fan Can D\u00fc\u015f\u00fcnceleriyle Bar\u0131\u015f\u0131yor"},"content":{"rendered":"<p>Merhaba, ben Tav\u015fan Can! Merakl\u0131, pek \u00e7ok sorusu olan ancak cevaplar\u0131 bulmakta zorlanan bir \u00e7ocu\u011fum. Benimle cevaplar\u0131n pe\u015fine d\u00fc\u015fmeye haz\u0131r m\u0131s\u0131n\u0131z? Tav\u015fan Can, her g\u00fcn yeni sorularla kar\u015f\u0131la\u015f\u0131yor ve bu sorulara cevap ararken hem kendini hem de \u00e7evresini daha iyi anlamay\u0131 \u00f6\u011freniyor. Onun i\u00e7sel yolculu\u011funu, arkada\u015flar\u0131yla ili\u015fkilerini, hatta ke\u015fiflerini g\u00f6zlemlerken, siz de b\u00fcy\u00fcmenin hem g\u00fczelliklerini hem de zorluklar\u0131n\u0131 fark edeceksiniz. E\u011flenceli, d\u00fc\u015f\u00fcnd\u00fcr\u00fcc\u00fc ve biraz da duygusal olan bu hik\u00e2ye, \u00e7ocuklar\u0131n hayal d\u00fcnyas\u0131na dair samimi bir bak\u0131\u015f a\u00e7\u0131s\u0131 sunuyor. Tav\u015fan Can k\u00fc\u00e7\u00fck detaylardaki b\u00fcy\u00fck anlamlar\u0131n pe\u015fine d\u00fc\u015fmek i\u00e7in sizi bekliyor.<\/p>\n","protected":false},"excerpt":{"rendered":"<p>Merhaba, ben Tav\u015fan Can! Merakl\u0131, pek \u00e7ok sorusu olan ancak cevaplar\u0131 bulmakta zorlanan bir \u00e7ocu\u011fum. Benimle cevaplar\u0131n pe\u015fine d\u00fc\u015fmeye haz\u0131r m\u0131s\u0131n\u0131z? Tav\u015fan Can, her g\u00fcn yeni<span class=\"excerpt-hellip\"> [\u2026]<\/span><\/p>\n","protected":false},"featured_media":0,"template":"","meta":{"_monsterinsights_skip_tracking":false,"_monsterinsights_sitenote_active":false,"_monsterinsights_sitenote_note":"","_monsterinsights_sitenote_category":0},"product_brand":[],"product_cat":[12274,12284],"product_tag":[],"class_list":{"0":"post-767407","1":"product","2":"type-product","3":"status-publish","5":"product_cat-cocuk-ve-genclik-kitaplari","6":"product_cat-hikayeler","7":"pa_cilt-ciltsiz","8":"pa_tur-kitap","9":"pa_yayinevi-epsilon-yayinlari","10":"pa_yazar-matthew-lipman","12":"first","13":"instock","14":"sale","15":"shipping-taxable","16":"purchasable","17":"product-type-simple"},"_links":{"self":[{"href":"https:\/\/roveyayinevi.com.tr\/index.php\/wp-json\/wp\/v2\/product\/767407","targetHints":{"allow":["GET"]}}],"collection":[{"href":"https:\/\/roveyayinevi.com.tr\/index.php\/wp-json\/wp\/v2\/product"}],"about":[{"href":"https:\/\/roveyayinevi.com.tr\/index.php\/wp-json\/wp\/v2\/types\/product"}],"wp:attachment":[{"href":"https:\/\/roveyayinevi.com.tr\/index.php\/wp-json\/wp\/v2\/media?parent=767407"}],"wp:term":[{"taxonomy":"product_brand","embeddable":true,"href":"https:\/\/roveyayinevi.com.tr\/index.php\/wp-json\/wp\/v2\/product_brand?post=767407"},{"taxonomy":"product_cat","embeddable":true,"href":"https:\/\/roveyayinevi.com.tr\/index.php\/wp-json\/wp\/v2\/product_cat?post=767407"},{"taxonomy":"product_tag","embeddable":true,"href":"https:\/\/roveyayinevi.com.tr\/index.php\/wp-json\/wp\/v2\/product_tag?post=767407"}],"curies":[{"name":"wp","href":"https:\/\/api.w.org\/{rel}","templated":true}]}}