{"id":767405,"date":"2025-08-28T12:46:20","date_gmt":"2025-08-28T09:46:20","guid":{"rendered":"https:\/\/roveyayinevi.com.tr\/index.php\/urun\/yaslanmayan-beden\/"},"modified":"2026-04-15T03:33:22","modified_gmt":"2026-04-15T00:33:22","slug":"yaslanmayan-beden","status":"publish","type":"product","link":"https:\/\/roveyayinevi.com.tr\/index.php\/urun\/yaslanmayan-beden\/","title":{"rendered":"Ya\u015flanmayan Beden"},"content":{"rendered":"<p>Hi\u00e7 t\u00fcm hayat\u0131n\u0131z\u0131n kontrol\u00fcn\u00fczden \u00e7\u0131kt\u0131\u011f\u0131n\u0131 hissettiniz mi? Genellikle hayat\u0131m\u0131za yans\u0131yan sorunlar\u0131 g\u00f6rmezden gelir, durum kontrolden \u00e7\u0131kana, hatta hayat\u0131m\u0131z\u0131 tehdit eden bir hastal\u0131\u011fa d\u00f6n\u00fc\u015fene kadar, t\u00fcm\u00fcn\u00fc hal\u0131n\u0131n alt\u0131na s\u00fcp\u00fcr\u00fcr\u00fcz. Bunun yaratt\u0131\u011f\u0131 korku yaln\u0131zca akl\u0131m\u0131z\u0131 de\u011fil, bedenimizi de ele ge\u00e7irir ve bizi i\u00e7ten i\u00e7e t\u00fcketir. Ger\u00e7ekten iyi olmak i\u00e7in yaln\u0131zca y\u00fczeydeki semptomlar\u0131 gidermek yetmez, ruhumuzun ve bedenimizin \u00f6z\u00fcne inmek gerekir. Ya\u015flanmayan Beden, size bu b\u00fct\u00fcnl\u00fc\u011fe ula\u015fma yolunu g\u00f6steriyor. Dr. AlbertoVilloldo&#8217;nun rehberli\u011finde, korkunun esaretinden kurtulmay\u0131 ve ger\u00e7ek anlamda iyi hissetmeyi ve iyi olmay\u0131 deneyimleyebilir, s\u00fcper g\u0131dalarla beyin ve ba\u011f\u0131rsak detoksu yapmay\u0131, bedeninizin \u0131\u015f\u0131k sa\u00e7an enerji alanlar\u0131n\u0131 g\u00fc\u00e7lendirmeyi ve ge\u00e7mi\u015fin sizi k\u0131s\u0131tlayan hik\u00e2yelerinden \u00f6zg\u00fcrle\u015fmeyi \u00f6\u011frenebilirsiniz. Bug\u00fcn bir ad\u0131m at\u0131n ve hayat\u0131n\u0131z\u0131n kontrol\u00fcn\u00fc yeniden ele ge\u00e7irin. Dr. AlbertoVilloldo ve \u00fcnl\u00fc yazar Mark Hyman\u2019\u0131n birlikte haz\u0131rlad\u0131\u011f\u0131 7 g\u00fcnl\u00fck \u201cYa\u015flanmayan Beden Protokol\u00fc\u201d ile yaln\u0131zca gen\u00e7 ve ya\u015flanmayan bir bedene de\u011fil, korkular\u0131ndan \u00f6zg\u00fcrle\u015fmi\u015f ve ruhunuzla b\u00fct\u00fcnle\u015fmi\u015f yeni bir benli\u011fe de kavu\u015fabilirsiniz.   Jaguarlar ve di\u011fer hayvanlar korkumuzun kokusunu al\u0131rsa onlara av oluruz ve bizi yiyip bitirirler. Korku, beyninizde ve hormonal sisteminizde, kokunuzu kelimenin tam anlam\u0131yla avlanan bir hayvan\u0131n kokusuna d\u00f6n\u00fc\u015ft\u00fcren kimyasal bir \u00e7a\u011flayan ba\u015flat\u0131r.  Zihniniz o zaman d\u00fcnyay\u0131 vah\u015fi bir yer olarak g\u00f6r\u00fcr ve kendinizi korumaya odaklan\u0131rs\u0131n\u0131z: G\u00fcvende miyim? Korku sizi kronik bir hiper-uyar\u0131 durumunda tutar ve bu da birinin ak\u015fam yeme\u011fine d\u00f6n\u00fc\u015fmenize neden olabilir. Korkular\u0131m\u0131z bizi hasta edebilir. Kar\u015f\u0131la\u015ft\u0131\u011f\u0131m\u0131z sa\u011fl\u0131k sorunlar\u0131n\u0131n \u00e7o\u011fu iyile\u015fmemi\u015f duygular\u0131m\u0131zdan kaynaklan\u0131r ve bunlar aras\u0131nda en \u00f6nemlisi korkudur. <\/p>\n","protected":false},"excerpt":{"rendered":"<p>Hi\u00e7 t\u00fcm hayat\u0131n\u0131z\u0131n kontrol\u00fcn\u00fczden \u00e7\u0131kt\u0131\u011f\u0131n\u0131 hissettiniz mi? Genellikle hayat\u0131m\u0131za yans\u0131yan sorunlar\u0131 g\u00f6rmezden gelir, durum kontrolden \u00e7\u0131kana, hatta hayat\u0131m\u0131z\u0131 tehdit eden bir hastal\u0131\u011fa d\u00f6n\u00fc\u015fene kadar, t\u00fcm\u00fcn\u00fc hal\u0131n\u0131n<span class=\"excerpt-hellip\"> [\u2026]<\/span><\/p>\n","protected":false},"featured_media":0,"template":"","meta":{"_monsterinsights_skip_tracking":false,"_monsterinsights_sitenote_active":false,"_monsterinsights_sitenote_note":"","_monsterinsights_sitenote_category":0},"product_brand":[],"product_cat":[13365],"product_tag":[],"class_list":{"0":"post-767405","1":"product","2":"type-product","3":"status-publish","5":"product_cat-saglik","6":"pa_cilt-ciltsiz","7":"pa_tur-kitap","8":"pa_yayinevi-omega","9":"pa_yazar-alberto-villoldo","11":"first","12":"instock","13":"sale","14":"shipping-taxable","15":"purchasable","16":"product-type-simple"},"_links":{"self":[{"href":"https:\/\/roveyayinevi.com.tr\/index.php\/wp-json\/wp\/v2\/product\/767405","targetHints":{"allow":["GET"]}}],"collection":[{"href":"https:\/\/roveyayinevi.com.tr\/index.php\/wp-json\/wp\/v2\/product"}],"about":[{"href":"https:\/\/roveyayinevi.com.tr\/index.php\/wp-json\/wp\/v2\/types\/product"}],"wp:attachment":[{"href":"https:\/\/roveyayinevi.com.tr\/index.php\/wp-json\/wp\/v2\/media?parent=767405"}],"wp:term":[{"taxonomy":"product_brand","embeddable":true,"href":"https:\/\/roveyayinevi.com.tr\/index.php\/wp-json\/wp\/v2\/product_brand?post=767405"},{"taxonomy":"product_cat","embeddable":true,"href":"https:\/\/roveyayinevi.com.tr\/index.php\/wp-json\/wp\/v2\/product_cat?post=767405"},{"taxonomy":"product_tag","embeddable":true,"href":"https:\/\/roveyayinevi.com.tr\/index.php\/wp-json\/wp\/v2\/product_tag?post=767405"}],"curies":[{"name":"wp","href":"https:\/\/api.w.org\/{rel}","templated":true}]}}