{"id":767404,"date":"2025-08-28T12:46:18","date_gmt":"2025-08-28T09:46:18","guid":{"rendered":"https:\/\/roveyayinevi.com.tr\/index.php\/urun\/ruhun-plani\/"},"modified":"2026-04-15T03:33:22","modified_gmt":"2026-04-15T00:33:22","slug":"ruhun-plani","status":"publish","type":"product","link":"https:\/\/roveyayinevi.com.tr\/index.php\/urun\/ruhun-plani\/","title":{"rendered":"Ruhun Plan\u0131"},"content":{"rendered":"<p>Ya\u015fad\u0131\u011f\u0131m\u0131z her zorluk, ruhumuzun \u00f6nceden tasarlad\u0131\u011f\u0131 bir yolculu\u011fun par\u00e7as\u0131 m\u0131? Cesaretli ruhlar\u0131n sessiz hik\u00e2yeleri&#8230; Hayat\u0131n\u0131zdaki zorluklar ger\u00e7ekten tesad\u00fcf m\u00fc? Yoksa do\u011fmadan \u00f6nce sizin taraf\u0131n\u0131zdan m\u0131 planland\u0131? Robert Schwartz, insan ruhunun derinliklerine inerek, hayat\u0131m\u0131zdaki en b\u00fcy\u00fck zorluklar\u0131n arkas\u0131ndaki gizli anlam\u0131 ortaya koyuyor.   Ruhun Plan\u0131, fiziksel hastal\u0131klardan engelli bir \u00e7ocu\u011fa ebeveynlik yapmaya, ba\u011f\u0131ml\u0131l\u0131klardan sevilen birini kaybetmeye kadar farkl\u0131 hayat deneyimlerini inceliyor. Schwartz, medyumlar ve spirit\u00fcel rehberlerle yapt\u0131\u011f\u0131 derin ara\u015ft\u0131rmalar sayesinde okuyuculara, hayattaki travmatik anlar\u0131n ard\u0131ndaki ruhsal anla\u015fmalar\u0131 ve dersleri a\u00e7\u0131kl\u0131yor.   \u201cBu kitap yaln\u0131zca zorluklarla ba\u015fa \u00e7\u0131kma g\u00fcc\u00fcn\u00fcz\u00fc de\u011fil, ayn\u0131 zamanda ruhunuzun s\u0131n\u0131rs\u0131z sevgisini ve cesaretini ke\u015ffetmenizi de sa\u011flayacak.\u201d       \u2013 Colin Tipping, Radical Forgiveness yazar\u0131   Hayat\u0131n en derin anlamlar\u0131na ula\u015fmaya haz\u0131r m\u0131s\u0131n\u0131z? Ruhunuzun Plan\u0131, bu yolculukta size e\u015flik etmek i\u00e7in burada. <\/p>\n","protected":false},"excerpt":{"rendered":"<p>Ya\u015fad\u0131\u011f\u0131m\u0131z her zorluk, ruhumuzun \u00f6nceden tasarlad\u0131\u011f\u0131 bir yolculu\u011fun par\u00e7as\u0131 m\u0131? Cesaretli ruhlar\u0131n sessiz hik\u00e2yeleri&#8230; Hayat\u0131n\u0131zdaki zorluklar ger\u00e7ekten tesad\u00fcf m\u00fc? Yoksa do\u011fmadan \u00f6nce sizin taraf\u0131n\u0131zdan m\u0131 planland\u0131?<span class=\"excerpt-hellip\"> [\u2026]<\/span><\/p>\n","protected":false},"featured_media":0,"template":"","meta":{"_monsterinsights_skip_tracking":false,"_monsterinsights_sitenote_active":false,"_monsterinsights_sitenote_note":"","_monsterinsights_sitenote_category":0},"product_brand":[],"product_cat":[12364,12376],"product_tag":[],"class_list":{"0":"post-767404","1":"product","2":"type-product","3":"status-publish","5":"product_cat-genel-konular","6":"product_cat-kisisel-gelisim","7":"pa_cilt-ciltsiz","8":"pa_tur-kitap","9":"pa_yayinevi-destek-yayinlari","10":"pa_yazar-robert-schwartz","12":"first","13":"instock","14":"sale","15":"shipping-taxable","16":"purchasable","17":"product-type-simple"},"_links":{"self":[{"href":"https:\/\/roveyayinevi.com.tr\/index.php\/wp-json\/wp\/v2\/product\/767404","targetHints":{"allow":["GET"]}}],"collection":[{"href":"https:\/\/roveyayinevi.com.tr\/index.php\/wp-json\/wp\/v2\/product"}],"about":[{"href":"https:\/\/roveyayinevi.com.tr\/index.php\/wp-json\/wp\/v2\/types\/product"}],"wp:attachment":[{"href":"https:\/\/roveyayinevi.com.tr\/index.php\/wp-json\/wp\/v2\/media?parent=767404"}],"wp:term":[{"taxonomy":"product_brand","embeddable":true,"href":"https:\/\/roveyayinevi.com.tr\/index.php\/wp-json\/wp\/v2\/product_brand?post=767404"},{"taxonomy":"product_cat","embeddable":true,"href":"https:\/\/roveyayinevi.com.tr\/index.php\/wp-json\/wp\/v2\/product_cat?post=767404"},{"taxonomy":"product_tag","embeddable":true,"href":"https:\/\/roveyayinevi.com.tr\/index.php\/wp-json\/wp\/v2\/product_tag?post=767404"}],"curies":[{"name":"wp","href":"https:\/\/api.w.org\/{rel}","templated":true}]}}