{"id":767401,"date":"2025-08-28T12:46:12","date_gmt":"2025-08-28T09:46:12","guid":{"rendered":"https:\/\/roveyayinevi.com.tr\/index.php\/urun\/hoscakal-pirandello\/"},"modified":"2026-04-15T03:33:22","modified_gmt":"2026-04-15T00:33:22","slug":"hoscakal-pirandello","status":"publish","type":"product","link":"https:\/\/roveyayinevi.com.tr\/index.php\/urun\/hoscakal-pirandello\/","title":{"rendered":"Ho\u015f\u00e7akal Pirandello"},"content":{"rendered":"<p>G\u00fcnlerimi k\u00fc\u00e7\u00fck bir sahilde ge\u00e7iriyorum. Etraf  kitaplarla ve ku\u015flarla \u00e7evrili. D\u00fcnya art\u0131k bir bah\u00e7e ve gelgitler piyanomu \u0131slatarak ac\u0131t\u0131yor ama piyanom hayal kurmaya ve nefes almaya devam ediyor. 9. Senfoni\u2019yi dinliyorum. Beethoven d\u00fcnyay\u0131 9 g\u00fcnde yaratt\u0131, dolay\u0131s\u0131yla d\u00fcnyan\u0131n bir sonu olmas\u0131 m\u00fcmk\u00fcn de\u011fil.   Tijuca Orman\u0131\u2019nda bir u\u011fultu duyuluyor. Birisi hayat\u0131n\u0131 m\u0131 kaybetti yoksa bu bir y\u00fczy\u0131l\u0131n i\u00e7 \u00e7eki\u015fi miydi? Yeniden do\u011fu\u015fa dair yeni bir haber yok. Mozart bile \u00f6ld\u00fcyse bu d\u00fcnyay\u0131 terk etmemek i\u00e7in kim, tek bir neden \u00f6ne s\u00fcrebilir ki?   Hepimiz pandemide \u00f6ld\u00fck. Her birimiz kendi tarz\u0131m\u0131zda. Bu tarz, kim oldu\u011fumuzun bir par\u00e7as\u0131. Bir nesil. \u00d6l\u00fcler par\u00e7alar\u0131n\u0131 topluyor. Ve \u00f6l\u00fcler! Ya\u015fayanlar\u0131 g\u00f6menler oldu. Bizler, bir yazar arayan ki\u015fileriz. <\/p>\n","protected":false},"excerpt":{"rendered":"<p>G\u00fcnlerimi k\u00fc\u00e7\u00fck bir sahilde ge\u00e7iriyorum. Etraf kitaplarla ve ku\u015flarla \u00e7evrili. D\u00fcnya art\u0131k bir bah\u00e7e ve gelgitler piyanomu \u0131slatarak ac\u0131t\u0131yor ama piyanom hayal kurmaya ve nefes almaya<span class=\"excerpt-hellip\"> [\u2026]<\/span><\/p>\n","protected":false},"featured_media":0,"template":"","meta":{"_monsterinsights_skip_tracking":false,"_monsterinsights_sitenote_active":false,"_monsterinsights_sitenote_note":"","_monsterinsights_sitenote_category":0},"product_brand":[],"product_cat":[12291,12711],"product_tag":[],"class_list":{"0":"post-767401","1":"product","2":"type-product","3":"status-publish","5":"product_cat-edebiyat","6":"product_cat-roman-oyku","7":"pa_cilt-ciltsiz","8":"pa_tur-kitap","9":"pa_yayinevi-ayrikotu-yayinlari","10":"pa_yazar-marco-lucchesi","12":"first","13":"instock","14":"sale","15":"shipping-taxable","16":"purchasable","17":"product-type-simple"},"_links":{"self":[{"href":"https:\/\/roveyayinevi.com.tr\/index.php\/wp-json\/wp\/v2\/product\/767401","targetHints":{"allow":["GET"]}}],"collection":[{"href":"https:\/\/roveyayinevi.com.tr\/index.php\/wp-json\/wp\/v2\/product"}],"about":[{"href":"https:\/\/roveyayinevi.com.tr\/index.php\/wp-json\/wp\/v2\/types\/product"}],"wp:attachment":[{"href":"https:\/\/roveyayinevi.com.tr\/index.php\/wp-json\/wp\/v2\/media?parent=767401"}],"wp:term":[{"taxonomy":"product_brand","embeddable":true,"href":"https:\/\/roveyayinevi.com.tr\/index.php\/wp-json\/wp\/v2\/product_brand?post=767401"},{"taxonomy":"product_cat","embeddable":true,"href":"https:\/\/roveyayinevi.com.tr\/index.php\/wp-json\/wp\/v2\/product_cat?post=767401"},{"taxonomy":"product_tag","embeddable":true,"href":"https:\/\/roveyayinevi.com.tr\/index.php\/wp-json\/wp\/v2\/product_tag?post=767401"}],"curies":[{"name":"wp","href":"https:\/\/api.w.org\/{rel}","templated":true}]}}