{"id":767400,"date":"2025-08-28T12:46:11","date_gmt":"2025-08-28T09:46:11","guid":{"rendered":"https:\/\/roveyayinevi.com.tr\/index.php\/urun\/innsaei\/"},"modified":"2026-04-08T03:30:02","modified_gmt":"2026-04-08T00:30:02","slug":"innsaei","status":"publish","type":"product","link":"https:\/\/roveyayinevi.com.tr\/index.php\/urun\/innsaei\/","title":{"rendered":"Innsaei"},"content":{"rendered":"<p>\u201cHER B\u0130R\u0130M\u0130Z\u0130N \u0130\u00c7\u0130NDE SONSUZ B\u0130R EVREN VARDIR. INNS\u00c6I, BU EVRENE A\u00c7ILAN B\u0130R KAPIDIR.\u201d   InnS\u00e6i, \u0130zlandacada \u201csezgi\u201d anlam\u0131na gelir ve \u00fc\u00e7 temel unsuru i\u00e7inde bar\u0131nd\u0131r\u0131r: \u0130\u00e7imizdeki Deniz: Bilin\u00e7alt\u0131m\u0131z\u0131n ak\u0131\u015f\u0131 \u0130\u00e7imizi G\u00f6rmek: Kendimize y\u00f6nelmek Enine Boyuna G\u00f6rmek: D\u00fcnyaya farkl\u0131 perspektiflerden bakabilmek   Sezgi, insan\u0131 i\u00e7sel ve d\u0131\u015fsal d\u00fcnyalara ba\u011flayan bir pusula olabilir mi? Hrund Gunnsteinsd\u00f3ttir, do\u011fa ile ba\u011flant\u0131y\u0131 yeniden kurman\u0131n, yarat\u0131c\u0131l\u0131\u011f\u0131 ve \u00f6z fark\u0131ndal\u0131\u011f\u0131 art\u0131rman\u0131n anahtarlar\u0131n\u0131 payla\u015f\u0131yor. \u0130zlanda\u2019n\u0131n b\u00fcy\u00fcleyici k\u00fclt\u00fcrel miras\u0131yla \u015fekillenen bu kitap, bilim, sanat ve kadim bilgelik yoluyla, i\u00e7imizdeki derin denizi ke\u015ffetmeye davet ediyor.   Kendi i\u00e7sel rehberinizi bulmak ve ya\u015fam\u0131n\u0131za y\u00f6n vermek istiyorsan\u0131z Bilimsel ger\u00e7eklerle sezginin b\u00fcy\u00fcs\u00fcn\u00fc birle\u015ftiren pratik ara\u00e7lar ar\u0131yorsan\u0131z G\u00fcn\u00fcm\u00fcz\u00fcn karma\u015f\u0131k d\u00fcnyas\u0131nda huzur, uyum ve anlam pe\u015findeyseniz InnS\u00e6i, tam da arad\u0131\u011f\u0131n\u0131z rehber olabilir. <\/p>\n","protected":false},"excerpt":{"rendered":"<p>\u201cHER B\u0130R\u0130M\u0130Z\u0130N \u0130\u00c7\u0130NDE SONSUZ B\u0130R EVREN VARDIR. INNS\u00c6I, BU EVRENE A\u00c7ILAN B\u0130R KAPIDIR.\u201d InnS\u00e6i, \u0130zlandacada \u201csezgi\u201d anlam\u0131na gelir ve \u00fc\u00e7 temel unsuru i\u00e7inde bar\u0131nd\u0131r\u0131r: \u0130\u00e7imizdeki Deniz:<span class=\"excerpt-hellip\"> [\u2026]<\/span><\/p>\n","protected":false},"featured_media":0,"template":"","meta":{"_monsterinsights_skip_tracking":false,"_monsterinsights_sitenote_active":false,"_monsterinsights_sitenote_note":"","_monsterinsights_sitenote_category":0},"product_brand":[],"product_cat":[12364,12376],"product_tag":[],"class_list":{"0":"post-767400","1":"product","2":"type-product","3":"status-publish","5":"product_cat-genel-konular","6":"product_cat-kisisel-gelisim","7":"pa_cilt-ciltsiz","8":"pa_tur-kitap","9":"pa_yayinevi-destek-yayinlari","10":"pa_yazar-hrund-gunnstinsdottir","12":"first","13":"instock","14":"sale","15":"shipping-taxable","16":"purchasable","17":"product-type-simple"},"_links":{"self":[{"href":"https:\/\/roveyayinevi.com.tr\/index.php\/wp-json\/wp\/v2\/product\/767400","targetHints":{"allow":["GET"]}}],"collection":[{"href":"https:\/\/roveyayinevi.com.tr\/index.php\/wp-json\/wp\/v2\/product"}],"about":[{"href":"https:\/\/roveyayinevi.com.tr\/index.php\/wp-json\/wp\/v2\/types\/product"}],"wp:attachment":[{"href":"https:\/\/roveyayinevi.com.tr\/index.php\/wp-json\/wp\/v2\/media?parent=767400"}],"wp:term":[{"taxonomy":"product_brand","embeddable":true,"href":"https:\/\/roveyayinevi.com.tr\/index.php\/wp-json\/wp\/v2\/product_brand?post=767400"},{"taxonomy":"product_cat","embeddable":true,"href":"https:\/\/roveyayinevi.com.tr\/index.php\/wp-json\/wp\/v2\/product_cat?post=767400"},{"taxonomy":"product_tag","embeddable":true,"href":"https:\/\/roveyayinevi.com.tr\/index.php\/wp-json\/wp\/v2\/product_tag?post=767400"}],"curies":[{"name":"wp","href":"https:\/\/api.w.org\/{rel}","templated":true}]}}