{"id":767399,"date":"2025-08-28T12:46:10","date_gmt":"2025-08-28T09:46:10","guid":{"rendered":"https:\/\/roveyayinevi.com.tr\/index.php\/urun\/hadrianopolis-kuzeybati-nekropol-kilisesi-sivama-cilt\/"},"modified":"2026-04-15T03:33:22","modified_gmt":"2026-04-15T00:33:22","slug":"hadrianopolis-kuzeybati-nekropol-kilisesi-sivama-cilt","status":"publish","type":"product","link":"https:\/\/roveyayinevi.com.tr\/index.php\/urun\/hadrianopolis-kuzeybati-nekropol-kilisesi-sivama-cilt\/","title":{"rendered":"Hadrianopolis Kuzeybat\u0131 Nekropol Kilisesi (S\u0131vama Cilt)"},"content":{"rendered":"<p>Paphlagonia\u2019n\u0131n g\u00fcneyinde bulunan, Ge\u00e7 Kalkolitik \u00c7a\u011f\u2019dan Orta \u00c7a\u011f\u2019a kadarki s\u00fcrece ait kal\u0131nt\u0131lar\u0131 b\u00fcnyesinden bar\u0131nd\u0131ran Hadrianopolis, Roma ve Bizans d\u00f6neminde hem Anadolu hem de Paphlagonia\u2019n\u0131n \u00f6nemli kentlerindendir. Kentin bilinen ilk ad\u0131 Kaisareis Proseilemmeneitai olup, Roma d\u00f6neminde Hadrianopolis ad\u0131n\u0131 alm\u0131\u015ft\u0131r. Kent, Roma ve Bizans d\u00f6neminde, imparatorluk s\u0131n\u0131rlar\u0131ndaki ticari ve askeri yollar \u00fczerinde bulunmas\u0131ndan dolay\u0131 tarihsel s\u00fcreci boyunca her daim stratejik \u00f6neme sahip olmu\u015ftur. Son y\u0131llarda ger\u00e7ekle\u015ftirilen kaz\u0131 \u00e7al\u0131\u015fmalar\u0131 sonucu ortaya \u00e7\u0131kar\u0131lan yap\u0131 kal\u0131nt\u0131lar\u0131, mezarlar ve di\u011fer k\u00fc\u00e7\u00fck buluntular, d\u00f6nem kaynaklar\u0131ndan elde edilen bilgiler, kentin idari ekonomik ve dini a\u00e7\u0131dan en parlak d\u00f6nemini MS 4. ve 6. y\u00fczy\u0131l aras\u0131nda ya\u015fad\u0131\u011f\u0131na i\u015faret etmektedir. Hadrianopolis\u2019te bulunup bu d\u00f6neme tan\u0131k olan \u00f6nemli yap\u0131lardan biri de bu kitaba konu olan Kuzeybat\u0131 Nekropol Kilisesi\u2019dir. Hadrianopolis Kuzeybat\u0131 Nekropol Kilisesi Erken Bizans d\u00f6neminde in\u015fa edilmi\u015f, bar\u0131nd\u0131rd\u0131\u011f\u0131 izleriyle bu d\u00f6nem sanat mimarisine \u0131\u015f\u0131k tutan en iyi yap\u0131lardan biridir. Kilisedeki kaz\u0131 \u00e7al\u0131\u015fmalar\u0131 2017 y\u0131l\u0131nda ba\u015flam\u0131\u015f olup 2021 y\u0131l\u0131nda b\u00fcy\u00fck oranda tamamlanm\u0131\u015ft\u0131r. Kaz\u0131 \u00e7al\u0131\u015fmalar\u0131 sonucunda, kilisenin muhtemelen MS 2. veya 3. y\u00fczy\u0131la ait bir Roma d\u00f6nemi yap\u0131s\u0131 \u00fczerinde kuruldu\u011fu ve iki farkl\u0131 in\u015fa evresi oldu\u011fu tespit edilmi\u015ftir. Mevcut kal\u0131nt\u0131lardan kilisenin ilk olarak MS 4. y\u00fczy\u0131l sonu veya 5. y\u00fczy\u0131l ortas\u0131nda in\u015fa edildi\u011fi, 5. y\u00fczy\u0131l ortas\u0131 civar\u0131nda y\u0131k\u0131ld\u0131\u011f\u0131 ve 6. y\u00fczy\u0131l ilk \u00e7eyre\u011finde yeniden in\u015fa edildi\u011fi anla\u015f\u0131lmaktad\u0131r. Kuzeybat\u0131 Nekropol Kilisesi, mimari \u00f6zellikleri ve sahip oldu\u011fu buluntular\u0131 ve hemen her y\u00f6n\u00fcyle kentteki kiliseler aras\u0131nda en iyi fikir sahibi olunan kilisedir. Bahsi ge\u00e7en buluntular sadece Bizans d\u00f6nemiyle de s\u0131n\u0131rl\u0131 de\u011fildir. Kilise ve \u00e7evresinde, Roma d\u00f6nemine ait bir\u00e7ok k\u00fc\u00e7\u00fck buluntuya da rastlan\u0131lm\u0131\u015ft\u0131r. Bu kitapta, farkl\u0131 disiplinlerden 15 bilim insan\u0131 bir araya gelmi\u015f, n\u00fcmizmatikten epigrafiye kadar geni\u015f bir yelpazede, kendi alanlar\u0131yla alakal\u0131 b\u00f6l\u00fcmleri en iyi \u015fekilde bilim d\u00fcnyas\u0131na sunmu\u015ftur.<\/p>\n","protected":false},"excerpt":{"rendered":"<p>Paphlagonia\u2019n\u0131n g\u00fcneyinde bulunan, Ge\u00e7 Kalkolitik \u00c7a\u011f\u2019dan Orta \u00c7a\u011f\u2019a kadarki s\u00fcrece ait kal\u0131nt\u0131lar\u0131 b\u00fcnyesinden bar\u0131nd\u0131ran Hadrianopolis, Roma ve Bizans d\u00f6neminde hem Anadolu hem de Paphlagonia\u2019n\u0131n \u00f6nemli kentlerindendir.<span class=\"excerpt-hellip\"> [\u2026]<\/span><\/p>\n","protected":false},"featured_media":0,"template":"","meta":{"_monsterinsights_skip_tracking":false,"_monsterinsights_sitenote_active":false,"_monsterinsights_sitenote_note":"","_monsterinsights_sitenote_category":0},"product_brand":[],"product_cat":[52477,52478],"product_tag":[],"class_list":{"0":"post-767399","1":"product","2":"type-product","3":"status-publish","5":"product_cat-arastirma","6":"product_cat-arkeoloji","7":"pa_cilt-ciltli","8":"pa_tur-kitap","9":"pa_yayinevi-bilgin-kultur-sanat","10":"pa_yazar-ersin-celikbas-ercan-verim","12":"first","13":"instock","14":"sale","15":"shipping-taxable","16":"purchasable","17":"product-type-simple"},"_links":{"self":[{"href":"https:\/\/roveyayinevi.com.tr\/index.php\/wp-json\/wp\/v2\/product\/767399","targetHints":{"allow":["GET"]}}],"collection":[{"href":"https:\/\/roveyayinevi.com.tr\/index.php\/wp-json\/wp\/v2\/product"}],"about":[{"href":"https:\/\/roveyayinevi.com.tr\/index.php\/wp-json\/wp\/v2\/types\/product"}],"wp:attachment":[{"href":"https:\/\/roveyayinevi.com.tr\/index.php\/wp-json\/wp\/v2\/media?parent=767399"}],"wp:term":[{"taxonomy":"product_brand","embeddable":true,"href":"https:\/\/roveyayinevi.com.tr\/index.php\/wp-json\/wp\/v2\/product_brand?post=767399"},{"taxonomy":"product_cat","embeddable":true,"href":"https:\/\/roveyayinevi.com.tr\/index.php\/wp-json\/wp\/v2\/product_cat?post=767399"},{"taxonomy":"product_tag","embeddable":true,"href":"https:\/\/roveyayinevi.com.tr\/index.php\/wp-json\/wp\/v2\/product_tag?post=767399"}],"curies":[{"name":"wp","href":"https:\/\/api.w.org\/{rel}","templated":true}]}}