{"id":767397,"date":"2025-08-28T12:46:08","date_gmt":"2025-08-28T09:46:08","guid":{"rendered":"https:\/\/roveyayinevi.com.tr\/index.php\/urun\/mo-iii-binyilda-konya-karahoyuk-sivama-cilt\/"},"modified":"2026-04-15T03:33:22","modified_gmt":"2026-04-15T00:33:22","slug":"mo-iii-binyilda-konya-karahoyuk-sivama-cilt","status":"publish","type":"product","link":"https:\/\/roveyayinevi.com.tr\/index.php\/urun\/mo-iii-binyilda-konya-karahoyuk-sivama-cilt\/","title":{"rendered":"M\u00d6. III. Biny\u0131lda Konya Karah\u00f6y\u00fck (S\u0131vama Cilt)"},"content":{"rendered":"<p>Sevgi G\u00dcRDAL taraf\u0131ndan haz\u0131rlanan M\u00d6. III. Biny\u0131lda Konya Karah\u00f6y\u00fck, Erken Tun\u00e7 \u00c7a\u011f\u0131 &amp; Erken Tun\u00e7 \u00c7a\u011f\u0131\u2019ndan Orta Tun\u00e7 \u00c7a\u011f\u0131\u2019na Ge\u00e7i\u015f D\u00f6nemi (XXVII.- V. TABAKALAR) isimli kitap \u00fc\u00e7 ana b\u00f6l\u00fcmden olu\u015fmaktad\u0131r. I. B\u00f6l\u00fcm 1953-1992 Y\u0131llar\u0131 Konya Karah\u00f6y\u00fck Kaz\u0131lar\u0131, H\u00f6y\u00fc\u011f\u00fcn Tabakalanma Durumu, Erken Tun\u00e7 \u00c7a\u011f\u0131 ve Erken Tun\u00e7 \u00c7a\u011f\u0131\u2019ndan Orta Tun\u00e7 \u00c7a\u011f\u0131\u2019na Ge\u00e7i\u015f D\u00f6nemi Mimarisi ile ilgili bilgileri i\u00e7ermektedir. II. B\u00f6l\u00fcm Erken Tun\u00e7 \u00c7a\u011f\u0131 ve Erken Tun\u00e7 \u00c7a\u011f\u0131\u2019ndan Orta Tun\u00e7 \u00c7a\u011f\u0131\u2019na Ge\u00e7i\u015f D\u00f6nemi \u00c7anak \u00c7\u00f6mleklerinin \u00dcretim Teknikleri, \u00c7anak \u00c7\u00f6mlek Gruplar\u0131 ve \u00c7anak \u00c7\u00f6mleklerin tipolojik olarak incelenmesini kapsamaktad\u0131r. III. B\u00f6l\u00fcm Erken Tun\u00e7 \u00c7a\u011f\u0131 ve Erken Tun\u00e7 \u00c7a\u011f\u0131\u2019ndan Orta Tun\u00e7 \u00c7a\u011f\u0131\u2019na Ge\u00e7i\u015f D\u00f6nemi tabakalar\u0131nda ele ge\u00e7en di\u011fer Pi\u015fmi\u015f Toprak Buluntular, Ta\u015f Buluntular, Kemik Buluntular ve Metal Buluntular\u0131 i\u00e7ermektedir. Sonu\u00e7 ve De\u011ferlendirme B\u00f6l\u00fcm\u00fcnde Karah\u00f6y\u00fck\u2019\u00fcn M\u00d6. III. Biny\u0131l\u0131na ait b\u00fct\u00fcn buluntular t\u00fcm ba\u011flamlar\u0131 ile birlikte de\u011ferlendirilmi\u015ftir. <\/p>\n","protected":false},"excerpt":{"rendered":"<p>Sevgi G\u00dcRDAL taraf\u0131ndan haz\u0131rlanan M\u00d6. III. Biny\u0131lda Konya Karah\u00f6y\u00fck, Erken Tun\u00e7 \u00c7a\u011f\u0131 &amp; Erken Tun\u00e7 \u00c7a\u011f\u0131\u2019ndan Orta Tun\u00e7 \u00c7a\u011f\u0131\u2019na Ge\u00e7i\u015f D\u00f6nemi (XXVII.- V. TABAKALAR) isimli kitap<span class=\"excerpt-hellip\"> [\u2026]<\/span><\/p>\n","protected":false},"featured_media":0,"template":"","meta":{"_monsterinsights_skip_tracking":false,"_monsterinsights_sitenote_active":false,"_monsterinsights_sitenote_note":"","_monsterinsights_sitenote_category":0},"product_brand":[],"product_cat":[52477,52478],"product_tag":[],"class_list":{"0":"post-767397","1":"product","2":"type-product","3":"status-publish","5":"product_cat-arastirma","6":"product_cat-arkeoloji","7":"pa_cilt-ciltli","8":"pa_tur-kitap","9":"pa_yayinevi-bilgin-kultur-sanat","10":"pa_yazar-sevgi-gurdal","12":"first","13":"instock","14":"sale","15":"shipping-taxable","16":"purchasable","17":"product-type-simple"},"_links":{"self":[{"href":"https:\/\/roveyayinevi.com.tr\/index.php\/wp-json\/wp\/v2\/product\/767397","targetHints":{"allow":["GET"]}}],"collection":[{"href":"https:\/\/roveyayinevi.com.tr\/index.php\/wp-json\/wp\/v2\/product"}],"about":[{"href":"https:\/\/roveyayinevi.com.tr\/index.php\/wp-json\/wp\/v2\/types\/product"}],"wp:attachment":[{"href":"https:\/\/roveyayinevi.com.tr\/index.php\/wp-json\/wp\/v2\/media?parent=767397"}],"wp:term":[{"taxonomy":"product_brand","embeddable":true,"href":"https:\/\/roveyayinevi.com.tr\/index.php\/wp-json\/wp\/v2\/product_brand?post=767397"},{"taxonomy":"product_cat","embeddable":true,"href":"https:\/\/roveyayinevi.com.tr\/index.php\/wp-json\/wp\/v2\/product_cat?post=767397"},{"taxonomy":"product_tag","embeddable":true,"href":"https:\/\/roveyayinevi.com.tr\/index.php\/wp-json\/wp\/v2\/product_tag?post=767397"}],"curies":[{"name":"wp","href":"https:\/\/api.w.org\/{rel}","templated":true}]}}