{"id":767396,"date":"2025-08-28T12:46:05","date_gmt":"2025-08-28T09:46:05","guid":{"rendered":"https:\/\/roveyayinevi.com.tr\/index.php\/urun\/1909-istanbul-dustu\/"},"modified":"2026-04-15T03:33:22","modified_gmt":"2026-04-15T00:33:22","slug":"1909-istanbul-dustu","status":"publish","type":"product","link":"https:\/\/roveyayinevi.com.tr\/index.php\/urun\/1909-istanbul-dustu\/","title":{"rendered":"1909 \u0130stanbul D\u00fc\u015ft\u00fc"},"content":{"rendered":"<p>Sultan Abd\u00fclhamid ba\u015f\u0131n\u0131 \u00f6ne e\u011fdi, sakallar\u0131n\u0131 ovu\u015fturdu: \u201c\u0130stanbul\u2019u; Fatih\u2019in fethetti\u011fi \u0130stanbul\u2019u bizden geri almak i\u00e7in geliyorlar!\u201d   \u00c7ok uzun zaman \u00f6nce ya\u015fanm\u0131\u015f, hi\u00e7 anlat\u0131lmam\u0131\u015f ve sonra \u00fcst\u00fc \u00f6rt\u00fclm\u00fc\u015f bir tarih.   Karanl\u0131k ve kanl\u0131 bir sava\u015f&#8230; Haf\u0131zalardan, resimlerden, \u015fark\u0131lardan ve kitaplardan silinmi\u015f.   \u0130\u00e7inde sadece Bat\u0131\u2019n\u0131n oldu\u011fu uydurma tarihi y\u0131kmaya cesareti olanlar i\u00e7in bu kitap yaln\u0131zca bir ba\u015flang\u0131\u00e7.   B\u00fcy\u00fck, de\u011fi\u015ftirme g\u00fcc\u00fc olan, sars\u0131c\u0131 bir ba\u015flang\u0131\u00e7.   Hayatta baz\u0131 \u015feyleri yapmadan \u00f6nce iki kere d\u00fc\u015f\u00fcnmek ve ger\u00e7eklerin yarataca\u011f\u0131 de\u011fi\u015fime haz\u0131r olmak gerekir.   Bu kitab\u0131 okuduktan sonra hi\u00e7bir \u015fey eskisi gibi olmayacak&#8230; <\/p>\n","protected":false},"excerpt":{"rendered":"<p>Sultan Abd\u00fclhamid ba\u015f\u0131n\u0131 \u00f6ne e\u011fdi, sakallar\u0131n\u0131 ovu\u015fturdu: \u201c\u0130stanbul\u2019u; Fatih\u2019in fethetti\u011fi \u0130stanbul\u2019u bizden geri almak i\u00e7in geliyorlar!\u201d \u00c7ok uzun zaman \u00f6nce ya\u015fanm\u0131\u015f, hi\u00e7 anlat\u0131lmam\u0131\u015f ve sonra \u00fcst\u00fc<span class=\"excerpt-hellip\"> [\u2026]<\/span><\/p>\n","protected":false},"featured_media":0,"template":"","meta":{"_monsterinsights_skip_tracking":false,"_monsterinsights_sitenote_active":false,"_monsterinsights_sitenote_note":"","_monsterinsights_sitenote_category":0},"product_brand":[],"product_cat":[12291,12711],"product_tag":[],"class_list":{"0":"post-767396","1":"product","2":"type-product","3":"status-publish","5":"product_cat-edebiyat","6":"product_cat-roman-oyku","7":"pa_cilt-ciltsiz","8":"pa_tur-kitap","9":"pa_yayinevi-destek-yayinlari","10":"pa_yazar-burak-turna","12":"first","13":"instock","14":"sale","15":"shipping-taxable","16":"purchasable","17":"product-type-simple"},"_links":{"self":[{"href":"https:\/\/roveyayinevi.com.tr\/index.php\/wp-json\/wp\/v2\/product\/767396","targetHints":{"allow":["GET"]}}],"collection":[{"href":"https:\/\/roveyayinevi.com.tr\/index.php\/wp-json\/wp\/v2\/product"}],"about":[{"href":"https:\/\/roveyayinevi.com.tr\/index.php\/wp-json\/wp\/v2\/types\/product"}],"wp:attachment":[{"href":"https:\/\/roveyayinevi.com.tr\/index.php\/wp-json\/wp\/v2\/media?parent=767396"}],"wp:term":[{"taxonomy":"product_brand","embeddable":true,"href":"https:\/\/roveyayinevi.com.tr\/index.php\/wp-json\/wp\/v2\/product_brand?post=767396"},{"taxonomy":"product_cat","embeddable":true,"href":"https:\/\/roveyayinevi.com.tr\/index.php\/wp-json\/wp\/v2\/product_cat?post=767396"},{"taxonomy":"product_tag","embeddable":true,"href":"https:\/\/roveyayinevi.com.tr\/index.php\/wp-json\/wp\/v2\/product_tag?post=767396"}],"curies":[{"name":"wp","href":"https:\/\/api.w.org\/{rel}","templated":true}]}}