{"id":767394,"date":"2025-08-28T12:46:01","date_gmt":"2025-08-28T09:46:01","guid":{"rendered":"https:\/\/roveyayinevi.com.tr\/index.php\/urun\/benim-mutlu-evliligim-3\/"},"modified":"2026-04-15T03:33:22","modified_gmt":"2026-04-15T00:33:22","slug":"benim-mutlu-evliligim-3","status":"publish","type":"product","link":"https:\/\/roveyayinevi.com.tr\/index.php\/urun\/benim-mutlu-evliligim-3\/","title":{"rendered":"Benim Mutlu Evlili\u011fim 3"},"content":{"rendered":"<p>BA\u015eKALARI TARAFINDAN SEV\u0130LMEN\u0130N NE KADAR MUTLULUK VER\u0130C\u0130 OLDU\u011eUNU \u0130LK DEFA \u00d6\u011eRENMEK&#8230; \u00d6ZEL G\u00dc\u00c7LER\u0130 OLMAYAN VE HERKES TARAFINDAN YOK SAYILAN M\u0130YO SA\u0130MOR\u0130, \u00d6ZEL G\u00dc\u00c7LERE SAH\u0130P AMA AYNI ZAMANDA SO\u011eUK VE ZAL\u0130M OLARAK DA B\u0130L\u0130NEN KUDOU A\u0130LES\u0130N\u0130N GEL\u0130N ADAYI OLUR.   \u015eATAFATTAN UZAK OLAN VE SOYLU B\u0130R A\u0130LEN\u0130N KIZINA BENZEMEYEN M\u0130YO\u2019NUN DURUMUNU G\u00d6REN A\u0130LE RE\u0130S\u0130 K\u0130YOKA KUDOU, M\u0130YO\u2019YU \u00d6NEMSEMEYE BA\u015eLAR. ANCAK M\u0130YO\u2019NUN KISKAN\u00c7 \u00dcVEY ANNES\u0130 \u0130LE KIZ KARDE\u015e\u0130 KAYA, ONU B\u0130R DEPOYA KAPATARAK N\u0130\u015eANINDAN VAZGE\u00c7MES\u0130 VE KEND\u0130NE BA\u015eKA B\u0130R E\u015e BULMASI \u0130\u00c7\u0130N BASKI YAPAR. BU SIRADA K\u0130YOKA DA \u00d6ZEL G\u00dc\u00c7LER\u0130N\u0130 KULLANARAK M\u0130YO\u2019YU   KURTARMAYA \u00c7ALI\u015eMAKTADIR. <\/p>\n","protected":false},"excerpt":{"rendered":"<p>BA\u015eKALARI TARAFINDAN SEV\u0130LMEN\u0130N NE KADAR MUTLULUK VER\u0130C\u0130 OLDU\u011eUNU \u0130LK DEFA \u00d6\u011eRENMEK&#8230; \u00d6ZEL G\u00dc\u00c7LER\u0130 OLMAYAN VE HERKES TARAFINDAN YOK SAYILAN M\u0130YO SA\u0130MOR\u0130, \u00d6ZEL G\u00dc\u00c7LERE SAH\u0130P AMA AYNI<span class=\"excerpt-hellip\"> [\u2026]<\/span><\/p>\n","protected":false},"featured_media":0,"template":"","meta":{"_monsterinsights_skip_tracking":false,"_monsterinsights_sitenote_active":false,"_monsterinsights_sitenote_note":"","_monsterinsights_sitenote_category":0},"product_brand":[],"product_cat":[12416,12291],"product_tag":[],"class_list":{"0":"post-767394","1":"product","2":"type-product","3":"status-publish","5":"product_cat-cizgi-roman","6":"product_cat-edebiyat","7":"pa_cilt-ciltsiz","8":"pa_tur-kitap","9":"pa_yayinevi-athica-yayinlari","10":"pa_yazar-akumi-agitogi","12":"first","13":"instock","14":"sale","15":"shipping-taxable","16":"purchasable","17":"product-type-simple"},"_links":{"self":[{"href":"https:\/\/roveyayinevi.com.tr\/index.php\/wp-json\/wp\/v2\/product\/767394","targetHints":{"allow":["GET"]}}],"collection":[{"href":"https:\/\/roveyayinevi.com.tr\/index.php\/wp-json\/wp\/v2\/product"}],"about":[{"href":"https:\/\/roveyayinevi.com.tr\/index.php\/wp-json\/wp\/v2\/types\/product"}],"wp:attachment":[{"href":"https:\/\/roveyayinevi.com.tr\/index.php\/wp-json\/wp\/v2\/media?parent=767394"}],"wp:term":[{"taxonomy":"product_brand","embeddable":true,"href":"https:\/\/roveyayinevi.com.tr\/index.php\/wp-json\/wp\/v2\/product_brand?post=767394"},{"taxonomy":"product_cat","embeddable":true,"href":"https:\/\/roveyayinevi.com.tr\/index.php\/wp-json\/wp\/v2\/product_cat?post=767394"},{"taxonomy":"product_tag","embeddable":true,"href":"https:\/\/roveyayinevi.com.tr\/index.php\/wp-json\/wp\/v2\/product_tag?post=767394"}],"curies":[{"name":"wp","href":"https:\/\/api.w.org\/{rel}","templated":true}]}}