{"id":767393,"date":"2025-08-28T12:45:59","date_gmt":"2025-08-28T09:45:59","guid":{"rendered":"https:\/\/roveyayinevi.com.tr\/index.php\/urun\/benim-mutlu-evliligim-4\/"},"modified":"2026-04-15T03:33:22","modified_gmt":"2026-04-15T00:33:22","slug":"benim-mutlu-evliligim-4","status":"publish","type":"product","link":"https:\/\/roveyayinevi.com.tr\/index.php\/urun\/benim-mutlu-evliligim-4\/","title":{"rendered":"Benim Mutlu Evlili\u011fim 4"},"content":{"rendered":"<p>M\u0130YO SA\u0130MOR\u0130, A\u0130LES\u0130NDEN H\u0130\u00c7B\u0130R YETENE\u011e\u0130 M\u0130RAS ALMAMI\u015e, HERKES\u0130N YOK SAYDI\u011eI B\u0130R\u0130D\u0130R. FAKAT KEND\u0130 A\u0130LES\u0130 G\u0130B\u0130 \u00d6ZEL G\u00dc\u00c7LERE SAH\u0130P KUDOU A\u0130LES\u0130NE GEL\u0130N ADAYI OLARAK G\u0130DER&#8230; SOYLU B\u0130R A\u0130LEN\u0130N KIZINA BENZEMEYEN M\u0130YO\u2019YU G\u00d6REN A\u0130LE RE\u0130S\u0130 K\u0130YOKA KUDOU, ONA SEMPAT\u0130 DUYMAYA BA\u015eLAR. SONUNDA B\u0130RB\u0130R\u0130NDEN ETK\u0130LENEN GEN\u00c7LER N\u0130\u015eANLANMAYA KARAR VER\u0130R. ANCAK M\u0130YO, GEREKL\u0130 E\u011e\u0130T\u0130M\u0130 ALMADI\u011eI \u0130\u00c7\u0130N KUDOU A\u0130LES\u0130NE LAYIK B\u0130R GEL\u0130N OLUP OLAMAYACA\u011eI KONUSUNDA END\u0130\u015eEL\u0130D\u0130R. NEYSE K\u0130 K\u0130YOKA\u2019NIN \u0130STE\u011e\u0130 \u00dcZER\u0130NE ABLASI HAZUK\u0130, M\u0130YO\u2019YA DERS VERMEYE BA\u015eLAYACAKTIR. BU SIRADA FARKLI YERLERDE HEM K\u0130YOKA HEM DE M\u0130YO AYNI G\u0130ZEML\u0130 ADAMLA KAR\u015eILA\u015eIR&#8230; ARATA TSURUK\u0130 \u0130S\u0130ML\u0130 BU ADAMIN AMACI NE OLAB\u0130L\u0130R? SEVMEN\u0130N VE SEV\u0130LMEN\u0130N GET\u0130RD\u0130\u011e\u0130 MUTLULU\u011eU VE ACIYI \u00d6\u011eRENMEYE HAZIR OLUN&#8230; <\/p>\n","protected":false},"excerpt":{"rendered":"<p>M\u0130YO SA\u0130MOR\u0130, A\u0130LES\u0130NDEN H\u0130\u00c7B\u0130R YETENE\u011e\u0130 M\u0130RAS ALMAMI\u015e, HERKES\u0130N YOK SAYDI\u011eI B\u0130R\u0130D\u0130R. FAKAT KEND\u0130 A\u0130LES\u0130 G\u0130B\u0130 \u00d6ZEL G\u00dc\u00c7LERE SAH\u0130P KUDOU A\u0130LES\u0130NE GEL\u0130N ADAYI OLARAK G\u0130DER&#8230; SOYLU B\u0130R<span class=\"excerpt-hellip\"> [\u2026]<\/span><\/p>\n","protected":false},"featured_media":0,"template":"","meta":{"_monsterinsights_skip_tracking":false,"_monsterinsights_sitenote_active":false,"_monsterinsights_sitenote_note":"","_monsterinsights_sitenote_category":0},"product_brand":[],"product_cat":[12416,12291],"product_tag":[],"class_list":{"0":"post-767393","1":"product","2":"type-product","3":"status-publish","5":"product_cat-cizgi-roman","6":"product_cat-edebiyat","7":"pa_cilt-ciltsiz","8":"pa_tur-kitap","9":"pa_yayinevi-athica-yayinlari","10":"pa_yazar-akumi-agitogi","12":"first","13":"instock","14":"sale","15":"shipping-taxable","16":"purchasable","17":"product-type-simple"},"_links":{"self":[{"href":"https:\/\/roveyayinevi.com.tr\/index.php\/wp-json\/wp\/v2\/product\/767393","targetHints":{"allow":["GET"]}}],"collection":[{"href":"https:\/\/roveyayinevi.com.tr\/index.php\/wp-json\/wp\/v2\/product"}],"about":[{"href":"https:\/\/roveyayinevi.com.tr\/index.php\/wp-json\/wp\/v2\/types\/product"}],"wp:attachment":[{"href":"https:\/\/roveyayinevi.com.tr\/index.php\/wp-json\/wp\/v2\/media?parent=767393"}],"wp:term":[{"taxonomy":"product_brand","embeddable":true,"href":"https:\/\/roveyayinevi.com.tr\/index.php\/wp-json\/wp\/v2\/product_brand?post=767393"},{"taxonomy":"product_cat","embeddable":true,"href":"https:\/\/roveyayinevi.com.tr\/index.php\/wp-json\/wp\/v2\/product_cat?post=767393"},{"taxonomy":"product_tag","embeddable":true,"href":"https:\/\/roveyayinevi.com.tr\/index.php\/wp-json\/wp\/v2\/product_tag?post=767393"}],"curies":[{"name":"wp","href":"https:\/\/api.w.org\/{rel}","templated":true}]}}