{"id":767390,"date":"2025-08-28T12:45:55","date_gmt":"2025-08-28T09:45:55","guid":{"rendered":"https:\/\/roveyayinevi.com.tr\/index.php\/urun\/gogobi-ve-kiyi-camur-cullugu\/"},"modified":"2026-04-15T03:33:21","modified_gmt":"2026-04-15T00:33:21","slug":"gogobi-ve-kiyi-camur-cullugu","status":"publish","type":"product","link":"https:\/\/roveyayinevi.com.tr\/index.php\/urun\/gogobi-ve-kiyi-camur-cullugu\/","title":{"rendered":"Gogobi ve K\u0131y\u0131 \u00c7amur \u00c7ullu\u011fu"},"content":{"rendered":"<p>Gogobi gen\u00e7, cesur ve hayat\u0131 sorgulayan bir faredir. Gogobi anlaml\u0131 bir hayat ya\u015famak isterken \u00f6n\u00fcne \u00e7\u0131kan engellere tak\u0131lmaz. Onu destekleyen ailesi Gogobi\u2019yi y\u00fcreklendirir.Rekortmen bir ku\u015f olan K\u0131y\u0131 \u00c7amur \u00c7ullu\u011fu ile kurdu\u011fu dostluk Gogobi\u2019nin hayallerinin s\u0131n\u0131rlar\u0131n\u0131 ba\u015fka bir boyuta ta\u015f\u0131maktad\u0131r. Tutkular\u0131 onu Pasifik Okyanusunun \u00f6tesine g\u00f6t\u00fcr\u00fcrken geride b\u0131rakt\u0131klar\u0131ndan habersizdir. Herkes planlar\u0131n\u0131 yaparken, \u00f6yk\u00fcm\u00fczdeki Gelincik\u2019te kendi planlar\u0131n\u0131 yapmaktad\u0131r&#8230; \u00c7ok \u015fey \u00f6\u011frenece\u011finiz, \u00fcz\u00fcl\u00fcp sevinece\u011finiz yer yer heyecandan sayfalar\u0131 h\u0131zla \u00e7evirip ne olacak diye merakla okuyaca\u011f\u0131n\u0131z bir \u00f6yk\u00fcyle ba\u015f ba\u015fas\u0131n\u0131z. <\/p>\n","protected":false},"excerpt":{"rendered":"<p>Gogobi gen\u00e7, cesur ve hayat\u0131 sorgulayan bir faredir. Gogobi anlaml\u0131 bir hayat ya\u015famak isterken \u00f6n\u00fcne \u00e7\u0131kan engellere tak\u0131lmaz. Onu destekleyen ailesi Gogobi\u2019yi y\u00fcreklendirir.Rekortmen bir ku\u015f olan<span class=\"excerpt-hellip\"> [\u2026]<\/span><\/p>\n","protected":false},"featured_media":0,"template":"","meta":{"_monsterinsights_skip_tracking":false,"_monsterinsights_sitenote_active":false,"_monsterinsights_sitenote_note":"","_monsterinsights_sitenote_category":0},"product_brand":[],"product_cat":[12274,12284],"product_tag":[],"class_list":{"0":"post-767390","1":"product","2":"type-product","3":"status-publish","5":"product_cat-cocuk-ve-genclik-kitaplari","6":"product_cat-hikayeler","7":"pa_cilt-ciltsiz","8":"pa_tur-kitap","9":"pa_yayinevi-us-yayinlari","10":"pa_yazar-meltem-akbulut-zengin","12":"first","13":"instock","14":"sale","15":"shipping-taxable","16":"purchasable","17":"product-type-simple"},"_links":{"self":[{"href":"https:\/\/roveyayinevi.com.tr\/index.php\/wp-json\/wp\/v2\/product\/767390","targetHints":{"allow":["GET"]}}],"collection":[{"href":"https:\/\/roveyayinevi.com.tr\/index.php\/wp-json\/wp\/v2\/product"}],"about":[{"href":"https:\/\/roveyayinevi.com.tr\/index.php\/wp-json\/wp\/v2\/types\/product"}],"wp:attachment":[{"href":"https:\/\/roveyayinevi.com.tr\/index.php\/wp-json\/wp\/v2\/media?parent=767390"}],"wp:term":[{"taxonomy":"product_brand","embeddable":true,"href":"https:\/\/roveyayinevi.com.tr\/index.php\/wp-json\/wp\/v2\/product_brand?post=767390"},{"taxonomy":"product_cat","embeddable":true,"href":"https:\/\/roveyayinevi.com.tr\/index.php\/wp-json\/wp\/v2\/product_cat?post=767390"},{"taxonomy":"product_tag","embeddable":true,"href":"https:\/\/roveyayinevi.com.tr\/index.php\/wp-json\/wp\/v2\/product_tag?post=767390"}],"curies":[{"name":"wp","href":"https:\/\/api.w.org\/{rel}","templated":true}]}}