{"id":767389,"date":"2025-08-28T12:45:53","date_gmt":"2025-08-28T09:45:53","guid":{"rendered":"https:\/\/roveyayinevi.com.tr\/index.php\/urun\/karl-marx-ve-ingiliz-emperyalizmi\/"},"modified":"2026-04-15T03:33:21","modified_gmt":"2026-04-15T00:33:21","slug":"karl-marx-ve-ingiliz-emperyalizmi","status":"publish","type":"product","link":"https:\/\/roveyayinevi.com.tr\/index.php\/urun\/karl-marx-ve-ingiliz-emperyalizmi\/","title":{"rendered":"Karl Marx ve \u0130ngiliz Emperyalizmi"},"content":{"rendered":"<p>\u201cKarl Marx\u2019\u0131n XIX. y\u00fczy\u0131l ortalar\u0131nda, \u00c7in\u2019de \u0130ngiliz emperyalizmini konu alan makalelerini dilimize \u00e7evirirken, Osmanl\u0131 Devleti\u2019ndeki ayn\u0131 d\u00f6nemin olaylar\u0131n\u0131 incelemek ve bu kitapla b\u00fct\u00fcnle\u015ftirmek istedik. B\u00f6ylece, birbirinden uzak iki do\u011fu devletini, ayn\u0131 d\u00f6nemin ko\u015fullar\u0131 i\u00e7inde birbiriyle kar\u015f\u0131la\u015ft\u0131r\u0131nca, \u0130ngiliz (ya da Bat\u0131) s\u00f6m\u00fcr\u00fc ayg\u0131t\u0131n\u0131n iki y\u00fcz\u00fc daha belirgin bi\u00e7imde ortaya \u00e7\u0131kt\u0131. K. Marx\u2019\u0131n makaleleri, bu s\u00f6m\u00fcr\u00fc ayg\u0131t\u0131n\u0131n, ac\u0131mas\u0131z, kan d\u00f6k\u00fcc\u00fc, hunhar y\u00fcz\u00fcn\u00fc sergiliyorken, biz de ayn\u0131 emperyalizmin Osmanl\u0131 Devleti\u2019ndeki, kurnaz, yumu\u015fak ve doland\u0131r\u0131c\u0131 y\u00fcz\u00fcyle kar\u015f\u0131la\u015ft\u0131k.O nedenle bu kitap hem bir \u00e7eviri ve hem de o \u00e7eviriyi destekleyen bir tarih incelemesi niteli\u011fine b\u00fcr\u00fcnd\u00fc.\u201dAli Nejat \u00d6l\u00e7en \u2026\u201cKarl Marx ve \u0130ngiliz Emperyalizmi\u2019nde \u00c7in ve Osmanl\u0131 \u0130mparatorluklar\u0131n\u0131n y\u0131k\u0131l\u0131\u015f\u0131n\u0131 h\u0131zland\u0131ran XIX. y\u00fczy\u0131ldaki \u2018d\u0131\u015fa a\u00e7\u0131lma\u2019 s\u00fcre\u00e7leri ve bunlar\u0131n ard\u0131ndaki emperyalist s\u00f6m\u00fcr\u00fc ve denetim ili\u015fkileri tutarl\u0131 bir bi\u00e7imde sergilenmektedir. Kapitalizmin bir \u2018d\u00fcnya sistemi\u2019 olarak ba\u015fatl\u0131\u011f\u0131 ve onun merkez ve \u00e7evre \u00fclkeleri aras\u0131ndaki e\u015fitsizli\u011fi peki\u015ftiren siyasal ve ekonomik kurumsalla\u015fmas\u0131 s\u00fcregeldik\u00e7e, \u00c7in ve Osmanl\u0131\u2019n\u0131n XIX. y\u00fczy\u0131l deneyimlerini aktaran bu t\u00fcr \u00e7al\u0131\u015fmalardan ak\u0131lda kalacak \u00e7ok \u015fey, \u00e7\u0131kar\u0131lacak \u00e7ok ders vard\u0131r.\u201dAy\u00e7a Tekin-Koru &amp; Oktar T\u00fcrel <\/p>\n","protected":false},"excerpt":{"rendered":"<p>\u201cKarl Marx\u2019\u0131n XIX. y\u00fczy\u0131l ortalar\u0131nda, \u00c7in\u2019de \u0130ngiliz emperyalizmini konu alan makalelerini dilimize \u00e7evirirken, Osmanl\u0131 Devleti\u2019ndeki ayn\u0131 d\u00f6nemin olaylar\u0131n\u0131 incelemek ve bu kitapla b\u00fct\u00fcnle\u015ftirmek istedik. B\u00f6ylece, birbirinden<span class=\"excerpt-hellip\"> [\u2026]<\/span><\/p>\n","protected":false},"featured_media":0,"template":"","meta":{"_monsterinsights_skip_tracking":false,"_monsterinsights_sitenote_active":false,"_monsterinsights_sitenote_note":"","_monsterinsights_sitenote_category":0},"product_brand":[],"product_cat":[12304],"product_tag":[],"class_list":{"0":"post-767389","1":"product","2":"type-product","3":"status-publish","5":"product_cat-tarih","6":"pa_cilt-ciltsiz","7":"pa_tur-kitap","8":"pa_yayinevi-telgrafhane-yayinlari","9":"pa_yazar-ali-nejat-olcen","11":"first","12":"instock","13":"sale","14":"shipping-taxable","15":"purchasable","16":"product-type-simple"},"_links":{"self":[{"href":"https:\/\/roveyayinevi.com.tr\/index.php\/wp-json\/wp\/v2\/product\/767389","targetHints":{"allow":["GET"]}}],"collection":[{"href":"https:\/\/roveyayinevi.com.tr\/index.php\/wp-json\/wp\/v2\/product"}],"about":[{"href":"https:\/\/roveyayinevi.com.tr\/index.php\/wp-json\/wp\/v2\/types\/product"}],"wp:attachment":[{"href":"https:\/\/roveyayinevi.com.tr\/index.php\/wp-json\/wp\/v2\/media?parent=767389"}],"wp:term":[{"taxonomy":"product_brand","embeddable":true,"href":"https:\/\/roveyayinevi.com.tr\/index.php\/wp-json\/wp\/v2\/product_brand?post=767389"},{"taxonomy":"product_cat","embeddable":true,"href":"https:\/\/roveyayinevi.com.tr\/index.php\/wp-json\/wp\/v2\/product_cat?post=767389"},{"taxonomy":"product_tag","embeddable":true,"href":"https:\/\/roveyayinevi.com.tr\/index.php\/wp-json\/wp\/v2\/product_tag?post=767389"}],"curies":[{"name":"wp","href":"https:\/\/api.w.org\/{rel}","templated":true}]}}