{"id":767387,"date":"2025-08-28T12:45:50","date_gmt":"2025-08-28T09:45:50","guid":{"rendered":"https:\/\/roveyayinevi.com.tr\/index.php\/urun\/bremen-mizikacilari-8\/"},"modified":"2026-04-08T03:30:01","modified_gmt":"2026-04-08T00:30:01","slug":"bremen-mizikacilari-8","status":"publish","type":"product","link":"https:\/\/roveyayinevi.com.tr\/index.php\/urun\/bremen-mizikacilari-8\/","title":{"rendered":"Bremen M\u0131z\u0131kac\u0131lar\u0131"},"content":{"rendered":"<p>Eskimeyen klasik Bremen M\u0131z\u0131kac\u0131lar\u0131, sevilen yazar Alp G\u00f6kalp\u2019in yorumuyla yeniden canlan\u0131yor. Canlar\u0131 s\u0131k\u0131lan ve kendilerine yeni bir macera arayan patili arkada\u015flar hem eski masal\u0131n izini s\u00fcr\u00fcyor hem de kahramanlar\u0131n yar\u0131m kalan hayalini ger\u00e7ekle\u015ftirmeye giri\u015fiyorlar. Dostlu\u011fun g\u00fcc\u00fcn\u00fc ve birlikte \u00e7al\u0131\u015fman\u0131n sihrini onlarla ke\u015ffetmeye var m\u0131s\u0131n\u0131z? Reng\u00e2renk \u00e7izimleri ve ne\u015feli dostlar\u0131yla HAVikulade bir \u015f\u00f6len sizi bekliyor.  <\/p>\n","protected":false},"excerpt":{"rendered":"<p>Eskimeyen klasik Bremen M\u0131z\u0131kac\u0131lar\u0131, sevilen yazar Alp G\u00f6kalp\u2019in yorumuyla yeniden canlan\u0131yor. Canlar\u0131 s\u0131k\u0131lan ve kendilerine yeni bir macera arayan patili arkada\u015flar hem eski masal\u0131n izini s\u00fcr\u00fcyor<span class=\"excerpt-hellip\"> [\u2026]<\/span><\/p>\n","protected":false},"featured_media":0,"template":"","meta":{"_monsterinsights_skip_tracking":false,"_monsterinsights_sitenote_active":false,"_monsterinsights_sitenote_note":"","_monsterinsights_sitenote_category":0},"product_brand":[],"product_cat":[12274,12284],"product_tag":[],"class_list":{"0":"post-767387","1":"product","2":"type-product","3":"status-publish","5":"product_cat-cocuk-ve-genclik-kitaplari","6":"product_cat-hikayeler","7":"pa_cilt-ciltsiz","8":"pa_tur-kitap","9":"pa_yayinevi-buyulu-fener-yayinlari","10":"pa_yazar-alp-gokalp","12":"first","13":"instock","14":"sale","15":"shipping-taxable","16":"purchasable","17":"product-type-simple"},"_links":{"self":[{"href":"https:\/\/roveyayinevi.com.tr\/index.php\/wp-json\/wp\/v2\/product\/767387","targetHints":{"allow":["GET"]}}],"collection":[{"href":"https:\/\/roveyayinevi.com.tr\/index.php\/wp-json\/wp\/v2\/product"}],"about":[{"href":"https:\/\/roveyayinevi.com.tr\/index.php\/wp-json\/wp\/v2\/types\/product"}],"wp:attachment":[{"href":"https:\/\/roveyayinevi.com.tr\/index.php\/wp-json\/wp\/v2\/media?parent=767387"}],"wp:term":[{"taxonomy":"product_brand","embeddable":true,"href":"https:\/\/roveyayinevi.com.tr\/index.php\/wp-json\/wp\/v2\/product_brand?post=767387"},{"taxonomy":"product_cat","embeddable":true,"href":"https:\/\/roveyayinevi.com.tr\/index.php\/wp-json\/wp\/v2\/product_cat?post=767387"},{"taxonomy":"product_tag","embeddable":true,"href":"https:\/\/roveyayinevi.com.tr\/index.php\/wp-json\/wp\/v2\/product_tag?post=767387"}],"curies":[{"name":"wp","href":"https:\/\/api.w.org\/{rel}","templated":true}]}}