{"id":767386,"date":"2025-08-28T12:45:47","date_gmt":"2025-08-28T09:45:47","guid":{"rendered":"https:\/\/roveyayinevi.com.tr\/index.php\/urun\/cocuklar-icin-ataturk\/"},"modified":"2026-04-15T03:33:21","modified_gmt":"2026-04-15T00:33:21","slug":"cocuklar-icin-ataturk","status":"publish","type":"product","link":"https:\/\/roveyayinevi.com.tr\/index.php\/urun\/cocuklar-icin-ataturk\/","title":{"rendered":"\u00c7ocuklar \u0130\u00e7in Atat\u00fcrk"},"content":{"rendered":"<p>Sevgili \u00c7ocuklar\u0131m\u0131z, Bug\u00fcne kadar Atat\u00fcrk\u2019le ilgili onlarca hatta y\u00fczlerce kitap yaz\u0131lm\u0131\u015ft\u0131r. Eminiz k\u00fct\u00fcphanenizin bir k\u00f6\u015fesinde bu kitaplardan biri ya da birka\u00e7\u0131, ba\u015fucu kitab\u0131 olarak yerini alm\u0131\u015ft\u0131r. Somut Yay\u0131nc\u0131l\u0131k olarak bu kitaplar dizisine bir kitap da biz ekleyelim istedik. Amac\u0131m\u0131z, Cumhuriyet\u2019imize sahip \u00e7\u0131k\u0131lmas\u0131n\u0131n \u015fiddetle gerekli oldu\u011fu bu g\u00fcnlerde bu konudaki duyarl\u0131l\u0131\u011f\u0131m\u0131z\u0131 dile getirmek. \u00d6zenli, duyarl\u0131, samimi bir \u00e7al\u0131\u015fmayla haz\u0131rlanm\u0131\u015f bu kitap, hem bug\u00fcnlere nas\u0131l gelindi\u011fini hem de Ulu \u00d6nder\u2019in b\u0131rakt\u0131\u011f\u0131 b\u00fcy\u00fck miras\u0131n \u00f6nemini, de\u011ferini yeniden hat\u0131rlatacakt\u0131r. Atalar\u0131m\u0131zdan ald\u0131\u011f\u0131n\u0131z ve \u00e7ocuklar\u0131n\u0131za devredece\u011finiz bu miras\u0131n kararl\u0131, tutkulu, inan\u00e7l\u0131 savunucular\u0131 olaca\u011f\u0131n\u0131za olan inanc\u0131m\u0131zla, \u0131\u015f\u0131lt\u0131l\u0131 beyinlerinize bir k\u0131v\u0131lc\u0131m da bu kitap \u00e7akar diye umuyoruz. Vecihi T\u0130MURO\u011eLU <\/p>\n","protected":false},"excerpt":{"rendered":"<p>Sevgili \u00c7ocuklar\u0131m\u0131z, Bug\u00fcne kadar Atat\u00fcrk\u2019le ilgili onlarca hatta y\u00fczlerce kitap yaz\u0131lm\u0131\u015ft\u0131r. Eminiz k\u00fct\u00fcphanenizin bir k\u00f6\u015fesinde bu kitaplardan biri ya da birka\u00e7\u0131, ba\u015fucu kitab\u0131 olarak yerini alm\u0131\u015ft\u0131r.<span class=\"excerpt-hellip\"> [\u2026]<\/span><\/p>\n","protected":false},"featured_media":0,"template":"","meta":{"_monsterinsights_skip_tracking":false,"_monsterinsights_sitenote_active":false,"_monsterinsights_sitenote_note":"","_monsterinsights_sitenote_category":0},"product_brand":[],"product_cat":[18545,12291],"product_tag":[],"class_list":{"0":"post-767386","1":"product","2":"type-product","3":"status-publish","5":"product_cat-anlati","6":"product_cat-edebiyat","7":"pa_cilt-ciltsiz","8":"pa_tur-kitap","9":"pa_yayinevi-somut-yayinlari","10":"pa_yazar-vecihi-timuroglu","12":"first","13":"instock","14":"sale","15":"shipping-taxable","16":"purchasable","17":"product-type-simple"},"_links":{"self":[{"href":"https:\/\/roveyayinevi.com.tr\/index.php\/wp-json\/wp\/v2\/product\/767386","targetHints":{"allow":["GET"]}}],"collection":[{"href":"https:\/\/roveyayinevi.com.tr\/index.php\/wp-json\/wp\/v2\/product"}],"about":[{"href":"https:\/\/roveyayinevi.com.tr\/index.php\/wp-json\/wp\/v2\/types\/product"}],"wp:attachment":[{"href":"https:\/\/roveyayinevi.com.tr\/index.php\/wp-json\/wp\/v2\/media?parent=767386"}],"wp:term":[{"taxonomy":"product_brand","embeddable":true,"href":"https:\/\/roveyayinevi.com.tr\/index.php\/wp-json\/wp\/v2\/product_brand?post=767386"},{"taxonomy":"product_cat","embeddable":true,"href":"https:\/\/roveyayinevi.com.tr\/index.php\/wp-json\/wp\/v2\/product_cat?post=767386"},{"taxonomy":"product_tag","embeddable":true,"href":"https:\/\/roveyayinevi.com.tr\/index.php\/wp-json\/wp\/v2\/product_tag?post=767386"}],"curies":[{"name":"wp","href":"https:\/\/api.w.org\/{rel}","templated":true}]}}