{"id":767384,"date":"2025-08-28T12:45:43","date_gmt":"2025-08-28T09:45:43","guid":{"rendered":"https:\/\/roveyayinevi.com.tr\/index.php\/urun\/dunyanin-en-bos-evi\/"},"modified":"2026-04-12T03:24:49","modified_gmt":"2026-04-12T00:24:49","slug":"dunyanin-en-bos-evi","status":"publish","type":"product","link":"https:\/\/roveyayinevi.com.tr\/index.php\/urun\/dunyanin-en-bos-evi\/","title":{"rendered":"D\u00fcnyan\u0131n En Bo\u015f Evi"},"content":{"rendered":"<p>\u201cKarabasan bir ara \u00fcst kata \u00e7\u0131kt\u0131 ve bir daha inmedi. Sabaha kadar kendi kendine konu\u015fup durdu. A\u015fa\u011f\u0131ya gelen sesler anlams\u0131zd\u0131. Kral da \u00f6tekiler de onun \u00e7\u0131ld\u0131rd\u0131\u011f\u0131n\u0131 d\u00fc\u015f\u00fcnd\u00fc. Ona bakmaya sadece k\u00f6pek gitti. Diego, Sar\u0131 Kedi\u2019nin yan\u0131ndan ayr\u0131lmad\u0131. Dino hep sessizdi. Sanki dilini kesmi\u015flerdi. Viva, kafas\u0131n\u0131 \u00e7evirip Kral\u2019a bile bakmad\u0131. V\u00fccudunu ka\u015f\u0131y\u0131p durdu. Her taraf\u0131 k\u0131zar\u0131kl\u0131klar i\u00e7inde kald\u0131. Sar\u0131 Kedi t\u0131rnaklar\u0131n\u0131 kanat\u0131p parampar\u00e7a yapana kadar yedi. Mevsim sonbahard\u0131, sonbahar\u0131 hepsi severdi. Buse uyurken birka\u00e7 kere \u201cvevevevev\u201d diye say\u0131klad\u0131.\u201d S\u00fcr\u00fckleyici, s\u0131ra d\u0131\u015f\u0131 ve \u015fa\u015f\u0131rt\u0131c\u0131 bir roman&#8230;<\/p>\n","protected":false},"excerpt":{"rendered":"<p>\u201cKarabasan bir ara \u00fcst kata \u00e7\u0131kt\u0131 ve bir daha inmedi. Sabaha kadar kendi kendine konu\u015fup durdu. A\u015fa\u011f\u0131ya gelen sesler anlams\u0131zd\u0131. Kral da \u00f6tekiler de onun \u00e7\u0131ld\u0131rd\u0131\u011f\u0131n\u0131<span class=\"excerpt-hellip\"> [\u2026]<\/span><\/p>\n","protected":false},"featured_media":0,"template":"","meta":{"_monsterinsights_skip_tracking":false,"_monsterinsights_sitenote_active":false,"_monsterinsights_sitenote_note":"","_monsterinsights_sitenote_category":0},"product_brand":[],"product_cat":[12291,12711],"product_tag":[],"class_list":{"0":"post-767384","1":"product","2":"type-product","3":"status-publish","5":"product_cat-edebiyat","6":"product_cat-roman-oyku","7":"pa_cilt-ciltsiz","8":"pa_tur-kitap","9":"pa_yayinevi-kuzey-isigi-yayinlari","10":"pa_yazar-gulsen-durak-unsal","12":"first","13":"instock","14":"sale","15":"shipping-taxable","16":"purchasable","17":"product-type-simple"},"_links":{"self":[{"href":"https:\/\/roveyayinevi.com.tr\/index.php\/wp-json\/wp\/v2\/product\/767384","targetHints":{"allow":["GET"]}}],"collection":[{"href":"https:\/\/roveyayinevi.com.tr\/index.php\/wp-json\/wp\/v2\/product"}],"about":[{"href":"https:\/\/roveyayinevi.com.tr\/index.php\/wp-json\/wp\/v2\/types\/product"}],"wp:attachment":[{"href":"https:\/\/roveyayinevi.com.tr\/index.php\/wp-json\/wp\/v2\/media?parent=767384"}],"wp:term":[{"taxonomy":"product_brand","embeddable":true,"href":"https:\/\/roveyayinevi.com.tr\/index.php\/wp-json\/wp\/v2\/product_brand?post=767384"},{"taxonomy":"product_cat","embeddable":true,"href":"https:\/\/roveyayinevi.com.tr\/index.php\/wp-json\/wp\/v2\/product_cat?post=767384"},{"taxonomy":"product_tag","embeddable":true,"href":"https:\/\/roveyayinevi.com.tr\/index.php\/wp-json\/wp\/v2\/product_tag?post=767384"}],"curies":[{"name":"wp","href":"https:\/\/api.w.org\/{rel}","templated":true}]}}