{"id":767382,"date":"2025-08-28T12:45:41","date_gmt":"2025-08-28T09:45:41","guid":{"rendered":"https:\/\/roveyayinevi.com.tr\/index.php\/urun\/turkiyede-devlet-vatandas-iliskisini-yeniden-sorgulamak\/"},"modified":"2026-01-29T04:03:38","modified_gmt":"2026-01-29T01:03:38","slug":"turkiyede-devlet-vatandas-iliskisini-yeniden-sorgulamak","status":"publish","type":"product","link":"https:\/\/roveyayinevi.com.tr\/index.php\/urun\/turkiyede-devlet-vatandas-iliskisini-yeniden-sorgulamak\/","title":{"rendered":"T\u00fcrkiye\u2019de Devlet-Vatanda\u015f \u0130li\u015fkisini Yeniden Sorgulamak"},"content":{"rendered":"<p>T\u00fcrkiye\u2019deki devlet gelene\u011fi ve vatanda\u015fl\u0131k pratikleri \u00fczerine kapsaml\u0131 bir analiz sunan bu eser, tarihsel bir perspektiften yola \u00e7\u0131karak T\u00fcrkiye\u2019de devlet-vatanda\u015f ili\u015fkisinin evrimi ve toplumun demokrasi ile modernle\u015fme s\u00fcrecinde ya\u015fad\u0131\u011f\u0131 zorluklar\u0131 ele al\u0131yor. Osmanl\u0131 \u0130mparatorlu\u011fu&#8217;ndan modern T\u00fcrkiye Cumhuriyeti&#8217;ne uzanan bu s\u00fcre\u00e7te, devletin merkeziyet\u00e7i yap\u0131s\u0131n\u0131n, patrimonyal y\u00f6netim anlay\u0131\u015f\u0131n\u0131n ve demokratikle\u015fme \u00e7abalar\u0131n\u0131n kar\u015f\u0131s\u0131ndaki engellerin nas\u0131l \u015fekillendi\u011fi detayland\u0131r\u0131l\u0131yor. \u0130ktidar\u0131n, toplum \u00fczerindeki etkisi, vatanda\u015fl\u0131k anlay\u0131\u015f\u0131ndaki de\u011fi\u015fim ve vatanda\u015flar\u0131n iktidarlar\u0131n y\u00f6netim anlay\u0131\u015f\u0131 kar\u015f\u0131s\u0131nda geli\u015ftirmi\u015f oldu\u011fu pratikler de titizlikle irdeleniyor. Bu \u00e7al\u0131\u015fma, devlet gelene\u011fi, vatanda\u015fl\u0131k pratikleri, demokrasi ve sivil alan\u0131n geli\u015fimi konular\u0131nda \u00e7\u00f6z\u00fcm \u00f6nerileri sunarak T\u00fcrkiye\u2019nin modernle\u015fme ve demokratikle\u015fme ser\u00fcvenini ele\u015ftirel bir g\u00f6zle de\u011ferlendiriyor. Akademisyenler, siyaset bilimciler ve toplumsal konulara ilgi duyan herkes i\u00e7in de\u011ferli bir kaynak niteli\u011fi ta\u015f\u0131yan bu eser, devlet-vatanda\u015f ili\u015fkilerinin gelece\u011fine \u0131\u015f\u0131k tutuyor&#8230; <\/p>\n","protected":false},"excerpt":{"rendered":"<p>T\u00fcrkiye\u2019deki devlet gelene\u011fi ve vatanda\u015fl\u0131k pratikleri \u00fczerine kapsaml\u0131 bir analiz sunan bu eser, tarihsel bir perspektiften yola \u00e7\u0131karak T\u00fcrkiye\u2019de devlet-vatanda\u015f ili\u015fkisinin evrimi ve toplumun demokrasi ile<span class=\"excerpt-hellip\"> [\u2026]<\/span><\/p>\n","protected":false},"featured_media":0,"template":"","meta":{"_monsterinsights_skip_tracking":false,"_monsterinsights_sitenote_active":false,"_monsterinsights_sitenote_note":"","_monsterinsights_sitenote_category":0},"product_brand":[],"product_cat":[12337],"product_tag":[],"class_list":{"0":"post-767382","1":"product","2":"type-product","3":"status-publish","5":"product_cat-politika-siyaset","6":"pa_cilt-ciltsiz","7":"pa_tur-kitap","8":"pa_yayinevi-utopya-yayinevi","9":"pa_yazar-omer-faruk-zararsiz","11":"first","12":"instock","13":"sale","14":"shipping-taxable","15":"purchasable","16":"product-type-simple"},"_links":{"self":[{"href":"https:\/\/roveyayinevi.com.tr\/index.php\/wp-json\/wp\/v2\/product\/767382","targetHints":{"allow":["GET"]}}],"collection":[{"href":"https:\/\/roveyayinevi.com.tr\/index.php\/wp-json\/wp\/v2\/product"}],"about":[{"href":"https:\/\/roveyayinevi.com.tr\/index.php\/wp-json\/wp\/v2\/types\/product"}],"wp:attachment":[{"href":"https:\/\/roveyayinevi.com.tr\/index.php\/wp-json\/wp\/v2\/media?parent=767382"}],"wp:term":[{"taxonomy":"product_brand","embeddable":true,"href":"https:\/\/roveyayinevi.com.tr\/index.php\/wp-json\/wp\/v2\/product_brand?post=767382"},{"taxonomy":"product_cat","embeddable":true,"href":"https:\/\/roveyayinevi.com.tr\/index.php\/wp-json\/wp\/v2\/product_cat?post=767382"},{"taxonomy":"product_tag","embeddable":true,"href":"https:\/\/roveyayinevi.com.tr\/index.php\/wp-json\/wp\/v2\/product_tag?post=767382"}],"curies":[{"name":"wp","href":"https:\/\/api.w.org\/{rel}","templated":true}]}}