{"id":767381,"date":"2025-08-28T12:45:39","date_gmt":"2025-08-28T09:45:39","guid":{"rendered":"https:\/\/roveyayinevi.com.tr\/index.php\/urun\/dezavantajli-gruplar-icin-halkla-iliskiler\/"},"modified":"2026-01-29T04:03:38","modified_gmt":"2026-01-29T01:03:38","slug":"dezavantajli-gruplar-icin-halkla-iliskiler","status":"publish","type":"product","link":"https:\/\/roveyayinevi.com.tr\/index.php\/urun\/dezavantajli-gruplar-icin-halkla-iliskiler\/","title":{"rendered":"Dezavantajl\u0131 Gruplar \u0130\u00e7in Halkla \u0130li\u015fkiler"},"content":{"rendered":"<p>\u2018Halkla ili\u015fkiler nedir?\u2019 \u2018Halkla ili\u015fkilerin tarihi, k\u00f6kenleri hangi d\u00f6nemlere kadar uzanabilir? \u2018Yaln\u0131zca k\u00e2r amac\u0131 g\u00fcden i\u015fletmelerle ilgili bir kavram m\u0131d\u0131r?\u2019 \u2018Halkla ili\u015fkiler, demokratik s\u00fcre\u00e7lere kat\u0131l\u0131m\u0131n bir arac\u0131 ve itici g\u00fcc\u00fc olarak toplumsal bir i\u015flev kazanabilir mi?\u2019 \u2018Yeni toplumsal hareketlerin \u00f6rg\u00fctlenme taktik ve stratejileri birer halkla ili\u015fkiler uygulamas\u0131 m\u0131d\u0131r?\u2019 \u2018Sava\u015flar, krizler, toplumsal \u00e7at\u0131\u015fmalar, hak arama m\u00fccadeleleri, dezavantajl\u0131 gruplar\u0131n kendi kimliklerini g\u00f6r\u00fcn\u00fcr k\u0131lma \u00e7abalar\u0131, halkla ili\u015fkilerin hareket alan\u0131 ve temel zemini olarak g\u00f6r\u00fclebilir mi?\u2019 Elinizdeki kitap bu ve benzer sorulara yan\u0131tlar arayan, bu yan\u0131tlar\u0131n \u00e7er\u00e7evesini uluslararas\u0131 literat\u00fcrde her ge\u00e7en g\u00fcn say\u0131s\u0131 artan \u00e7al\u0131\u015fmalardan yola \u00e7\u0131karak \u00e7izmeye \u00e7al\u0131\u015fan ve merkezine dezavantajl\u0131 gruplar\u0131 ve yeni medya olanaklar\u0131n\u0131 alan bir incelemedir. Halkla ili\u015fkiler alan\u0131na y\u00f6nelik bak\u0131\u015f a\u00e7\u0131s\u0131n\u0131 zenginle\u015ftirmesi ve alan\u0131n \u00fczeri \u00f6rt\u00fclen tarihsel\/toplumsal arka plan\u0131n\u0131 g\u00f6r\u00fcn\u00fcr k\u0131lmas\u0131 umuduyla\u2026 <\/p>\n","protected":false},"excerpt":{"rendered":"<p>\u2018Halkla ili\u015fkiler nedir?\u2019 \u2018Halkla ili\u015fkilerin tarihi, k\u00f6kenleri hangi d\u00f6nemlere kadar uzanabilir? \u2018Yaln\u0131zca k\u00e2r amac\u0131 g\u00fcden i\u015fletmelerle ilgili bir kavram m\u0131d\u0131r?\u2019 \u2018Halkla ili\u015fkiler, demokratik s\u00fcre\u00e7lere kat\u0131l\u0131m\u0131n bir<span class=\"excerpt-hellip\"> [\u2026]<\/span><\/p>\n","protected":false},"featured_media":0,"template":"","meta":{"_monsterinsights_skip_tracking":false,"_monsterinsights_sitenote_active":false,"_monsterinsights_sitenote_note":"","_monsterinsights_sitenote_category":0},"product_brand":[],"product_cat":[15983,13488],"product_tag":[],"class_list":{"0":"post-767381","1":"product","2":"type-product","3":"status-publish","5":"product_cat-iletisim-ve-medya","6":"product_cat-toplum-ve-insan","7":"pa_cilt-ciltsiz","8":"pa_tur-kitap","9":"pa_yayinevi-utopya-yayinevi","10":"pa_yazar-emrah-ayaslioglu","12":"first","13":"instock","14":"sale","15":"shipping-taxable","16":"purchasable","17":"product-type-simple"},"_links":{"self":[{"href":"https:\/\/roveyayinevi.com.tr\/index.php\/wp-json\/wp\/v2\/product\/767381","targetHints":{"allow":["GET"]}}],"collection":[{"href":"https:\/\/roveyayinevi.com.tr\/index.php\/wp-json\/wp\/v2\/product"}],"about":[{"href":"https:\/\/roveyayinevi.com.tr\/index.php\/wp-json\/wp\/v2\/types\/product"}],"wp:attachment":[{"href":"https:\/\/roveyayinevi.com.tr\/index.php\/wp-json\/wp\/v2\/media?parent=767381"}],"wp:term":[{"taxonomy":"product_brand","embeddable":true,"href":"https:\/\/roveyayinevi.com.tr\/index.php\/wp-json\/wp\/v2\/product_brand?post=767381"},{"taxonomy":"product_cat","embeddable":true,"href":"https:\/\/roveyayinevi.com.tr\/index.php\/wp-json\/wp\/v2\/product_cat?post=767381"},{"taxonomy":"product_tag","embeddable":true,"href":"https:\/\/roveyayinevi.com.tr\/index.php\/wp-json\/wp\/v2\/product_tag?post=767381"}],"curies":[{"name":"wp","href":"https:\/\/api.w.org\/{rel}","templated":true}]}}