{"id":767379,"date":"2025-08-28T12:45:35","date_gmt":"2025-08-28T09:45:35","guid":{"rendered":"https:\/\/roveyayinevi.com.tr\/index.php\/urun\/norvec-halk-masallari\/"},"modified":"2026-04-15T03:33:21","modified_gmt":"2026-04-15T00:33:21","slug":"norvec-halk-masallari","status":"publish","type":"product","link":"https:\/\/roveyayinevi.com.tr\/index.php\/urun\/norvec-halk-masallari\/","title":{"rendered":"Norve\u00e7 Halk Masallar\u0131"},"content":{"rendered":"<p>Norve\u00e7 Halk Masallar\u0131, iki masal hayran\u0131n\u0131n keyifli ke\u015fifleri sonucunda ortaya \u00e7\u0131km\u0131\u015f, kesinlikle sihir ve b\u00fcy\u00fc dolu bir eser. Devasa troller hem vah\u015fi hem de tuhaf bir \u015fekilde sevimliler. Karanl\u0131k ormanlarda hantalca ilerliyor ve da\u011flar\u0131n i\u00e7ine s\u0131\u011f\u0131n\u0131yorlar. Baz\u0131 troller b\u00f6\u011f\u00fcr\u00fcp k\u00fckrerken, baz\u0131lar\u0131 h\u0131rlay\u0131p s\u0131zlan\u0131yor. Kafa kopar\u0131yor, prensleri ta\u015fa \u00e7eviriyor ve insanlar\u0131 da\u011flara ka\u00e7\u0131r\u0131yorlar. Yine de hi\u00e7biri, bir seferde on iki tane bile olsa trol kafas\u0131 kesmekten \u00e7ekinmeyen cesur ve yarat\u0131c\u0131 K\u00fcl Delikanl\u0131 ile boy \u00f6l\u00e7\u00fc\u015femiyor. Moe\u2019nun ikinci bask\u0131ya yazd\u0131\u011f\u0131 giri\u015f yaz\u0131s\u0131nda belirtti\u011fi gibi, masallar\u0131n do\u011frudan ve ac\u0131mas\u0131z bir \u015fekilde anlat\u0131ld\u0131\u011f\u0131n\u0131 g\u00f6rebiliriz; bu, zalimlikten de\u011fil, safl\u0131k ve kurnazl\u0131ktan yoksunluktan kaynaklanan bir ifade bi\u00e7imidir. Her yerde, tek amac\u0131 g\u00f6zlemleme keyfi olan saf epik anlat\u0131m tarz\u0131n\u0131 ke\u015ffederiz. \u201c\u00c7ocuk odun \u00e7antas\u0131n\u0131 doldurduktan sonra eve do\u011fru yola koyulmu\u015f. Sonra a\u011fa\u00e7 k\u00fct\u00fcklerinin oldu\u011fu bir a\u00e7\u0131kl\u0131\u011fa gelmi\u015f. Orada \u015fekilsiz beyaz bir kaya g\u00f6rm\u00fc\u015f. \u201cAh, seni zavall\u0131 ya\u015fl\u0131 kaya. Ne kadar da beyaz ve solgunsun. \u00c7ok \u00fc\u015f\u00fcm\u00fc\u015f olmal\u0131s\u0131n!\u201d demi\u015f delikanl\u0131. Kaza\u011f\u0131n\u0131 \u00e7\u0131karm\u0131\u015f ve kayan\u0131n etraf\u0131na sarm\u0131\u015f.\u2019\u2019<\/p>\n","protected":false},"excerpt":{"rendered":"<p>Norve\u00e7 Halk Masallar\u0131, iki masal hayran\u0131n\u0131n keyifli ke\u015fifleri sonucunda ortaya \u00e7\u0131km\u0131\u015f, kesinlikle sihir ve b\u00fcy\u00fc dolu bir eser. Devasa troller hem vah\u015fi hem de tuhaf bir<span class=\"excerpt-hellip\"> [\u2026]<\/span><\/p>\n","protected":false},"featured_media":0,"template":"","meta":{"_monsterinsights_skip_tracking":false,"_monsterinsights_sitenote_active":false,"_monsterinsights_sitenote_note":"","_monsterinsights_sitenote_category":0},"product_brand":[],"product_cat":[12291,13706],"product_tag":[],"class_list":{"0":"post-767379","1":"product","2":"type-product","3":"status-publish","5":"product_cat-edebiyat","6":"product_cat-efsane-destan-masal","7":"pa_cilt-ciltsiz","8":"pa_tur-kitap","9":"pa_yayinevi-ganesa-yayinevi","10":"pa_yazar-kolektif","12":"first","13":"instock","14":"sale","15":"shipping-taxable","16":"purchasable","17":"product-type-simple"},"_links":{"self":[{"href":"https:\/\/roveyayinevi.com.tr\/index.php\/wp-json\/wp\/v2\/product\/767379","targetHints":{"allow":["GET"]}}],"collection":[{"href":"https:\/\/roveyayinevi.com.tr\/index.php\/wp-json\/wp\/v2\/product"}],"about":[{"href":"https:\/\/roveyayinevi.com.tr\/index.php\/wp-json\/wp\/v2\/types\/product"}],"wp:attachment":[{"href":"https:\/\/roveyayinevi.com.tr\/index.php\/wp-json\/wp\/v2\/media?parent=767379"}],"wp:term":[{"taxonomy":"product_brand","embeddable":true,"href":"https:\/\/roveyayinevi.com.tr\/index.php\/wp-json\/wp\/v2\/product_brand?post=767379"},{"taxonomy":"product_cat","embeddable":true,"href":"https:\/\/roveyayinevi.com.tr\/index.php\/wp-json\/wp\/v2\/product_cat?post=767379"},{"taxonomy":"product_tag","embeddable":true,"href":"https:\/\/roveyayinevi.com.tr\/index.php\/wp-json\/wp\/v2\/product_tag?post=767379"}],"curies":[{"name":"wp","href":"https:\/\/api.w.org\/{rel}","templated":true}]}}