{"id":767378,"date":"2025-08-28T12:45:33","date_gmt":"2025-08-28T09:45:33","guid":{"rendered":"https:\/\/roveyayinevi.com.tr\/index.php\/urun\/genclik-aski\/"},"modified":"2026-04-15T03:33:21","modified_gmt":"2026-04-15T00:33:21","slug":"genclik-aski","status":"publish","type":"product","link":"https:\/\/roveyayinevi.com.tr\/index.php\/urun\/genclik-aski\/","title":{"rendered":"Gen\u00e7lik A\u015fk\u0131"},"content":{"rendered":"<p>&#8220;A\u015fk!&#8230; \u00c7ocuklu\u011fumuzun masumiyeti i\u00e7inde, romanlarda ve hikayelerde ne oldu\u011funu bilmeden, \u00fczerinde d\u00fc\u015f\u00fcnmeden y\u00fczlerce kez okuda\u011fumuz kelime.. Sonra g\u00fcn gelir, etraf\u0131 titrek bir \u0131\u015f\u0131kla, gizemli bir par\u00fcn ve kutsal bir hale ile \u00e7evrelenir. Ellerimizle g\u00f6zlerimizi kapat\u0131p bu kelimeyi tekrarlad\u0131\u011f\u0131m\u0131zda, ciddi bir vakar \u00e7\u00fcker ruhumuza. Biraz merakl\u0131, biraz kayg\u0131l\u0131 bir \u015fekilde ve hem ruhumuzla hem de bedenimizle anlar\u0131z ki bu, \u00fc\u00e7 harfin h\u00fcz\u00fcnl\u00fc bir mutluluktur.&#8221; &#8220;Pontoppidan okudu\u011fumda g\u00f6zlerim fal ta\u015f\u0131 gibi a\u00e7\u0131l\u0131r. Onun konulara ve sorunlara farkl\u0131 a\u00e7\u0131lardan bakmas\u0131 ve karakterlerine kar\u015f\u0131 biri mesafeli di\u011feri dayguda\u015fl\u0131k i\u00e7eren iki farkl\u0131 t\u00fcrdeki yakla\u015f\u0131m\u0131 \u015fa\u015f\u0131rt\u0131r beni. Gen\u00e7lik A\u015fk\u0131 adl\u0131 eserinde i\u015fte tam da bu duyguda\u015fl\u0131\u011f\u0131 g\u00f6r\u00fcyoruz. Ve, a\u015fk! A\u015fk, sadece bir kelime de\u011fildir onun eserlerinde. San\u0131r\u0131m ge\u011firmenin bir a\u015fk itiraf\u0131 olarak anlat\u0131ld\u0131\u011f\u0131 bir ba\u015fka eser yoktur. Fakat bu hikayeyi anlatan Thyssen&#8217;in dudaklar\u0131nda bu kelime kula\u011fa \u00e7irkin ya da baya\u011f\u0131 bir ifadeye d\u00f6n\u00fc\u015fm\u00fcyor.&#8221;<\/p>\n","protected":false},"excerpt":{"rendered":"<p>&#8220;A\u015fk!&#8230; \u00c7ocuklu\u011fumuzun masumiyeti i\u00e7inde, romanlarda ve hikayelerde ne oldu\u011funu bilmeden, \u00fczerinde d\u00fc\u015f\u00fcnmeden y\u00fczlerce kez okuda\u011fumuz kelime.. Sonra g\u00fcn gelir, etraf\u0131 titrek bir \u0131\u015f\u0131kla, gizemli bir par\u00fcn<span class=\"excerpt-hellip\"> [\u2026]<\/span><\/p>\n","protected":false},"featured_media":0,"template":"","meta":{"_monsterinsights_skip_tracking":false,"_monsterinsights_sitenote_active":false,"_monsterinsights_sitenote_note":"","_monsterinsights_sitenote_category":0},"product_brand":[],"product_cat":[12291,12711],"product_tag":[],"class_list":{"0":"post-767378","1":"product","2":"type-product","3":"status-publish","5":"product_cat-edebiyat","6":"product_cat-roman-oyku","7":"pa_cilt-ciltsiz","8":"pa_tur-kitap","9":"pa_yayinevi-ganesa-yayinevi","10":"pa_yazar-henrik-pontoppidan","12":"first","13":"instock","14":"sale","15":"shipping-taxable","16":"purchasable","17":"product-type-simple"},"_links":{"self":[{"href":"https:\/\/roveyayinevi.com.tr\/index.php\/wp-json\/wp\/v2\/product\/767378","targetHints":{"allow":["GET"]}}],"collection":[{"href":"https:\/\/roveyayinevi.com.tr\/index.php\/wp-json\/wp\/v2\/product"}],"about":[{"href":"https:\/\/roveyayinevi.com.tr\/index.php\/wp-json\/wp\/v2\/types\/product"}],"wp:attachment":[{"href":"https:\/\/roveyayinevi.com.tr\/index.php\/wp-json\/wp\/v2\/media?parent=767378"}],"wp:term":[{"taxonomy":"product_brand","embeddable":true,"href":"https:\/\/roveyayinevi.com.tr\/index.php\/wp-json\/wp\/v2\/product_brand?post=767378"},{"taxonomy":"product_cat","embeddable":true,"href":"https:\/\/roveyayinevi.com.tr\/index.php\/wp-json\/wp\/v2\/product_cat?post=767378"},{"taxonomy":"product_tag","embeddable":true,"href":"https:\/\/roveyayinevi.com.tr\/index.php\/wp-json\/wp\/v2\/product_tag?post=767378"}],"curies":[{"name":"wp","href":"https:\/\/api.w.org\/{rel}","templated":true}]}}