{"id":767377,"date":"2025-08-28T12:45:32","date_gmt":"2025-08-28T09:45:32","guid":{"rendered":"https:\/\/roveyayinevi.com.tr\/index.php\/urun\/santa-muerte-latin-amerikada-olum-kultu\/"},"modified":"2026-04-15T03:33:21","modified_gmt":"2026-04-15T00:33:21","slug":"santa-muerte-latin-amerikada-olum-kultu","status":"publish","type":"product","link":"https:\/\/roveyayinevi.com.tr\/index.php\/urun\/santa-muerte-latin-amerikada-olum-kultu\/","title":{"rendered":"Santa Muerte: Latin Amerika&#8217;da \u00d6l\u00fcm K\u00fclt\u00fc"},"content":{"rendered":"<p>\u0130spanyollar\u0131n 1492 y\u0131l\u0131nda \u201cYeni D\u00fcnya\u201d ile kar\u015f\u0131la\u015fmalar\u0131 neticesinde ya\u015fanan k\u00fclt\u00fcrel\/din\u00ee geli\u015fmeler \u00e7er\u00e7evesinde b\u00f6lgedeki yerli gruplar, \u0130spanyollar taraf\u0131ndan dayat\u0131lan Katoliklik inanc\u0131 ile kendi gelenek ve inan\u00e7lar\u0131n\u0131 sentezlemek durumunda kald\u0131lar. B\u00f6ylelikle Latin Amerika din\u00ee manzaras\u0131nda melez g\u00f6r\u00fcnt\u00fcler ortaya \u00e7\u0131kt\u0131. Bu iki k\u00fclt\u00fcr\u00fcn birle\u015fmesi sonucu do\u011fan mestiza fig\u00fcrlerden biri de Santa Muerte. \u00d6l\u00fcm, Muerte kavram\u0131n\u0131 ki\u015file\u015ftirip bir nevi Azize, Santa stat\u00fcs\u00fcne yerle\u015ferek H\u0131ristiyan aleminde bilhassa 4. ve 6. y\u00fczy\u0131llar aras\u0131nda olduk\u00e7a yayg\u0131n olan \u201cAzizler k\u00fclt\u00fc\u201d d\u00f6nemi azizlerini hat\u0131rlatan bir fig\u00fcr haline gelen Santa Muerte\u2019ye inananlar\u0131n say\u0131s\u0131n\u0131n son on be\u015f y\u0131ll\u0131k d\u00f6nemde yaln\u0131z Meksika\u2019da on milyonlar\u0131 a\u015ft\u0131\u011f\u0131 tahmin edilmektedir. Santa Muerte\u2019nin k\u00f6kenleri ve ortaya \u00e7\u0131k\u0131\u015f ser\u00fcveninin yan\u0131 s\u0131ra karanl\u0131k ve gizli bir halk inan\u0131\u015f\u0131ndan art\u0131k herkes taraf\u0131ndan bilinen ve milyonlarca inan\u0131ra sahip bir din\u00ee olu\u015fum, tarikat ve hatta kimilerine g\u00f6re m\u00fcstakil yeni bir dine d\u00f6n\u00fc\u015f\u00fcm s\u00fcreci Latin Amerika dinleri uzman\u0131 Dr. Chesnut\u2019\u0131n elinizdeki bu de\u011ferli kitab\u0131yla kusursuzca ele al\u0131n\u0131yor. Santa Muerte, kocas\u0131 Mictlantecuhtli ile birlikte yeralt\u0131 d\u00fcnyas\u0131 Mictl\u00e1n\u2019\u0131 y\u00f6neten Aztek tanr\u0131\u00e7as\u0131 Mictecacihuatl\u2019dan m\u0131 esinlenilmi\u015ftir yoksa \u0130spanyol k\u00fclt\u00fcr\u00fcnde halihaz\u0131rda var olan \u00d6l\u00fcm Mele\u011fi La Parca\u2019dan m\u0131? Santa Muerte neden iskelet \u015feklinde tasvir edilir ve bu durumun Orta\u00e7a\u011f Avrupa n\u00fcfusunun \u00fc\u00e7te birinin can\u0131n\u0131 alan Kara Veba ile ili\u015fkisi nedir? \u00d6l\u00fcler G\u00fcn\u00fc\u2019n\u00fcn (D\u00eda de los muertos) Santa Muerte ile ilgisi var m\u0131d\u0131r? \u0130spanyol fethiyle birlikte yeralt\u0131na ve Katoliklikle kayna\u015fmaya s\u00fcr\u00fcklenen bu halk inan\u0131\u015f\u0131, bir quesadilla sat\u0131c\u0131s\u0131n\u0131n evden bozma tap\u0131na\u011f\u0131nda nas\u0131l milyonlarca ki\u015fiye ula\u015fabilmi\u015ftir? Kitapta cevab\u0131 aranan sorulardan yaln\u0131zca birka\u00e7 tanesi\u2026<\/p>\n","protected":false},"excerpt":{"rendered":"<p>\u0130spanyollar\u0131n 1492 y\u0131l\u0131nda \u201cYeni D\u00fcnya\u201d ile kar\u015f\u0131la\u015fmalar\u0131 neticesinde ya\u015fanan k\u00fclt\u00fcrel\/din\u00ee geli\u015fmeler \u00e7er\u00e7evesinde b\u00f6lgedeki yerli gruplar, \u0130spanyollar taraf\u0131ndan dayat\u0131lan Katoliklik inanc\u0131 ile kendi gelenek ve inan\u00e7lar\u0131n\u0131 sentezlemek<span class=\"excerpt-hellip\"> [\u2026]<\/span><\/p>\n","protected":false},"featured_media":0,"template":"","meta":{"_monsterinsights_skip_tracking":false,"_monsterinsights_sitenote_active":false,"_monsterinsights_sitenote_note":"","_monsterinsights_sitenote_category":0},"product_brand":[],"product_cat":[12718,16794],"product_tag":[],"class_list":{"0":"post-767377","1":"product","2":"type-product","3":"status-publish","5":"product_cat-din","6":"product_cat-dinler-tarihi","7":"pa_cilt-ciltsiz","8":"pa_tur-kitap","9":"pa_yayinevi-ganesa-yayinevi","10":"pa_yazar-r-andrew-chesnut","12":"first","13":"instock","14":"sale","15":"shipping-taxable","16":"purchasable","17":"product-type-simple"},"_links":{"self":[{"href":"https:\/\/roveyayinevi.com.tr\/index.php\/wp-json\/wp\/v2\/product\/767377","targetHints":{"allow":["GET"]}}],"collection":[{"href":"https:\/\/roveyayinevi.com.tr\/index.php\/wp-json\/wp\/v2\/product"}],"about":[{"href":"https:\/\/roveyayinevi.com.tr\/index.php\/wp-json\/wp\/v2\/types\/product"}],"wp:attachment":[{"href":"https:\/\/roveyayinevi.com.tr\/index.php\/wp-json\/wp\/v2\/media?parent=767377"}],"wp:term":[{"taxonomy":"product_brand","embeddable":true,"href":"https:\/\/roveyayinevi.com.tr\/index.php\/wp-json\/wp\/v2\/product_brand?post=767377"},{"taxonomy":"product_cat","embeddable":true,"href":"https:\/\/roveyayinevi.com.tr\/index.php\/wp-json\/wp\/v2\/product_cat?post=767377"},{"taxonomy":"product_tag","embeddable":true,"href":"https:\/\/roveyayinevi.com.tr\/index.php\/wp-json\/wp\/v2\/product_tag?post=767377"}],"curies":[{"name":"wp","href":"https:\/\/api.w.org\/{rel}","templated":true}]}}