{"id":767376,"date":"2025-08-28T12:45:30","date_gmt":"2025-08-28T09:45:30","guid":{"rendered":"https:\/\/roveyayinevi.com.tr\/index.php\/urun\/gulfenin-makamlari\/"},"modified":"2026-04-15T03:33:21","modified_gmt":"2026-04-15T00:33:21","slug":"gulfenin-makamlari","status":"publish","type":"product","link":"https:\/\/roveyayinevi.com.tr\/index.php\/urun\/gulfenin-makamlari\/","title":{"rendered":"Gulfenin Makamlar\u0131"},"content":{"rendered":"<p>Kelimeler, anlamlar\u0131yla kar\u015f\u0131la\u015fmak istediklerinde anlat\u0131 \u00fczerinde ifade edilebilen ve edilemeyen aras\u0131ndaki tart\u0131y\u0131 yeniden kurmak ister. Gulfenin Makamlar\u0131, ayn\u0131 anda hem dilden kovulman\u0131n hem de dili kovalaman\u0131n bi\u00e7imlerini ara\u015ft\u0131rarak s\u00f6ylemde kendine \u00f6zg\u00fc bir tansiyon icat ediyor. B\u00f6ylece, her okurun birden fazla okuma deneyimlemesine olanak sa\u011flayarak alternatif bir al\u0131mlama esteti\u011fi sunuyor. \u0130mgeleri duyup, sesleri izleyerek ge\u00e7ti\u011fi her yeri kendi ara\u00e7lar\u0131yla yeniden duyumsamay\u0131 teklif eden bu \u201cyazmak eylemi\u201d, tekinsiz buldu\u011fu \u015feylere yakla\u015fma cesareti g\u00f6sterenleri yeni bir dinlenme ve yorulmaya \u00e7a\u011f\u0131r\u0131yor.\u201c(\u2026) D\u00fcnyan\u0131n onlara dokunmaktan vazge\u00e7mi\u015f olmas\u0131 kadar b\u00fcy\u00fck fakirlik olamaz. En beter kir, sessizlik. Ate\u015fin g\u00f6lgesi ile ate\u015ften g\u00f6lgeye s\u00fcr\u00fcp giden k\u00f6t\u00fc terc\u00fcmeden kurtulmak i\u00e7in s\u0131rt s\u0131rta oynanan bir k\u00f6\u015fe kapmaca. (\u2026) Tek korku, sald\u0131rmas\u0131 beklenen mahl\u00fbk hi\u00e7bir \u015fey yapmadan ka\u00e7t\u0131\u011f\u0131nda korkudan korkulan korkudur. En b\u00fcy\u00fck g\u00fcnah, oyun arkada\u015f\u0131 aray\u0131p da bulamayan bir \u00e7ocuktan daha h\u00fcz\u00fcnl\u00fc olmakt\u0131r.\u201d\u201c(\u2026) \u015eu sabitledi\u011fin bak\u0131\u015f\u0131n\u0131 kefaretin olarak vermeye kalksan, hi\u00e7 ihtiyac\u0131 olmayan bir \u015feyden vazge\u00e7ti\u011fi i\u00e7in takdir bekleyen ilk \u015fey; tanr\u0131s\u0131na dar\u0131lm\u0131\u015f, af dileyen ilk insan sen olmazd\u0131n.\u201d\u201c(\u2026) Hen\u00fcz bir ismim yok fakat yine de bana seslenildi.\u201d<\/p>\n","protected":false},"excerpt":{"rendered":"<p>Kelimeler, anlamlar\u0131yla kar\u015f\u0131la\u015fmak istediklerinde anlat\u0131 \u00fczerinde ifade edilebilen ve edilemeyen aras\u0131ndaki tart\u0131y\u0131 yeniden kurmak ister. Gulfenin Makamlar\u0131, ayn\u0131 anda hem dilden kovulman\u0131n hem de dili kovalaman\u0131n<span class=\"excerpt-hellip\"> [\u2026]<\/span><\/p>\n","protected":false},"featured_media":0,"template":"","meta":{"_monsterinsights_skip_tracking":false,"_monsterinsights_sitenote_active":false,"_monsterinsights_sitenote_note":"","_monsterinsights_sitenote_category":0},"product_brand":[],"product_cat":[12777,12291],"product_tag":[],"class_list":{"0":"post-767376","1":"product","2":"type-product","3":"status-publish","5":"product_cat-deneme","6":"product_cat-edebiyat","7":"pa_cilt-ciltsiz","8":"pa_tur-kitap","9":"pa_yayinevi-ganesa-yayinevi","10":"pa_yazar-alperen-kartal","12":"first","13":"instock","14":"sale","15":"shipping-taxable","16":"purchasable","17":"product-type-simple"},"_links":{"self":[{"href":"https:\/\/roveyayinevi.com.tr\/index.php\/wp-json\/wp\/v2\/product\/767376","targetHints":{"allow":["GET"]}}],"collection":[{"href":"https:\/\/roveyayinevi.com.tr\/index.php\/wp-json\/wp\/v2\/product"}],"about":[{"href":"https:\/\/roveyayinevi.com.tr\/index.php\/wp-json\/wp\/v2\/types\/product"}],"wp:attachment":[{"href":"https:\/\/roveyayinevi.com.tr\/index.php\/wp-json\/wp\/v2\/media?parent=767376"}],"wp:term":[{"taxonomy":"product_brand","embeddable":true,"href":"https:\/\/roveyayinevi.com.tr\/index.php\/wp-json\/wp\/v2\/product_brand?post=767376"},{"taxonomy":"product_cat","embeddable":true,"href":"https:\/\/roveyayinevi.com.tr\/index.php\/wp-json\/wp\/v2\/product_cat?post=767376"},{"taxonomy":"product_tag","embeddable":true,"href":"https:\/\/roveyayinevi.com.tr\/index.php\/wp-json\/wp\/v2\/product_tag?post=767376"}],"curies":[{"name":"wp","href":"https:\/\/api.w.org\/{rel}","templated":true}]}}