{"id":767375,"date":"2025-08-28T12:45:28","date_gmt":"2025-08-28T09:45:28","guid":{"rendered":"https:\/\/roveyayinevi.com.tr\/index.php\/urun\/cainizm\/"},"modified":"2026-04-15T03:33:21","modified_gmt":"2026-04-15T00:33:21","slug":"cainizm","status":"publish","type":"product","link":"https:\/\/roveyayinevi.com.tr\/index.php\/urun\/cainizm\/","title":{"rendered":"Cainizm"},"content":{"rendered":"<p>Tarihi boyunca Buddhizmin bir mezhebi olarak d\u00fc\u015f\u00fcn\u00fclen Cainizm nihayet 19. y\u00fczy\u0131l\u0131n sonlar\u0131nda k\u00f6kleri Buddha ile neredeyse e\u015f zamanl\u0131 olan Mah\u0101v\u012bra\u2019ya dayanan apayr\u0131 bir din olarak kabul edildi. Fakat bu kabul bile bu din hakk\u0131nda fazla bir \u015fey s\u00f6ylemiyordu. Yazar Sinclair Stevenson Cainistlerle ge\u00e7irdi\u011fi sekiz y\u0131l\u0131n ard\u0131ndan bu gizemli kap\u0131y\u0131 merakl\u0131lar\u0131 i\u00e7in bu kitapta aral\u0131yor. Yazar\u0131n bu eserdeki amac\u0131 Cainizmin k\u00f6klerini ve tarih\u00e7esini incelemenin \u00f6tesinde y\u00fczy\u0131llar i\u00e7inde bu inan\u0131\u015f\u0131 niteleyen temel kavramlar\u0131n evrimini ortaya koymak ve bu \u015fekilde bug\u00fcn h\u00e2l\u00e2 inananlar\u0131n\u0131n say\u0131s\u0131 artarak devam eden bu dinin \u015fiddetli riyazetlerinden \u015fiddetsizlik ilkelerine var\u0131ncaya dek pek \u00e7ok y\u00f6n\u00fcyle bug\u00fcnk\u00fc ger\u00e7ekli\u011fini bizlere tan\u0131tmak.<\/p>\n","protected":false},"excerpt":{"rendered":"<p>Tarihi boyunca Buddhizmin bir mezhebi olarak d\u00fc\u015f\u00fcn\u00fclen Cainizm nihayet 19. y\u00fczy\u0131l\u0131n sonlar\u0131nda k\u00f6kleri Buddha ile neredeyse e\u015f zamanl\u0131 olan Mah\u0101v\u012bra\u2019ya dayanan apayr\u0131 bir din olarak kabul<span class=\"excerpt-hellip\"> [\u2026]<\/span><\/p>\n","protected":false},"featured_media":0,"template":"","meta":{"_monsterinsights_skip_tracking":false,"_monsterinsights_sitenote_active":false,"_monsterinsights_sitenote_note":"","_monsterinsights_sitenote_category":0},"product_brand":[],"product_cat":[12718,16794],"product_tag":[],"class_list":{"0":"post-767375","1":"product","2":"type-product","3":"status-publish","5":"product_cat-din","6":"product_cat-dinler-tarihi","7":"pa_cilt-ciltsiz","8":"pa_tur-kitap","9":"pa_yayinevi-ganesa-yayinevi","10":"pa_yazar-sinclair-stevenson","12":"first","13":"instock","14":"sale","15":"shipping-taxable","16":"purchasable","17":"product-type-simple"},"_links":{"self":[{"href":"https:\/\/roveyayinevi.com.tr\/index.php\/wp-json\/wp\/v2\/product\/767375","targetHints":{"allow":["GET"]}}],"collection":[{"href":"https:\/\/roveyayinevi.com.tr\/index.php\/wp-json\/wp\/v2\/product"}],"about":[{"href":"https:\/\/roveyayinevi.com.tr\/index.php\/wp-json\/wp\/v2\/types\/product"}],"wp:attachment":[{"href":"https:\/\/roveyayinevi.com.tr\/index.php\/wp-json\/wp\/v2\/media?parent=767375"}],"wp:term":[{"taxonomy":"product_brand","embeddable":true,"href":"https:\/\/roveyayinevi.com.tr\/index.php\/wp-json\/wp\/v2\/product_brand?post=767375"},{"taxonomy":"product_cat","embeddable":true,"href":"https:\/\/roveyayinevi.com.tr\/index.php\/wp-json\/wp\/v2\/product_cat?post=767375"},{"taxonomy":"product_tag","embeddable":true,"href":"https:\/\/roveyayinevi.com.tr\/index.php\/wp-json\/wp\/v2\/product_tag?post=767375"}],"curies":[{"name":"wp","href":"https:\/\/api.w.org\/{rel}","templated":true}]}}