{"id":767374,"date":"2025-08-28T12:45:27","date_gmt":"2025-08-28T09:45:27","guid":{"rendered":"https:\/\/roveyayinevi.com.tr\/index.php\/urun\/bhakti-yoga-hindistanda-ask-ogretisi\/"},"modified":"2026-04-15T03:33:21","modified_gmt":"2026-04-15T00:33:21","slug":"bhakti-yoga-hindistanda-ask-ogretisi","status":"publish","type":"product","link":"https:\/\/roveyayinevi.com.tr\/index.php\/urun\/bhakti-yoga-hindistanda-ask-ogretisi\/","title":{"rendered":"Bhakti Yoga: Hindistan&#8217;da A\u015fk \u00d6\u011fretisi"},"content":{"rendered":"<p>Bhakti Yoga, Hindistan&#8217;daki bir\u00e7ok \u00f6\u011fretiden biridir ve Tanr\u0131 Vi\u1e63\u1e47u etraf\u0131nda \u015fekillenmi\u015ftir. Bu \u00f6\u011freti, Do\u011fu&#8217;dan ve Bat\u0131&#8217;dan bir\u00e7ok ara\u015ft\u0131rmac\u0131n\u0131n ilgisini \u00e7ekse de bu ara\u015ft\u0131rmac\u0131lar baz\u0131 nedenlerden \u00f6t\u00fcr\u00fc onun ortaya \u00e7\u0131k\u0131\u015f\u0131 ve geli\u015fimi ile ilgili birbirinden farkl\u0131 sonu\u00e7lara ula\u015fm\u0131\u015ft\u0131r. \u00c7o\u011funlukla g\u00f6z ard\u0131 edilmesine kar\u015f\u0131n Bhakti Yoga, modern tarih anlay\u0131\u015f\u0131n\u0131n \u00e7ok \u00f6tesine uzanan bir ge\u00e7mi\u015ften g\u00fcn\u00fcm\u00fcze kadar uzanm\u0131\u015ft\u0131r. Bhakti \u00f6\u011fretisinin temelinde sevginin g\u00fc\u00e7lenmesi ve ilahi a\u015fka d\u00f6n\u00fc\u015fmesi yatt\u0131\u011f\u0131ndan, Tasavvuf ile bir\u00e7ok benzerlik ta\u015f\u0131maktad\u0131r. Fakat Bhakti Yoga Hindistan&#8217;da b\u00fcy\u00fcy\u00fcp geli\u015fti\u011finden \u00e7ok daha ta\u015fk\u0131n ve latif bir \u015fekil al\u0131p bir\u00e7ok bi\u00e7ime girmi\u015ftir, zira bu co\u011frafya son derece g\u00fc\u00e7l\u00fc bir ezoterik birikime sahiptir. Bhakti Yoga-Hindistan\u2019da A\u015fk \u00d6\u011fretisi\u2019nde Hindistan gibi her y\u00f6n\u00fc ile karma\u015f\u0131k bir co\u011frafyada ilahi a\u015fkla bezenmi\u015f ezoterik bir \u00f6\u011fretinin ser\u00fcveni sergileniyor. \u0100\u1e3bv\u0101rlar\u2019dan \u00c7aitanya\u2019ya kadar uzanan Hint ezoterizminin \u00f6nemli isimlerinin Bhakti Yoga\u2019y\u0131 nas\u0131l ele ald\u0131klar\u0131n\u0131n izinin s\u00fcr\u00fclece\u011fi bu kitapta Bhakti Yoga&#8217;y\u0131 ke\u015ffederken Hindistan ve \u00f6zelde Hinduizm&#8217;in nas\u0131l bir i\u015fleyi\u015fi oldu\u011funu ve s\u0131n\u0131rlar\u0131n\u0131n ya da daha do\u011fru bir tabirle s\u0131n\u0131rs\u0131zl\u0131\u011f\u0131n\u0131n nerelere ula\u015fabildi\u011fini deneyimleyeceksiniz.<\/p>\n","protected":false},"excerpt":{"rendered":"<p>Bhakti Yoga, Hindistan&#8217;daki bir\u00e7ok \u00f6\u011fretiden biridir ve Tanr\u0131 Vi\u1e63\u1e47u etraf\u0131nda \u015fekillenmi\u015ftir. Bu \u00f6\u011freti, Do\u011fu&#8217;dan ve Bat\u0131&#8217;dan bir\u00e7ok ara\u015ft\u0131rmac\u0131n\u0131n ilgisini \u00e7ekse de bu ara\u015ft\u0131rmac\u0131lar baz\u0131 nedenlerden \u00f6t\u00fcr\u00fc<span class=\"excerpt-hellip\"> [\u2026]<\/span><\/p>\n","protected":false},"featured_media":0,"template":"","meta":{"_monsterinsights_skip_tracking":false,"_monsterinsights_sitenote_active":false,"_monsterinsights_sitenote_note":"","_monsterinsights_sitenote_category":0},"product_brand":[],"product_cat":[12718,16794],"product_tag":[],"class_list":{"0":"post-767374","1":"product","2":"type-product","3":"status-publish","5":"product_cat-din","6":"product_cat-dinler-tarihi","7":"pa_cilt-ciltsiz","8":"pa_tur-kitap","9":"pa_yayinevi-ganesa-yayinevi","10":"pa_yazar-kutalmis-fidan","12":"first","13":"instock","14":"sale","15":"shipping-taxable","16":"purchasable","17":"product-type-simple"},"_links":{"self":[{"href":"https:\/\/roveyayinevi.com.tr\/index.php\/wp-json\/wp\/v2\/product\/767374","targetHints":{"allow":["GET"]}}],"collection":[{"href":"https:\/\/roveyayinevi.com.tr\/index.php\/wp-json\/wp\/v2\/product"}],"about":[{"href":"https:\/\/roveyayinevi.com.tr\/index.php\/wp-json\/wp\/v2\/types\/product"}],"wp:attachment":[{"href":"https:\/\/roveyayinevi.com.tr\/index.php\/wp-json\/wp\/v2\/media?parent=767374"}],"wp:term":[{"taxonomy":"product_brand","embeddable":true,"href":"https:\/\/roveyayinevi.com.tr\/index.php\/wp-json\/wp\/v2\/product_brand?post=767374"},{"taxonomy":"product_cat","embeddable":true,"href":"https:\/\/roveyayinevi.com.tr\/index.php\/wp-json\/wp\/v2\/product_cat?post=767374"},{"taxonomy":"product_tag","embeddable":true,"href":"https:\/\/roveyayinevi.com.tr\/index.php\/wp-json\/wp\/v2\/product_tag?post=767374"}],"curies":[{"name":"wp","href":"https:\/\/api.w.org\/{rel}","templated":true}]}}